{"id":31353,"date":"2023-12-19T22:15:56","date_gmt":"2023-12-19T22:15:56","guid":{"rendered":"https:\/\/e.kosmolat.eu\/product\/tt-active-balzams-pec-skusanas-norm-adai-75-ml\/"},"modified":"2025-09-20T02:08:50","modified_gmt":"2025-09-20T02:08:50","slug":"tt-active-balzams-pec-skusanas-norm-adai-75-ml","status":"publish","type":"product","link":"https:\/\/e.kosmolat.eu\/lv\/product\/tt-active-balzams-pec-skusanas-norm-adai-75-ml\/","title":{"rendered":"TT Active Balzams p\u0113c sk\u016b\u0161an\u0101s norm.\u0101dai, 75 ml"},"content":{"rendered":"<p>Balzama sast\u0101v\u0101 eso&scaron;\u0101s sast\u0101vda\u013cas mitrina un toniz\u0113 \u0101du. Pal\u012bdz atjaunot \u0101das dabisko svaigumu un elast\u012bbu.<\/p>\n<p><strong>Lieto&scaron;ana: <\/strong>nelielu l\u012bdzek\u013ca daudzumu uzkl\u0101t uz plaukst\u0101m un tad uz att\u012br\u012btas un tikko nosk\u016btas sejas \u0101das.<br \/>\n&nbsp;<\/p>\n","protected":false},"excerpt":{"rendered":"<p>Balzama sast\u0101v\u0101 eso&scaron;\u0101s sast\u0101vda\u013cas mitrina un toniz\u0113 \u0101du. Pal\u012bdz atjaunot \u0101das dabisko svaigumu un elast\u012bbu. Lieto&scaron;ana: nelielu l\u012bdzek\u013ca daudzumu uzkl\u0101t uz plaukst\u0101m un tad uz att\u012br\u012btas un tikko nosk\u016btas sejas \u0101das. &nbsp;<\/p>\n","protected":false},"featured_media":89678,"template":"","meta":[],"product_cat":[1680],"product_tag":[],"class_list":{"0":"post-31353","1":"product","2":"type-product","3":"status-publish","4":"has-post-thumbnail","6":"product_brand-rubella-bg","7":"product_cat-skusanas-kosmetika","9":"first","10":"outofstock","11":"taxable","12":"shipping-taxable","13":"product-type-simple"},"_links":{"self":[{"href":"https:\/\/e.kosmolat.eu\/lv\/wp-json\/wp\/v2\/product\/31353","targetHints":{"allow":["GET"]}}],"collection":[{"href":"https:\/\/e.kosmolat.eu\/lv\/wp-json\/wp\/v2\/product"}],"about":[{"href":"https:\/\/e.kosmolat.eu\/lv\/wp-json\/wp\/v2\/types\/product"}],"wp:featuredmedia":[{"embeddable":true,"href":"https:\/\/e.kosmolat.eu\/lv\/wp-json\/wp\/v2\/media\/89678"}],"wp:attachment":[{"href":"https:\/\/e.kosmolat.eu\/lv\/wp-json\/wp\/v2\/media?parent=31353"}],"wp:term":[{"taxonomy":"product_cat","embeddable":true,"href":"https:\/\/e.kosmolat.eu\/lv\/wp-json\/wp\/v2\/product_cat?post=31353"},{"taxonomy":"product_tag","embeddable":true,"href":"https:\/\/e.kosmolat.eu\/lv\/wp-json\/wp\/v2\/product_tag?post=31353"}],"curies":[{"name":"wp","href":"https:\/\/api.w.org\/{rel}","templated":true}]}}