{"id":31349,"date":"2023-12-19T22:15:30","date_gmt":"2023-12-19T22:15:30","guid":{"rendered":"https:\/\/e.kosmolat.eu\/product\/deba-nb-soothing-micel-udens-saus-un-jut-adai-500-ml\/"},"modified":"2026-04-23T09:38:18","modified_gmt":"2026-04-23T09:38:18","slug":"deba-nb-soothing-micel-udens-saus-un-jut-adai-500-ml","status":"publish","type":"product","link":"https:\/\/e.kosmolat.eu\/lv\/product\/deba-nb-soothing-micel-udens-saus-un-jut-adai-500-ml\/","title":{"rendered":"DeBa NB Soothing Micel.\u016bdens saus.un jut.\u0101dai, 500 ml"},"content":{"rendered":"<p>Efekt\u012bvi no\u0146em dekorat\u012bvo kosm\u0113tiku un att\u012bra net\u012brumus, putek\u013cus un lieko sebumu, nomierinot sejas, acu un kakla \u0101du. Nekairina un nesausina \u0101du, pie&scaron;\u0137ir \u013coti maigu smalku arom\u0101tu. \u012apa&scaron;i piem\u0113rots sausai, jut\u012bgai un kairin\u0101tai \u0101dai.&nbsp;<\/p>\n<p><strong>Akt\u012bv\u0101s sast\u0101vda\u013cas:<\/strong> organisk\u0101s alvejas ekstrakts &ndash; dzi\u013ci mitrina un m\u012bkstina sejas un kakla \u0101du, pasarg\u0101jot to no turpm\u0101kas p\u0101r\u017e\u016b&scaron;anas. Kokosriekstu \u016bdens nodro&scaron;ina mitrino&scaron;u, atjaunojo&scaron;u un nomierino&scaron;u iedarb\u012bbu.<\/p>\n<p><strong>Lieto&scaron;ana: <\/strong>not\u012briet sejas, acu un kakla \u0101du ar vates disku, kas samitrin\u0101ts ar nelielu daudzumu l\u012bdzek\u013ca. Izvairieties no berz\u0113&scaron;anas, lai aizsarg\u0101tu maigo acu \u0101du.<br \/>\n&nbsp;<\/p>\n","protected":false},"excerpt":{"rendered":"<p>Efekt\u012bvi no\u0146em dekorat\u012bvo kosm\u0113tiku un att\u012bra net\u012brumus, putek\u013cus un lieko sebumu, nomierinot sejas, acu un kakla \u0101du. Nekairina un nesausina \u0101du, pie&scaron;\u0137ir \u013coti maigu smalku arom\u0101tu. \u012apa&scaron;i piem\u0113rots sausai, jut\u012bgai un kairin\u0101tai \u0101dai.&nbsp; Akt\u012bv\u0101s sast\u0101vda\u013cas: organisk\u0101s alvejas ekstrakts &ndash; dzi\u013ci mitrina un m\u012bkstina sejas un kakla \u0101du, pasarg\u0101jot to no turpm\u0101kas p\u0101r\u017e\u016b&scaron;anas. Kokosriekstu \u016bdens nodro&scaron;ina [&#8230;]\n","protected":false},"featured_media":89674,"template":"","meta":[],"product_cat":[1569],"product_tag":[],"class_list":{"0":"post-31349","1":"product","2":"type-product","3":"status-publish","4":"has-post-thumbnail","6":"product_brand-rubella-bg","7":"product_cat-1569","9":"first","10":"instock","11":"taxable","12":"shipping-taxable","13":"product-type-simple"},"_links":{"self":[{"href":"https:\/\/e.kosmolat.eu\/lv\/wp-json\/wp\/v2\/product\/31349","targetHints":{"allow":["GET"]}}],"collection":[{"href":"https:\/\/e.kosmolat.eu\/lv\/wp-json\/wp\/v2\/product"}],"about":[{"href":"https:\/\/e.kosmolat.eu\/lv\/wp-json\/wp\/v2\/types\/product"}],"wp:featuredmedia":[{"embeddable":true,"href":"https:\/\/e.kosmolat.eu\/lv\/wp-json\/wp\/v2\/media\/89674"}],"wp:attachment":[{"href":"https:\/\/e.kosmolat.eu\/lv\/wp-json\/wp\/v2\/media?parent=31349"}],"wp:term":[{"taxonomy":"product_cat","embeddable":true,"href":"https:\/\/e.kosmolat.eu\/lv\/wp-json\/wp\/v2\/product_cat?post=31349"},{"taxonomy":"product_tag","embeddable":true,"href":"https:\/\/e.kosmolat.eu\/lv\/wp-json\/wp\/v2\/product_tag?post=31349"}],"curies":[{"name":"wp","href":"https:\/\/api.w.org\/{rel}","templated":true}]}}