{"id":31345,"date":"2023-12-19T22:15:08","date_gmt":"2023-12-19T22:15:08","guid":{"rendered":"https:\/\/e.kosmolat.eu\/product\/deba-nb-refreshing-attiross-pienins-visiem-adas-tipiem-500-ml\/"},"modified":"2026-04-22T13:22:25","modified_gmt":"2026-04-22T13:22:25","slug":"deba-nb-refreshing-attiross-pienins-visiem-adas-tipiem-500-ml","status":"publish","type":"product","link":"https:\/\/e.kosmolat.eu\/lv\/product\/deba-nb-refreshing-attiross-pienins-visiem-adas-tipiem-500-ml\/","title":{"rendered":"DeBa NB Refreshing Att\u012bro\u0161s pieni\u0146\u0161 visiem \u0101das tipiem, 500 ml"},"content":{"rendered":"<p>Maiga kr\u0113mveida tekst\u016bra efekt\u012bvi no\u0146em kosm\u0113tiku un att\u012bra net\u012brumus, putek\u013cus un lieko sebumu, barojot un m\u012bkstinot sejas, acu un kakla \u0101du. Produktam ir \u012bpa&scaron;a viegla un netaukaina tekst\u016bra un \u013coti maigs, smalks arom\u0101ts.<\/p>\n<p><strong>Akt\u012bv\u0101s sast\u0101vda\u013cas:<\/strong> organiskais gran\u0101t\u0101bola ekstrakts, kas bag\u0101ts ar C vitam\u012bnu, d\u0101v\u0101 ener\u0123iju \u0101dai, aizsarg\u0101 to no apk\u0101rt\u0113j\u0101s vides kait\u012bg\u0101s ietekmes. Organiskajam ro\u017e\u016bdenim piem\u012bt sp\u0113c\u012bga nomierino&scaron;a un antioksidanta iedarb\u012bba.<\/p>\n<p><strong>Lieto&scaron;ana:<\/strong> not\u012briet seju, acis un kaklu ar vates disku, kas samitrin\u0101ts ar nelielu daudzumu pieni\u0146a. Izvairieties no berz\u0113&scaron;anas, lai aizsarg\u0101tu maigo acu \u0101du.<br \/>\n&nbsp;<\/p>\n","protected":false},"excerpt":{"rendered":"<p>Maiga kr\u0113mveida tekst\u016bra efekt\u012bvi no\u0146em kosm\u0113tiku un att\u012bra net\u012brumus, putek\u013cus un lieko sebumu, barojot un m\u012bkstinot sejas, acu un kakla \u0101du. Produktam ir \u012bpa&scaron;a viegla un netaukaina tekst\u016bra un \u013coti maigs, smalks arom\u0101ts. Akt\u012bv\u0101s sast\u0101vda\u013cas: organiskais gran\u0101t\u0101bola ekstrakts, kas bag\u0101ts ar C vitam\u012bnu, d\u0101v\u0101 ener\u0123iju \u0101dai, aizsarg\u0101 to no apk\u0101rt\u0113j\u0101s vides kait\u012bg\u0101s ietekmes. Organiskajam ro\u017e\u016bdenim [&#8230;]\n","protected":false},"featured_media":89670,"template":"","meta":[],"product_cat":[2182],"product_tag":[],"class_list":{"0":"post-31345","1":"product","2":"type-product","3":"status-publish","4":"has-post-thumbnail","6":"product_brand-rubella-bg","7":"product_cat-bez-kategorijas-ru","9":"first","10":"instock","11":"taxable","12":"shipping-taxable","13":"product-type-simple"},"_links":{"self":[{"href":"https:\/\/e.kosmolat.eu\/lv\/wp-json\/wp\/v2\/product\/31345","targetHints":{"allow":["GET"]}}],"collection":[{"href":"https:\/\/e.kosmolat.eu\/lv\/wp-json\/wp\/v2\/product"}],"about":[{"href":"https:\/\/e.kosmolat.eu\/lv\/wp-json\/wp\/v2\/types\/product"}],"wp:featuredmedia":[{"embeddable":true,"href":"https:\/\/e.kosmolat.eu\/lv\/wp-json\/wp\/v2\/media\/89670"}],"wp:attachment":[{"href":"https:\/\/e.kosmolat.eu\/lv\/wp-json\/wp\/v2\/media?parent=31345"}],"wp:term":[{"taxonomy":"product_cat","embeddable":true,"href":"https:\/\/e.kosmolat.eu\/lv\/wp-json\/wp\/v2\/product_cat?post=31345"},{"taxonomy":"product_tag","embeddable":true,"href":"https:\/\/e.kosmolat.eu\/lv\/wp-json\/wp\/v2\/product_tag?post=31345"}],"curies":[{"name":"wp","href":"https:\/\/api.w.org\/{rel}","templated":true}]}}