{"id":31341,"date":"2023-12-19T22:14:45","date_gmt":"2023-12-19T22:14:45","guid":{"rendered":"https:\/\/e.kosmolat.eu\/product\/deba-nb-soothing-attir-pien-saus-un-jut-adai-500-ml\/"},"modified":"2026-04-22T13:22:10","modified_gmt":"2026-04-22T13:22:10","slug":"deba-nb-soothing-attir-pien-saus-un-jut-adai-500-ml","status":"publish","type":"product","link":"https:\/\/e.kosmolat.eu\/lv\/product\/deba-nb-soothing-attir-pien-saus-un-jut-adai-500-ml\/","title":{"rendered":"DeBa NB Soothing Att\u012br.pien.saus.un jut.\u0101dai, 500 ml"},"content":{"rendered":"<p>Maiga kr\u0113mveida tekst\u016bra efekt\u012bvi no\u0146em kosm\u0113tiku un att\u012bra net\u012brumus, putek\u013cus un lieko sebumu. Produktam ir \u012bpa&scaron;a viegla un netaukaina tekst\u016bra un \u013coti maigs, smalks arom\u0101ts. &nbsp;\u012apa&scaron;i piem\u0113rots sausai, jut\u012bgai un kairin\u0101tai \u0101dai.<\/p>\n<p><strong>Akt\u012bv\u0101s sast\u0101vda\u013cas: <\/strong>organisk\u0101s alvejas ekstrakts &ndash; dzi\u013ci mitrina un m\u012bkstina sejas un kakla \u0101du, pasarg\u0101jot to no turpm\u0101kas p\u0101r\u017e\u016b&scaron;anas. Kokosriekstu \u016bdens nodro&scaron;ina mitrino&scaron;u, atjaunojo&scaron;u un nomierino&scaron;u iedarb\u012bbu.<\/p>\n<p><strong>Lieto&scaron;ana:<\/strong> not\u012briet seju, acis un kaklu ar vates disku, kas samitrin\u0101ts ar nelielu daudzumu pieni\u0146a. Izvairieties no berz\u0113&scaron;anas, lai aizsarg\u0101tu maigo acu \u0101du.<br \/>\n&nbsp;<\/p>\n","protected":false},"excerpt":{"rendered":"<p>Maiga kr\u0113mveida tekst\u016bra efekt\u012bvi no\u0146em kosm\u0113tiku un att\u012bra net\u012brumus, putek\u013cus un lieko sebumu. Produktam ir \u012bpa&scaron;a viegla un netaukaina tekst\u016bra un \u013coti maigs, smalks arom\u0101ts. &nbsp;\u012apa&scaron;i piem\u0113rots sausai, jut\u012bgai un kairin\u0101tai \u0101dai. Akt\u012bv\u0101s sast\u0101vda\u013cas: organisk\u0101s alvejas ekstrakts &ndash; dzi\u013ci mitrina un m\u012bkstina sejas un kakla \u0101du, pasarg\u0101jot to no turpm\u0101kas p\u0101r\u017e\u016b&scaron;anas. Kokosriekstu \u016bdens nodro&scaron;ina mitrino&scaron;u, [&#8230;]\n","protected":false},"featured_media":89666,"template":"","meta":[],"product_cat":[2182],"product_tag":[],"class_list":{"0":"post-31341","1":"product","2":"type-product","3":"status-publish","4":"has-post-thumbnail","6":"product_brand-rubella-bg","7":"product_cat-bez-kategorijas-ru","9":"first","10":"instock","11":"taxable","12":"shipping-taxable","13":"product-type-simple"},"_links":{"self":[{"href":"https:\/\/e.kosmolat.eu\/lv\/wp-json\/wp\/v2\/product\/31341","targetHints":{"allow":["GET"]}}],"collection":[{"href":"https:\/\/e.kosmolat.eu\/lv\/wp-json\/wp\/v2\/product"}],"about":[{"href":"https:\/\/e.kosmolat.eu\/lv\/wp-json\/wp\/v2\/types\/product"}],"wp:featuredmedia":[{"embeddable":true,"href":"https:\/\/e.kosmolat.eu\/lv\/wp-json\/wp\/v2\/media\/89666"}],"wp:attachment":[{"href":"https:\/\/e.kosmolat.eu\/lv\/wp-json\/wp\/v2\/media?parent=31341"}],"wp:term":[{"taxonomy":"product_cat","embeddable":true,"href":"https:\/\/e.kosmolat.eu\/lv\/wp-json\/wp\/v2\/product_cat?post=31341"},{"taxonomy":"product_tag","embeddable":true,"href":"https:\/\/e.kosmolat.eu\/lv\/wp-json\/wp\/v2\/product_tag?post=31341"}],"curies":[{"name":"wp","href":"https:\/\/api.w.org\/{rel}","templated":true}]}}