{"id":31337,"date":"2023-12-19T22:14:22","date_gmt":"2023-12-19T22:14:22","guid":{"rendered":"https:\/\/e.kosmolat.eu\/product\/pomorin-parodontit-active-mutes-skalos-lidz-500-ml\/"},"modified":"2026-04-01T07:55:55","modified_gmt":"2026-04-01T07:55:55","slug":"pomorin-parodontit-active-mutes-skalos-lidz-500-ml","status":"publish","type":"product","link":"https:\/\/e.kosmolat.eu\/lv\/product\/pomorin-parodontit-active-mutes-skalos-lidz-500-ml\/","title":{"rendered":"Pomorin Parodontit Active Mutes skalo\u0161.l\u012bdz., 500 ml"},"content":{"rendered":"<p>Nesatur spirtu. Satur dab\u012bgu ar miner\u0101lviel\u0101m un mikroelementiem bag\u0101tu Pomori ezera s\u0101rmu, kas nodro&scaron;ina smaganu un zobu dabisku aizsardz\u012bbu. Regul\u0101ra lieto&scaron;ana uzlabo zobu un smaganu visp\u0101r\u0113jo st\u0101vokli, mazina gingiv\u012bta un parodont\u012bta simptomus.<\/p>\n<p><strong>Lieto&scaron;ana:<\/strong> intens\u012bvi skalojiet muti 30-40 sekundes. Lietojiet no r\u012bta un vakar\u0101 p\u0113c zobu t\u012br\u012b&scaron;anas.<\/p>\n<p><strong>Uzman\u012bbu:<\/strong> satur n\u0101trija fluor\u012bdu, 0,023%, kas apr\u0113\u0137in\u0101ti k\u0101 F. Nenor\u012bt. Nelietot b\u0113rniem l\u012bdz 7 gadu vecumam. Sarg\u0101t no b\u0113rniem. Pirms lieto&scaron;anas pudel\u012bti sakrat\u012bt.<br \/>\n&nbsp;<\/p>\n","protected":false},"excerpt":{"rendered":"<p>Nesatur spirtu. Satur dab\u012bgu ar miner\u0101lviel\u0101m un mikroelementiem bag\u0101tu Pomori ezera s\u0101rmu, kas nodro&scaron;ina smaganu un zobu dabisku aizsardz\u012bbu. Regul\u0101ra lieto&scaron;ana uzlabo zobu un smaganu visp\u0101r\u0113jo st\u0101vokli, mazina gingiv\u012bta un parodont\u012bta simptomus. Lieto&scaron;ana: intens\u012bvi skalojiet muti 30-40 sekundes. Lietojiet no r\u012bta un vakar\u0101 p\u0113c zobu t\u012br\u012b&scaron;anas. Uzman\u012bbu: satur n\u0101trija fluor\u012bdu, 0,023%, kas apr\u0113\u0137in\u0101ti k\u0101 F. [&#8230;]\n","protected":false},"featured_media":89662,"template":"","meta":[],"product_cat":[1313],"product_tag":[],"class_list":{"0":"post-31337","1":"product","2":"type-product","3":"status-publish","4":"has-post-thumbnail","6":"product_brand-danhson_bg","7":"product_cat-burnos-skalavimo-priemones","9":"first","10":"instock","11":"taxable","12":"shipping-taxable","13":"product-type-simple"},"_links":{"self":[{"href":"https:\/\/e.kosmolat.eu\/lv\/wp-json\/wp\/v2\/product\/31337","targetHints":{"allow":["GET"]}}],"collection":[{"href":"https:\/\/e.kosmolat.eu\/lv\/wp-json\/wp\/v2\/product"}],"about":[{"href":"https:\/\/e.kosmolat.eu\/lv\/wp-json\/wp\/v2\/types\/product"}],"wp:featuredmedia":[{"embeddable":true,"href":"https:\/\/e.kosmolat.eu\/lv\/wp-json\/wp\/v2\/media\/89662"}],"wp:attachment":[{"href":"https:\/\/e.kosmolat.eu\/lv\/wp-json\/wp\/v2\/media?parent=31337"}],"wp:term":[{"taxonomy":"product_cat","embeddable":true,"href":"https:\/\/e.kosmolat.eu\/lv\/wp-json\/wp\/v2\/product_cat?post=31337"},{"taxonomy":"product_tag","embeddable":true,"href":"https:\/\/e.kosmolat.eu\/lv\/wp-json\/wp\/v2\/product_tag?post=31337"}],"curies":[{"name":"wp","href":"https:\/\/api.w.org\/{rel}","templated":true}]}}