{"id":31329,"date":"2023-12-19T22:13:42","date_gmt":"2023-12-19T22:13:42","guid":{"rendered":"https:\/\/e.kosmolat.eu\/product\/pomorin-active-charcoal-zobu-pasta-100-ml\/"},"modified":"2026-04-22T13:58:02","modified_gmt":"2026-04-22T13:58:02","slug":"pomorin-active-charcoal-zobu-pasta-100-ml","status":"publish","type":"product","link":"https:\/\/e.kosmolat.eu\/lv\/product\/pomorin-active-charcoal-zobu-pasta-100-ml\/","title":{"rendered":"Pomorin Active Charcoal Zobu pasta, 100 ml"},"content":{"rendered":"<p>Satur Pomori ezera s\u0101rmu &ndash; dab\u012bgu produktu, kas satur vair\u0101k nek\u0101 35 v\u0113rt\u012bgu miner\u0101lvielu, mikroa\u013c\u0123u ekstraktus, vitam\u012bnus, fermentus, biostimulantus un hlorofilu. Zobu pasta ir &nbsp;nomierino&scaron;\u0101 s\u0101rma un akt\u012bv\u0101s ogles kombin\u0101cija, kurai piem\u012bt sp\u0113ja absorb\u0113t toks\u012bnus mut\u0113, no\u0146emt traipus no zobiem un dabiski balin\u0101t, neboj\u0101jot emalju. Regul\u0101ra zobu pastas lieto&scaron;ana uzlabo zobu un smaganu visp\u0101r\u0113jo st\u0101vokli, stiprina zobu emalju un mazina gingiv\u012bta un parodont\u012bta simptomus.<\/p>\n<p><strong>Lieto&scaron;ana: <\/strong>lai nodro&scaron;in\u0101tu zobu un smaganu vesel\u012bbu, zobu pastu lietot regul\u0101ri, vismaz divas reizes dien\u0101, t\u012brot 2-3 min\u016btes ar atbilsto&scaron;u zobu birsti.<\/p>\n<p><strong>Br\u012bdin\u0101jums: <\/strong>Satur n\u0101trija fluor\u012bdu 0,145%, kas apr\u0113\u0137in\u0101ti k\u0101 F.&nbsp;<\/p>\n<p>L\u012bdzeklis piem\u0113rots pieaugu&scaron;ajiem un b\u0113rniem, kas vec\u0101ki par 7 gadiem. Piem\u0113rots veg\u0101niem.<\/p>\n<p>Uzglab\u0101t saus\u0101 viet\u0101 temperat\u016br\u0101 no +5 &deg;C l\u012bdz +25 &deg;C.<br \/>\n&nbsp;<\/p>\n","protected":false},"excerpt":{"rendered":"<p>Satur Pomori ezera s\u0101rmu &ndash; dab\u012bgu produktu, kas satur vair\u0101k nek\u0101 35 v\u0113rt\u012bgu miner\u0101lvielu, mikroa\u013c\u0123u ekstraktus, vitam\u012bnus, fermentus, biostimulantus un hlorofilu. Zobu pasta ir &nbsp;nomierino&scaron;\u0101 s\u0101rma un akt\u012bv\u0101s ogles kombin\u0101cija, kurai piem\u012bt sp\u0113ja absorb\u0113t toks\u012bnus mut\u0113, no\u0146emt traipus no zobiem un dabiski balin\u0101t, neboj\u0101jot emalju. Regul\u0101ra zobu pastas lieto&scaron;ana uzlabo zobu un smaganu visp\u0101r\u0113jo st\u0101vokli, [&#8230;]\n","protected":false},"featured_media":89702,"template":"","meta":[],"product_cat":[2181],"product_tag":[],"class_list":{"0":"post-31329","1":"product","2":"type-product","3":"status-publish","4":"has-post-thumbnail","6":"product_brand-danhson_bg","7":"product_cat-bez-kategorijas-lt","9":"first","10":"instock","11":"taxable","12":"shipping-taxable","13":"product-type-simple"},"_links":{"self":[{"href":"https:\/\/e.kosmolat.eu\/lv\/wp-json\/wp\/v2\/product\/31329","targetHints":{"allow":["GET"]}}],"collection":[{"href":"https:\/\/e.kosmolat.eu\/lv\/wp-json\/wp\/v2\/product"}],"about":[{"href":"https:\/\/e.kosmolat.eu\/lv\/wp-json\/wp\/v2\/types\/product"}],"wp:featuredmedia":[{"embeddable":true,"href":"https:\/\/e.kosmolat.eu\/lv\/wp-json\/wp\/v2\/media\/89702"}],"wp:attachment":[{"href":"https:\/\/e.kosmolat.eu\/lv\/wp-json\/wp\/v2\/media?parent=31329"}],"wp:term":[{"taxonomy":"product_cat","embeddable":true,"href":"https:\/\/e.kosmolat.eu\/lv\/wp-json\/wp\/v2\/product_cat?post=31329"},{"taxonomy":"product_tag","embeddable":true,"href":"https:\/\/e.kosmolat.eu\/lv\/wp-json\/wp\/v2\/product_tag?post=31329"}],"curies":[{"name":"wp","href":"https:\/\/api.w.org\/{rel}","templated":true}]}}