{"id":31325,"date":"2023-12-19T22:13:24","date_gmt":"2023-12-19T22:13:24","guid":{"rendered":"https:\/\/e.kosmolat.eu\/product\/pomorin-parodontit-active-zobu-pasta-100-ml\/"},"modified":"2026-04-23T13:20:16","modified_gmt":"2026-04-23T13:20:16","slug":"pomorin-parodontit-active-zobu-pasta-100-ml","status":"publish","type":"product","link":"https:\/\/e.kosmolat.eu\/lv\/product\/pomorin-parodontit-active-zobu-pasta-100-ml\/","title":{"rendered":"Pomorin Parodontit Active Zobu pasta, 100 ml"},"content":{"rendered":"<p>Satur Pomori ezera s\u0101rmu &ndash; dab\u012bgu produktu, kas satur vair\u0101k nek\u0101 35 v\u0113rt\u012bgu miner\u0101lvielu, mikroa\u013c\u0123u ekstraktus, vitam\u012bnus, fermentus, biostimulantus un hlorofilu. Tam ir nomierino&scaron;a iedarb\u012bba, pal\u012bdz nov\u0113rst smaganu asi\u0146o&scaron;anu, aizsarg\u0101 mutes g\u013cot\u0101du no iekaisumiem, nom\u0101c siekal\u0101s eso&scaron;\u0101s bakt\u0113rijas, kas izraisa iekaisumus, k\u0101 ar\u012b nodro&scaron;ina efekt\u012bvu gingiv\u012bta un parodont\u012bta profilaksi.<\/p>\n<p><strong>Lieto&scaron;ana: <\/strong>lai nodro&scaron;in\u0101tu zobu un smaganu vesel\u012bbu, zobu pastu lietot regul\u0101ri, vismaz divas reizes dien\u0101, t\u012brot 2-3 min\u016btes ar atbilsto&scaron;u zobu birsti. L\u012bdzeklis piem\u0113rots pieaugu&scaron;ajiem un b\u0113rniem, kas vec\u0101ki par 7 gadiem. Piem\u0113rots veg\u0101niem.<\/p>\n<p>Uzglab\u0101t saus\u0101 viet\u0101 temperat\u016br\u0101 no +5&deg;C l\u012bdz +25&deg;C.<br \/>\n&nbsp;<\/p>\n","protected":false},"excerpt":{"rendered":"<p>Satur Pomori ezera s\u0101rmu &ndash; dab\u012bgu produktu, kas satur vair\u0101k nek\u0101 35 v\u0113rt\u012bgu miner\u0101lvielu, mikroa\u013c\u0123u ekstraktus, vitam\u012bnus, fermentus, biostimulantus un hlorofilu. Tam ir nomierino&scaron;a iedarb\u012bba, pal\u012bdz nov\u0113rst smaganu asi\u0146o&scaron;anu, aizsarg\u0101 mutes g\u013cot\u0101du no iekaisumiem, nom\u0101c siekal\u0101s eso&scaron;\u0101s bakt\u0113rijas, kas izraisa iekaisumus, k\u0101 ar\u012b nodro&scaron;ina efekt\u012bvu gingiv\u012bta un parodont\u012bta profilaksi. Lieto&scaron;ana: lai nodro&scaron;in\u0101tu zobu un smaganu [&#8230;]\n","protected":false},"featured_media":89698,"template":"","meta":[],"product_cat":[1308],"product_tag":[],"class_list":{"0":"post-31325","1":"product","2":"type-product","3":"status-publish","4":"has-post-thumbnail","6":"product_brand-danhson_bg","7":"product_cat-dantu-pastos-ir-geliai","9":"first","10":"instock","11":"taxable","12":"shipping-taxable","13":"product-type-simple"},"_links":{"self":[{"href":"https:\/\/e.kosmolat.eu\/lv\/wp-json\/wp\/v2\/product\/31325","targetHints":{"allow":["GET"]}}],"collection":[{"href":"https:\/\/e.kosmolat.eu\/lv\/wp-json\/wp\/v2\/product"}],"about":[{"href":"https:\/\/e.kosmolat.eu\/lv\/wp-json\/wp\/v2\/types\/product"}],"wp:featuredmedia":[{"embeddable":true,"href":"https:\/\/e.kosmolat.eu\/lv\/wp-json\/wp\/v2\/media\/89698"}],"wp:attachment":[{"href":"https:\/\/e.kosmolat.eu\/lv\/wp-json\/wp\/v2\/media?parent=31325"}],"wp:term":[{"taxonomy":"product_cat","embeddable":true,"href":"https:\/\/e.kosmolat.eu\/lv\/wp-json\/wp\/v2\/product_cat?post=31325"},{"taxonomy":"product_tag","embeddable":true,"href":"https:\/\/e.kosmolat.eu\/lv\/wp-json\/wp\/v2\/product_tag?post=31325"}],"curies":[{"name":"wp","href":"https:\/\/api.w.org\/{rel}","templated":true}]}}