{"id":31321,"date":"2023-12-19T22:13:03","date_gmt":"2023-12-19T22:13:03","guid":{"rendered":"https:\/\/e.kosmolat.eu\/product\/pomorin-whitening-formula-zobu-pasta-100-ml\/"},"modified":"2026-04-22T13:57:33","modified_gmt":"2026-04-22T13:57:33","slug":"pomorin-whitening-formula-zobu-pasta-100-ml","status":"publish","type":"product","link":"https:\/\/e.kosmolat.eu\/lv\/product\/pomorin-whitening-formula-zobu-pasta-100-ml\/","title":{"rendered":"Pomorin Whitening Formula Zobu pasta, 100 ml"},"content":{"rendered":"<p>Zobu pasta, kas bag\u0101tin\u0101ta ar j\u016bras s\u0101\u013ciem, maigi att\u012bra aplikumu, samazina traipu un aplikuma veido&scaron;anos. Regul\u0101ri lietojot, pal\u012bdz uztur\u0113t labu higi\u0113nu un nodro&scaron;in\u0101t efekt\u012bvu zobu un smaganu profilaksi.<\/p>\n<p><strong>Lieto&scaron;ana:<\/strong> lai nodro&scaron;in\u0101tu zobu un smaganu vesel\u012bbu, zobu pastu lietot regul\u0101ri, vismaz divas reizes dien\u0101, t\u012brot 2-3 min\u016btes ar atbilsto&scaron;u zobu birsti.<\/p>\n<p><strong>Br\u012bdin\u0101jums: <\/strong>Satur n\u0101trija monofluorfosf\u0101tu 0,145%, kas apr\u0113\u0137in\u0101ti k\u0101 F.&nbsp;L\u012bdzeklis piem\u0113rots pieaugu&scaron;ajiem un b\u0113rniem, kas vec\u0101ki par 7 gadiem. Piem\u0113rots veg\u0101niem.<\/p>\n<p>Uzglab\u0101t saus\u0101 viet\u0101 temperat\u016br\u0101 no +5&deg;C l\u012bdz +25&deg;C.<br \/>\n&nbsp;<\/p>\n","protected":false},"excerpt":{"rendered":"<p>Zobu pasta, kas bag\u0101tin\u0101ta ar j\u016bras s\u0101\u013ciem, maigi att\u012bra aplikumu, samazina traipu un aplikuma veido&scaron;anos. Regul\u0101ri lietojot, pal\u012bdz uztur\u0113t labu higi\u0113nu un nodro&scaron;in\u0101t efekt\u012bvu zobu un smaganu profilaksi. Lieto&scaron;ana: lai nodro&scaron;in\u0101tu zobu un smaganu vesel\u012bbu, zobu pastu lietot regul\u0101ri, vismaz divas reizes dien\u0101, t\u012brot 2-3 min\u016btes ar atbilsto&scaron;u zobu birsti. Br\u012bdin\u0101jums: Satur n\u0101trija monofluorfosf\u0101tu 0,145%, [&#8230;]\n","protected":false},"featured_media":89694,"template":"","meta":[],"product_cat":[2181],"product_tag":[],"class_list":{"0":"post-31321","1":"product","2":"type-product","3":"status-publish","4":"has-post-thumbnail","6":"product_brand-danhson_bg","7":"product_cat-bez-kategorijas-lt","9":"first","10":"instock","11":"taxable","12":"shipping-taxable","13":"product-type-simple"},"_links":{"self":[{"href":"https:\/\/e.kosmolat.eu\/lv\/wp-json\/wp\/v2\/product\/31321","targetHints":{"allow":["GET"]}}],"collection":[{"href":"https:\/\/e.kosmolat.eu\/lv\/wp-json\/wp\/v2\/product"}],"about":[{"href":"https:\/\/e.kosmolat.eu\/lv\/wp-json\/wp\/v2\/types\/product"}],"wp:featuredmedia":[{"embeddable":true,"href":"https:\/\/e.kosmolat.eu\/lv\/wp-json\/wp\/v2\/media\/89694"}],"wp:attachment":[{"href":"https:\/\/e.kosmolat.eu\/lv\/wp-json\/wp\/v2\/media?parent=31321"}],"wp:term":[{"taxonomy":"product_cat","embeddable":true,"href":"https:\/\/e.kosmolat.eu\/lv\/wp-json\/wp\/v2\/product_cat?post=31321"},{"taxonomy":"product_tag","embeddable":true,"href":"https:\/\/e.kosmolat.eu\/lv\/wp-json\/wp\/v2\/product_tag?post=31321"}],"curies":[{"name":"wp","href":"https:\/\/api.w.org\/{rel}","templated":true}]}}