{"id":31317,"date":"2023-12-19T22:12:45","date_gmt":"2023-12-19T22:12:45","guid":{"rendered":"https:\/\/e.kosmolat.eu\/product\/pomorin-classic-zobu-pasta-100-ml\/"},"modified":"2026-04-22T13:57:19","modified_gmt":"2026-04-22T13:57:19","slug":"pomorin-classic-zobu-pasta-100-ml","status":"publish","type":"product","link":"https:\/\/e.kosmolat.eu\/lv\/product\/pomorin-classic-zobu-pasta-100-ml\/","title":{"rendered":"Pomorin Classic Zobu pasta, 100 ml"},"content":{"rendered":"<p>Zobu pastas kompleks\u0101 formula satur j\u016bras s\u0101\u013cus, kas ir dab\u012bgs miner\u0101lvielu un mikroelementu avots un dabiski att\u012bra mutes dobumu, uzlabojot visp\u0101r\u0113jo smaganu un zobu st\u0101vokli. Regul\u0101ra zobu pastas lieto&scaron;ana mazina aplikuma veido&scaron;anos un pie&scaron;\u0137ir svaiguma un t\u012br\u012bbas saj\u016btu.<\/p>\n<p><strong>Lieto&scaron;ana: <\/strong>lai nodro&scaron;in\u0101tu zobu un smaganu vesel\u012bbu,&nbsp;zobu pastu lietot regul\u0101ri, vismaz divas reizes dien\u0101, t\u012brot 2-3 min\u016btes ar atbilsto&scaron;u zobu birsti. L\u012bdzeklis piem\u0113rots pieaugu&scaron;ajiem un b\u0113rniem, kas vec\u0101ki par 7 gadiem. Piem\u0113rots veg\u0101niem.<\/p>\n<p>Uzglab\u0101t saus\u0101 viet\u0101 temperat\u016br\u0101 no +5 &deg;C l\u012bdz +25 &deg;C.<br \/>\n&nbsp;<\/p>\n","protected":false},"excerpt":{"rendered":"<p>Zobu pastas kompleks\u0101 formula satur j\u016bras s\u0101\u013cus, kas ir dab\u012bgs miner\u0101lvielu un mikroelementu avots un dabiski att\u012bra mutes dobumu, uzlabojot visp\u0101r\u0113jo smaganu un zobu st\u0101vokli. Regul\u0101ra zobu pastas lieto&scaron;ana mazina aplikuma veido&scaron;anos un pie&scaron;\u0137ir svaiguma un t\u012br\u012bbas saj\u016btu. Lieto&scaron;ana: lai nodro&scaron;in\u0101tu zobu un smaganu vesel\u012bbu,&nbsp;zobu pastu lietot regul\u0101ri, vismaz divas reizes dien\u0101, t\u012brot 2-3 min\u016btes [&#8230;]\n","protected":false},"featured_media":88830,"template":"","meta":[],"product_cat":[2181],"product_tag":[],"class_list":{"0":"post-31317","1":"product","2":"type-product","3":"status-publish","4":"has-post-thumbnail","6":"product_brand-danhson_bg","7":"product_cat-bez-kategorijas-lt","9":"first","10":"instock","11":"taxable","12":"shipping-taxable","13":"product-type-simple"},"_links":{"self":[{"href":"https:\/\/e.kosmolat.eu\/lv\/wp-json\/wp\/v2\/product\/31317","targetHints":{"allow":["GET"]}}],"collection":[{"href":"https:\/\/e.kosmolat.eu\/lv\/wp-json\/wp\/v2\/product"}],"about":[{"href":"https:\/\/e.kosmolat.eu\/lv\/wp-json\/wp\/v2\/types\/product"}],"wp:featuredmedia":[{"embeddable":true,"href":"https:\/\/e.kosmolat.eu\/lv\/wp-json\/wp\/v2\/media\/88830"}],"wp:attachment":[{"href":"https:\/\/e.kosmolat.eu\/lv\/wp-json\/wp\/v2\/media?parent=31317"}],"wp:term":[{"taxonomy":"product_cat","embeddable":true,"href":"https:\/\/e.kosmolat.eu\/lv\/wp-json\/wp\/v2\/product_cat?post=31317"},{"taxonomy":"product_tag","embeddable":true,"href":"https:\/\/e.kosmolat.eu\/lv\/wp-json\/wp\/v2\/product_tag?post=31317"}],"curies":[{"name":"wp","href":"https:\/\/api.w.org\/{rel}","templated":true}]}}