{"id":31313,"date":"2023-12-19T22:12:24","date_gmt":"2023-12-19T22:12:24","guid":{"rendered":"https:\/\/e.kosmolat.eu\/product\/grand-sarm-tualetes-ziepes-abolu-sapni-5x70-g\/"},"modified":"2026-04-21T12:13:59","modified_gmt":"2026-04-21T12:13:59","slug":"grand-sarm-tualetes-ziepes-abolu-sapni-5x70-g","status":"publish","type":"product","link":"https:\/\/e.kosmolat.eu\/lv\/product\/grand-sarm-tualetes-ziepes-abolu-sapni-5x70-g\/","title":{"rendered":"Grand \u0160arm Tualetes ziepes \u0100bolu sap\u0146i, 5&#215;70 g"},"content":{"rendered":"<p>Roku un \u0137erme\u0146a higi\u0113nai. Tikai \u0101r\u012bgai lieto&scaron;anai.<\/p>\n<p><strong>Der\u012bguma termi\u0146&scaron;:<\/strong> 3 gadi no izgatavo&scaron;anas datuma.&nbsp;<\/p>\n<p>Uzglab\u0101t saus\u0101, sl\u0113gt\u0101, labi v\u0113din\u0101m\u0101 telp\u0101 temperat\u016br\u0101, ne zem\u0101k\u0101 par -5 &deg;C, un pie relat\u012bv\u0101 gaisa mitruma, kas nep\u0101rsniedz 75%.<br \/>\n&nbsp;<\/p>\n","protected":false},"excerpt":{"rendered":"<p>Roku un \u0137erme\u0146a higi\u0113nai. Tikai \u0101r\u012bgai lieto&scaron;anai. Der\u012bguma termi\u0146&scaron;: 3 gadi no izgatavo&scaron;anas datuma.&nbsp; Uzglab\u0101t saus\u0101, sl\u0113gt\u0101, labi v\u0113din\u0101m\u0101 telp\u0101 temperat\u016br\u0101, ne zem\u0101k\u0101 par -5 &deg;C, un pie relat\u012bv\u0101 gaisa mitruma, kas nep\u0101rsniedz 75%. &nbsp;<\/p>\n","protected":false},"featured_media":88814,"template":"","meta":[],"product_cat":[2181],"product_tag":[],"class_list":{"0":"post-31313","1":"product","2":"type-product","3":"status-publish","4":"has-post-thumbnail","6":"product_brand-fmt-ua","7":"product_cat-bez-kategorijas-lt","9":"first","10":"instock","11":"taxable","12":"shipping-taxable","13":"product-type-simple"},"_links":{"self":[{"href":"https:\/\/e.kosmolat.eu\/lv\/wp-json\/wp\/v2\/product\/31313","targetHints":{"allow":["GET"]}}],"collection":[{"href":"https:\/\/e.kosmolat.eu\/lv\/wp-json\/wp\/v2\/product"}],"about":[{"href":"https:\/\/e.kosmolat.eu\/lv\/wp-json\/wp\/v2\/types\/product"}],"wp:featuredmedia":[{"embeddable":true,"href":"https:\/\/e.kosmolat.eu\/lv\/wp-json\/wp\/v2\/media\/88814"}],"wp:attachment":[{"href":"https:\/\/e.kosmolat.eu\/lv\/wp-json\/wp\/v2\/media?parent=31313"}],"wp:term":[{"taxonomy":"product_cat","embeddable":true,"href":"https:\/\/e.kosmolat.eu\/lv\/wp-json\/wp\/v2\/product_cat?post=31313"},{"taxonomy":"product_tag","embeddable":true,"href":"https:\/\/e.kosmolat.eu\/lv\/wp-json\/wp\/v2\/product_tag?post=31313"}],"curies":[{"name":"wp","href":"https:\/\/api.w.org\/{rel}","templated":true}]}}