{"id":31305,"date":"2023-12-19T22:11:47","date_gmt":"2023-12-19T22:11:47","guid":{"rendered":"https:\/\/e.kosmolat.eu\/product\/grand-sarm-tualetes-ziepes-liepziedi-un-akacija-5x70-g\/"},"modified":"2026-04-01T07:55:19","modified_gmt":"2026-04-01T07:55:19","slug":"grand-sarm-tualetes-ziepes-liepziedi-un-akacija-5x70-g","status":"publish","type":"product","link":"https:\/\/e.kosmolat.eu\/lv\/product\/grand-sarm-tualetes-ziepes-liepziedi-un-akacija-5x70-g\/","title":{"rendered":"Grand \u0160arm Tualetes ziepes Liepziedi un ak\u0101cija, 5&#215;70 g"},"content":{"rendered":"<p>Roku un \u0137erme\u0146a higi\u0113nai. Tikai \u0101r\u012bgai lieto&scaron;anai.<\/p>\n<p><strong>Der\u012bguma termi\u0146&scaron;: <\/strong>3 gadi no izgatavo&scaron;anas datuma.&nbsp;<\/p>\n<p>Uzglab\u0101t saus\u0101, sl\u0113gt\u0101, labi v\u0113din\u0101m\u0101 telp\u0101 temperat\u016br\u0101, ne zem\u0101k\u0101 par -5 &deg;C, un pie relat\u012bv\u0101 gaisa mitruma, kas nep\u0101rsniedz 75%.<br \/>\n&nbsp;<\/p>\n","protected":false},"excerpt":{"rendered":"<p>Roku un \u0137erme\u0146a higi\u0113nai. Tikai \u0101r\u012bgai lieto&scaron;anai. Der\u012bguma termi\u0146&scaron;: 3 gadi no izgatavo&scaron;anas datuma.&nbsp; Uzglab\u0101t saus\u0101, sl\u0113gt\u0101, labi v\u0113din\u0101m\u0101 telp\u0101 temperat\u016br\u0101, ne zem\u0101k\u0101 par -5 &deg;C, un pie relat\u012bv\u0101 gaisa mitruma, kas nep\u0101rsniedz 75%. &nbsp;<\/p>\n","protected":false},"featured_media":88806,"template":"","meta":[],"product_cat":[1607],"product_tag":[],"class_list":{"0":"post-31305","1":"product","2":"type-product","3":"status-publish","4":"has-post-thumbnail","6":"product_brand-fmt-ua","7":"product_cat-ziepes","9":"first","10":"instock","11":"taxable","12":"shipping-taxable","13":"product-type-simple"},"_links":{"self":[{"href":"https:\/\/e.kosmolat.eu\/lv\/wp-json\/wp\/v2\/product\/31305","targetHints":{"allow":["GET"]}}],"collection":[{"href":"https:\/\/e.kosmolat.eu\/lv\/wp-json\/wp\/v2\/product"}],"about":[{"href":"https:\/\/e.kosmolat.eu\/lv\/wp-json\/wp\/v2\/types\/product"}],"wp:featuredmedia":[{"embeddable":true,"href":"https:\/\/e.kosmolat.eu\/lv\/wp-json\/wp\/v2\/media\/88806"}],"wp:attachment":[{"href":"https:\/\/e.kosmolat.eu\/lv\/wp-json\/wp\/v2\/media?parent=31305"}],"wp:term":[{"taxonomy":"product_cat","embeddable":true,"href":"https:\/\/e.kosmolat.eu\/lv\/wp-json\/wp\/v2\/product_cat?post=31305"},{"taxonomy":"product_tag","embeddable":true,"href":"https:\/\/e.kosmolat.eu\/lv\/wp-json\/wp\/v2\/product_tag?post=31305"}],"curies":[{"name":"wp","href":"https:\/\/api.w.org\/{rel}","templated":true}]}}