{"id":31297,"date":"2023-12-19T22:11:11","date_gmt":"2023-12-19T22:11:11","guid":{"rendered":"https:\/\/e.kosmolat.eu\/product\/spkrug-kaju-krems-balzams-venovital-100-ml\/"},"modified":"2026-04-23T07:16:36","modified_gmt":"2026-04-23T07:16:36","slug":"spkrug-kaju-krems-balzams-venovital-100-ml","status":"publish","type":"product","link":"https:\/\/e.kosmolat.eu\/lv\/product\/spkrug-kaju-krems-balzams-venovital-100-ml\/","title":{"rendered":"SpKrug K\u0101ju kr\u0113ms-balzams Venovital, 100 ml"},"content":{"rendered":"<p>Kosm\u0113tisks l\u012bdzeklis k\u0101ju \u0101dai, kas satur zirgkasta\u0146as, divdaivu ginka, burvju lazdas ekstraktus un trokserut\u012bnu.<\/p>\n<p><strong>Lieto&scaron;ana:<\/strong> uzkl\u0101t uz t\u012bras un sausas \u0101das.<\/p>\n<p>Uzglab\u0101t temperat\u016br\u0101 no +2 &deg;C l\u012bdz +25 &deg;C.<br \/>\n&nbsp;<\/p>\n","protected":false},"excerpt":{"rendered":"<p>Kosm\u0113tisks l\u012bdzeklis k\u0101ju \u0101dai, kas satur zirgkasta\u0146as, divdaivu ginka, burvju lazdas ekstraktus un trokserut\u012bnu. Lieto&scaron;ana: uzkl\u0101t uz t\u012bras un sausas \u0101das. Uzglab\u0101t temperat\u016br\u0101 no +2 &deg;C l\u012bdz +25 &deg;C. &nbsp;<\/p>\n","protected":false},"featured_media":88798,"template":"","meta":[],"product_cat":[1762],"product_tag":[],"class_list":{"0":"post-31297","1":"product","2":"type-product","3":"status-publish","4":"has-post-thumbnail","6":"product_brand-elpis","7":"product_cat-1762","9":"first","10":"instock","11":"taxable","12":"shipping-taxable","13":"product-type-simple"},"_links":{"self":[{"href":"https:\/\/e.kosmolat.eu\/lv\/wp-json\/wp\/v2\/product\/31297","targetHints":{"allow":["GET"]}}],"collection":[{"href":"https:\/\/e.kosmolat.eu\/lv\/wp-json\/wp\/v2\/product"}],"about":[{"href":"https:\/\/e.kosmolat.eu\/lv\/wp-json\/wp\/v2\/types\/product"}],"wp:featuredmedia":[{"embeddable":true,"href":"https:\/\/e.kosmolat.eu\/lv\/wp-json\/wp\/v2\/media\/88798"}],"wp:attachment":[{"href":"https:\/\/e.kosmolat.eu\/lv\/wp-json\/wp\/v2\/media?parent=31297"}],"wp:term":[{"taxonomy":"product_cat","embeddable":true,"href":"https:\/\/e.kosmolat.eu\/lv\/wp-json\/wp\/v2\/product_cat?post=31297"},{"taxonomy":"product_tag","embeddable":true,"href":"https:\/\/e.kosmolat.eu\/lv\/wp-json\/wp\/v2\/product_tag?post=31297"}],"curies":[{"name":"wp","href":"https:\/\/api.w.org\/{rel}","templated":true}]}}