{"id":31293,"date":"2023-12-19T22:10:53","date_gmt":"2023-12-19T22:10:53","guid":{"rendered":"https:\/\/e.kosmolat.eu\/product\/spkrug-sejas-krems-adai-ar-paplasinaiem-kapilariem-40-g\/"},"modified":"2025-09-22T10:34:21","modified_gmt":"2025-09-22T10:34:21","slug":"spkrug-sejas-krems-adai-ar-paplasinaiem-kapilariem-40-g","status":"publish","type":"product","link":"https:\/\/e.kosmolat.eu\/lv\/product\/spkrug-sejas-krems-adai-ar-paplasinaiem-kapilariem-40-g\/","title":{"rendered":"SpKrug Sejas kr\u0113ms \u0101dai ar papl\u0101\u0161in\u0101iem kapil\u0101riem, 40 g"},"content":{"rendered":"<p>Kosm\u0113tisks l\u012bdzeklis sejas \u0101dai ar trokserut\u012bnu, burvju lazdas, arnikas, kumel\u012b&scaron;u, br\u016bna\u013c\u0123u, dzelzs aspar\u0101ga, zirgkasta\u0146as ekstraktiem, pantenolu, E vitam\u012bnu, avokado e\u013c\u013cu, alanto\u012bnu.<\/p>\n<p><strong>Lieto&scaron;ana: <\/strong>uzkl\u0101t uz t\u012bras un sausas \u0101das.<\/p>\n<p>Uzglab\u0101t temperat\u016br\u0101 no +2 &deg;C l\u012bdz +25 &deg;C.<br \/>\n&nbsp;<\/p>\n","protected":false},"excerpt":{"rendered":"<p>Kosm\u0113tisks l\u012bdzeklis sejas \u0101dai ar trokserut\u012bnu, burvju lazdas, arnikas, kumel\u012b&scaron;u, br\u016bna\u013c\u0123u, dzelzs aspar\u0101ga, zirgkasta\u0146as ekstraktiem, pantenolu, E vitam\u012bnu, avokado e\u013c\u013cu, alanto\u012bnu. Lieto&scaron;ana: uzkl\u0101t uz t\u012bras un sausas \u0101das. Uzglab\u0101t temperat\u016br\u0101 no +2 &deg;C l\u012bdz +25 &deg;C. &nbsp;<\/p>\n","protected":false},"featured_media":88790,"template":"","meta":[],"product_cat":[1320],"product_tag":[],"class_list":{"0":"post-31293","1":"product","2":"type-product","3":"status-publish","4":"has-post-thumbnail","6":"product_brand-elpis","7":"product_cat-sejas-kremi","9":"first","10":"outofstock","11":"taxable","12":"shipping-taxable","13":"product-type-simple"},"_links":{"self":[{"href":"https:\/\/e.kosmolat.eu\/lv\/wp-json\/wp\/v2\/product\/31293","targetHints":{"allow":["GET"]}}],"collection":[{"href":"https:\/\/e.kosmolat.eu\/lv\/wp-json\/wp\/v2\/product"}],"about":[{"href":"https:\/\/e.kosmolat.eu\/lv\/wp-json\/wp\/v2\/types\/product"}],"wp:featuredmedia":[{"embeddable":true,"href":"https:\/\/e.kosmolat.eu\/lv\/wp-json\/wp\/v2\/media\/88790"}],"wp:attachment":[{"href":"https:\/\/e.kosmolat.eu\/lv\/wp-json\/wp\/v2\/media?parent=31293"}],"wp:term":[{"taxonomy":"product_cat","embeddable":true,"href":"https:\/\/e.kosmolat.eu\/lv\/wp-json\/wp\/v2\/product_cat?post=31293"},{"taxonomy":"product_tag","embeddable":true,"href":"https:\/\/e.kosmolat.eu\/lv\/wp-json\/wp\/v2\/product_tag?post=31293"}],"curies":[{"name":"wp","href":"https:\/\/api.w.org\/{rel}","templated":true}]}}