{"id":31289,"date":"2023-12-19T22:10:34","date_gmt":"2023-12-19T22:10:34","guid":{"rendered":"https:\/\/e.kosmolat.eu\/product\/spkrug-multivitaminu-dienas-sejas-krems-pret-grumbam-50-g\/"},"modified":"2026-04-17T14:36:57","modified_gmt":"2026-04-17T14:36:57","slug":"spkrug-multivitaminu-dienas-sejas-krems-pret-grumbam-50-g","status":"publish","type":"product","link":"https:\/\/e.kosmolat.eu\/lv\/product\/spkrug-multivitaminu-dienas-sejas-krems-pret-grumbam-50-g\/","title":{"rendered":"SpKrug Multivitam\u012bnu dienas sejas kr\u0113ms pret grumb\u0101m, 50 g"},"content":{"rendered":"<p>Kosm\u0113tisks l\u012bdzeklis sejai, kaklam un dekolt\u0113 zonai ar intens\u012bvu pretgrumbu iedarb\u012bbu.<\/p>\n<p>Akt\u012bv\u0101s sast\u0101vda\u013cas: A, E, H, C vitam\u012bns, mande\u013cu un makad\u0101mijas e\u013c\u013cas, smilts\u0113rk&scaron;\u0137u, kumel\u012b&scaron;u un alvejas ekstrakti, hialuronsk\u0101be, kolag\u0113ns, UV filtrs.<\/p>\n<p><strong>Lieto&scaron;ana: <\/strong>uzkl\u0101t uz t\u012bras un sausas \u0101das.<\/p>\n<p>Uzglab\u0101t temperat\u016br\u0101 no +2&deg;C l\u012bdz +25&deg;C.<br \/>\n&nbsp;<\/p>\n","protected":false},"excerpt":{"rendered":"<p>Kosm\u0113tisks l\u012bdzeklis sejai, kaklam un dekolt\u0113 zonai ar intens\u012bvu pretgrumbu iedarb\u012bbu. Akt\u012bv\u0101s sast\u0101vda\u013cas: A, E, H, C vitam\u012bns, mande\u013cu un makad\u0101mijas e\u013c\u013cas, smilts\u0113rk&scaron;\u0137u, kumel\u012b&scaron;u un alvejas ekstrakti, hialuronsk\u0101be, kolag\u0113ns, UV filtrs. Lieto&scaron;ana: uzkl\u0101t uz t\u012bras un sausas \u0101das. Uzglab\u0101t temperat\u016br\u0101 no +2&deg;C l\u012bdz +25&deg;C. &nbsp;<\/p>\n","protected":false},"featured_media":88782,"template":"","meta":[],"product_cat":[1323],"product_tag":[],"class_list":{"0":"post-31289","1":"product","2":"type-product","3":"status-publish","4":"has-post-thumbnail","6":"product_brand-elpis","7":"product_cat-1323","9":"first","10":"instock","11":"taxable","12":"shipping-taxable","13":"product-type-simple"},"_links":{"self":[{"href":"https:\/\/e.kosmolat.eu\/lv\/wp-json\/wp\/v2\/product\/31289","targetHints":{"allow":["GET"]}}],"collection":[{"href":"https:\/\/e.kosmolat.eu\/lv\/wp-json\/wp\/v2\/product"}],"about":[{"href":"https:\/\/e.kosmolat.eu\/lv\/wp-json\/wp\/v2\/types\/product"}],"wp:featuredmedia":[{"embeddable":true,"href":"https:\/\/e.kosmolat.eu\/lv\/wp-json\/wp\/v2\/media\/88782"}],"wp:attachment":[{"href":"https:\/\/e.kosmolat.eu\/lv\/wp-json\/wp\/v2\/media?parent=31289"}],"wp:term":[{"taxonomy":"product_cat","embeddable":true,"href":"https:\/\/e.kosmolat.eu\/lv\/wp-json\/wp\/v2\/product_cat?post=31289"},{"taxonomy":"product_tag","embeddable":true,"href":"https:\/\/e.kosmolat.eu\/lv\/wp-json\/wp\/v2\/product_tag?post=31289"}],"curies":[{"name":"wp","href":"https:\/\/api.w.org\/{rel}","templated":true}]}}