{"id":31281,"date":"2023-12-19T22:10:00","date_gmt":"2023-12-19T22:10:00","guid":{"rendered":"https:\/\/e.kosmolat.eu\/product\/spkrug-gels-pret-zilumiem-ar-arniku-un-tauksakni-50-g\/"},"modified":"2026-04-21T09:53:28","modified_gmt":"2026-04-21T09:53:28","slug":"spkrug-gels-pret-zilumiem-ar-arniku-un-tauksakni-50-g","status":"publish","type":"product","link":"https:\/\/e.kosmolat.eu\/lv\/product\/spkrug-gels-pret-zilumiem-ar-arniku-un-tauksakni-50-g\/","title":{"rendered":"SpKrug Gels pret zilumiem ar arniku un tauksakni, 50 g"},"content":{"rendered":"<p>Kosm\u0113tisks l\u012bdzeklis ar dab\u012bgiem arnikas, tauksaknes un kli\u0146\u0123er\u012btes ekstraktiem lieto&scaron;anai sasitumu un sastiepumu viet\u0101s.<\/p>\n<p><strong>Lieto&scaron;ana:<\/strong> uzkl\u0101t uz t\u012bras un sausas \u0101das.<\/p>\n<p>Uzglab\u0101t temperat\u016br\u0101 no +2 &deg;C l\u012bdz +25 &deg;C.<br \/>\n&nbsp;<\/p>\n","protected":false},"excerpt":{"rendered":"<p>Kosm\u0113tisks l\u012bdzeklis ar dab\u012bgiem arnikas, tauksaknes un kli\u0146\u0123er\u012btes ekstraktiem lieto&scaron;anai sasitumu un sastiepumu viet\u0101s. Lieto&scaron;ana: uzkl\u0101t uz t\u012bras un sausas \u0101das. Uzglab\u0101t temperat\u016br\u0101 no +2 &deg;C l\u012bdz +25 &deg;C. &nbsp;<\/p>\n","protected":false},"featured_media":88842,"template":"","meta":[],"product_cat":[1388],"product_tag":[],"class_list":{"0":"post-31281","1":"product","2":"type-product","3":"status-publish","4":"has-post-thumbnail","6":"product_brand-elpis","7":"product_cat-kermena-kremi-pienini-sviesti","9":"first","10":"instock","11":"taxable","12":"shipping-taxable","13":"product-type-simple"},"_links":{"self":[{"href":"https:\/\/e.kosmolat.eu\/lv\/wp-json\/wp\/v2\/product\/31281","targetHints":{"allow":["GET"]}}],"collection":[{"href":"https:\/\/e.kosmolat.eu\/lv\/wp-json\/wp\/v2\/product"}],"about":[{"href":"https:\/\/e.kosmolat.eu\/lv\/wp-json\/wp\/v2\/types\/product"}],"wp:featuredmedia":[{"embeddable":true,"href":"https:\/\/e.kosmolat.eu\/lv\/wp-json\/wp\/v2\/media\/88842"}],"wp:attachment":[{"href":"https:\/\/e.kosmolat.eu\/lv\/wp-json\/wp\/v2\/media?parent=31281"}],"wp:term":[{"taxonomy":"product_cat","embeddable":true,"href":"https:\/\/e.kosmolat.eu\/lv\/wp-json\/wp\/v2\/product_cat?post=31281"},{"taxonomy":"product_tag","embeddable":true,"href":"https:\/\/e.kosmolat.eu\/lv\/wp-json\/wp\/v2\/product_tag?post=31281"}],"curies":[{"name":"wp","href":"https:\/\/api.w.org\/{rel}","templated":true}]}}