{"id":31277,"date":"2023-12-19T22:09:31","date_gmt":"2023-12-19T22:09:31","guid":{"rendered":"https:\/\/e.kosmolat.eu\/product\/dd-krems-ar-cusku-indes-peptidiem-atjauninoss-30-ml\/"},"modified":"2026-04-20T11:41:12","modified_gmt":"2026-04-20T11:41:12","slug":"the-dr-hc-krems-ar-cusku-indes-peptidiem-atjauninoss-30-ml","status":"publish","type":"product","link":"https:\/\/e.kosmolat.eu\/lv\/product\/the-dr-hc-krems-ar-cusku-indes-peptidiem-atjauninoss-30-ml\/","title":{"rendered":"The Dr. H&#038;C Kr\u0113ms ar \u010d\u016bsku indes pept\u012bdiem Atjaunino\u0161s, 30 ml"},"content":{"rendered":"<p><strong>Lieto&scaron;ana: <\/strong>ar viegl\u0101m kust\u012bb\u0101m uzkl\u0101t uz t\u012bras \u0101das gar mas\u0101\u017eas l\u012bnij\u0101m.<\/p>\n<p><strong>Piesardz\u012bbas pas\u0101kumi: <\/strong>iesp\u0113jama paaugstin\u0101ta individu\u0101la jut\u012bba pret atsevi&scaron;\u0137\u0101m sast\u0101vda\u013c\u0101m.<\/p>\n<p>Uzglab\u0101t temperat\u016br\u0101 no +5 &deg;\u0421 l\u012bdz +25 &deg;\u0421.&nbsp;<\/p>\n","protected":false},"excerpt":{"rendered":"<p>Lieto&scaron;ana: ar viegl\u0101m kust\u012bb\u0101m uzkl\u0101t uz t\u012bras \u0101das gar mas\u0101\u017eas l\u012bnij\u0101m. Piesardz\u012bbas pas\u0101kumi: iesp\u0113jama paaugstin\u0101ta individu\u0101la jut\u012bba pret atsevi&scaron;\u0137\u0101m sast\u0101vda\u013c\u0101m. Uzglab\u0101t temperat\u016br\u0101 no +5 &deg;\u0421 l\u012bdz +25 &deg;\u0421.&nbsp;<\/p>\n","protected":false},"featured_media":88834,"template":"","meta":[],"product_cat":[1322],"product_tag":[],"class_list":{"0":"post-31277","1":"product","2":"type-product","3":"status-publish","4":"has-post-thumbnail","6":"product_brand-elfa_ua","7":"product_cat-veido-kremai","9":"first","10":"instock","11":"taxable","12":"shipping-taxable","13":"product-type-simple"},"_links":{"self":[{"href":"https:\/\/e.kosmolat.eu\/lv\/wp-json\/wp\/v2\/product\/31277","targetHints":{"allow":["GET"]}}],"collection":[{"href":"https:\/\/e.kosmolat.eu\/lv\/wp-json\/wp\/v2\/product"}],"about":[{"href":"https:\/\/e.kosmolat.eu\/lv\/wp-json\/wp\/v2\/types\/product"}],"wp:featuredmedia":[{"embeddable":true,"href":"https:\/\/e.kosmolat.eu\/lv\/wp-json\/wp\/v2\/media\/88834"}],"wp:attachment":[{"href":"https:\/\/e.kosmolat.eu\/lv\/wp-json\/wp\/v2\/media?parent=31277"}],"wp:term":[{"taxonomy":"product_cat","embeddable":true,"href":"https:\/\/e.kosmolat.eu\/lv\/wp-json\/wp\/v2\/product_cat?post=31277"},{"taxonomy":"product_tag","embeddable":true,"href":"https:\/\/e.kosmolat.eu\/lv\/wp-json\/wp\/v2\/product_tag?post=31277"}],"curies":[{"name":"wp","href":"https:\/\/api.w.org\/{rel}","templated":true}]}}