{"id":31261,"date":"2023-12-19T22:07:30","date_gmt":"2023-12-19T22:07:30","guid":{"rendered":"https:\/\/e.kosmolat.eu\/product\/lv-matejoss-puderis-ultra-matt-101\/"},"modified":"2025-09-20T01:19:43","modified_gmt":"2025-09-20T01:19:43","slug":"lv-matejoss-puderis-ultra-matt-101","status":"publish","type":"product","link":"https:\/\/e.kosmolat.eu\/lv\/product\/lv-matejoss-puderis-ultra-matt-101\/","title":{"rendered":"LV Mat\u0113jo\u0161s p\u016bderis Ultra Matt, 101"},"content":{"rendered":"<p><strong>Lieto&scaron;ana:<\/strong> uzkl\u0101t uz sejas \u0101das ar oti\u0146as vai p\u016bdera s\u016bkl\u012b&scaron;a pal\u012bdz\u012bbu.<\/p>\n<p>Uzglab\u0101t temperat\u016br\u0101 no +10 &deg;\u0421 l\u012bdz +25 &deg;\u0421.<br \/>\n&nbsp;<\/p>\n","protected":false},"excerpt":{"rendered":"<p>Lieto&scaron;ana: uzkl\u0101t uz sejas \u0101das ar oti\u0146as vai p\u016bdera s\u016bkl\u012b&scaron;a pal\u012bdz\u012bbu. Uzglab\u0101t temperat\u016br\u0101 no +10 &deg;\u0421 l\u012bdz +25 &deg;\u0421. &nbsp;<\/p>\n","protected":false},"featured_media":88862,"template":"","meta":[],"product_cat":[1485],"product_tag":[],"class_list":{"0":"post-31261","1":"product","2":"type-product","3":"status-publish","4":"has-post-thumbnail","6":"product_brand-lux-visage_by","7":"product_cat-puderi","9":"first","10":"outofstock","11":"taxable","12":"shipping-taxable","13":"product-type-simple"},"_links":{"self":[{"href":"https:\/\/e.kosmolat.eu\/lv\/wp-json\/wp\/v2\/product\/31261","targetHints":{"allow":["GET"]}}],"collection":[{"href":"https:\/\/e.kosmolat.eu\/lv\/wp-json\/wp\/v2\/product"}],"about":[{"href":"https:\/\/e.kosmolat.eu\/lv\/wp-json\/wp\/v2\/types\/product"}],"wp:featuredmedia":[{"embeddable":true,"href":"https:\/\/e.kosmolat.eu\/lv\/wp-json\/wp\/v2\/media\/88862"}],"wp:attachment":[{"href":"https:\/\/e.kosmolat.eu\/lv\/wp-json\/wp\/v2\/media?parent=31261"}],"wp:term":[{"taxonomy":"product_cat","embeddable":true,"href":"https:\/\/e.kosmolat.eu\/lv\/wp-json\/wp\/v2\/product_cat?post=31261"},{"taxonomy":"product_tag","embeddable":true,"href":"https:\/\/e.kosmolat.eu\/lv\/wp-json\/wp\/v2\/product_tag?post=31261"}],"curies":[{"name":"wp","href":"https:\/\/api.w.org\/{rel}","templated":true}]}}