{"id":31257,"date":"2023-12-19T22:07:00","date_gmt":"2023-12-19T22:07:00","guid":{"rendered":"https:\/\/e.kosmolat.eu\/product\/modo-sejas-serums-ar-salicilskabi-30-g\/"},"modified":"2025-09-20T01:07:23","modified_gmt":"2025-09-20T01:07:23","slug":"modo-sejas-serums-ar-salicilskabi-30-g","status":"publish","type":"product","link":"https:\/\/e.kosmolat.eu\/lv\/product\/modo-sejas-serums-ar-salicilskabi-30-g\/","title":{"rendered":"MODO Sejas serums ar salicilsk\u0101bi, 30 g"},"content":{"rendered":"<p>Vieglajam serumam piem\u012bt sebuma regul\u0113jo&scaron;a iedarb\u012bba, kas \u013cauj mazin\u0101t \u0101das taukainumu. Pateicoties salicilsk\u0101bei l\u012bdzek\u013ca sast\u0101v\u0101, tiek nov\u0113rstas \u0101das nepiln\u012bbas, nodro&scaron;inot \u0101dai t\u012bru un vesel\u012bgu izskatu. Regul\u0101ri lietojot, tiek att\u012br\u012btas poras un no\u0146emti melnie punkti.<\/p>\n<p><strong>Lieto&scaron;ana: <\/strong>uzkl\u0101jiet nelielu seruma daudzumu uz att\u012br\u012btas sejas, kakla un dekolt\u0113 zonas \u0101das, izvairoties no zonas ap ac\u012bm, un \u013caujiet piln\u012bb\u0101 uzs\u016bkties. Atkar\u012bb\u0101 no \u0101das jut\u012bguma pak\u0101pes ir iesp\u0113jama individu\u0101la reakcija. Br\u012bdin\u0101jums: Nav paredz\u0113ts b\u0113rniem l\u012bdz 3 gadu vecumam.<\/p>\n<p>Uzglab\u0101t temperat\u016br\u0101 no +5 &deg;C l\u012bdz +25 &deg;C.<br \/>\n&nbsp;<\/p>\n","protected":false},"excerpt":{"rendered":"<p>Vieglajam serumam piem\u012bt sebuma regul\u0113jo&scaron;a iedarb\u012bba, kas \u013cauj mazin\u0101t \u0101das taukainumu. Pateicoties salicilsk\u0101bei l\u012bdzek\u013ca sast\u0101v\u0101, tiek nov\u0113rstas \u0101das nepiln\u012bbas, nodro&scaron;inot \u0101dai t\u012bru un vesel\u012bgu izskatu. Regul\u0101ri lietojot, tiek att\u012br\u012btas poras un no\u0146emti melnie punkti. Lieto&scaron;ana: uzkl\u0101jiet nelielu seruma daudzumu uz att\u012br\u012btas sejas, kakla un dekolt\u0113 zonas \u0101das, izvairoties no zonas ap ac\u012bm, un \u013caujiet piln\u012bb\u0101 [&#8230;]\n","protected":false},"featured_media":88654,"template":"","meta":[],"product_cat":[1325],"product_tag":[],"class_list":{"0":"post-31257","1":"product","2":"type-product","3":"status-publish","4":"has-post-thumbnail","6":"product_brand-modum_by","7":"product_cat-serumi","9":"first","10":"outofstock","11":"taxable","12":"shipping-taxable","13":"product-type-simple"},"_links":{"self":[{"href":"https:\/\/e.kosmolat.eu\/lv\/wp-json\/wp\/v2\/product\/31257","targetHints":{"allow":["GET"]}}],"collection":[{"href":"https:\/\/e.kosmolat.eu\/lv\/wp-json\/wp\/v2\/product"}],"about":[{"href":"https:\/\/e.kosmolat.eu\/lv\/wp-json\/wp\/v2\/types\/product"}],"wp:featuredmedia":[{"embeddable":true,"href":"https:\/\/e.kosmolat.eu\/lv\/wp-json\/wp\/v2\/media\/88654"}],"wp:attachment":[{"href":"https:\/\/e.kosmolat.eu\/lv\/wp-json\/wp\/v2\/media?parent=31257"}],"wp:term":[{"taxonomy":"product_cat","embeddable":true,"href":"https:\/\/e.kosmolat.eu\/lv\/wp-json\/wp\/v2\/product_cat?post=31257"},{"taxonomy":"product_tag","embeddable":true,"href":"https:\/\/e.kosmolat.eu\/lv\/wp-json\/wp\/v2\/product_tag?post=31257"}],"curies":[{"name":"wp","href":"https:\/\/api.w.org\/{rel}","templated":true}]}}