{"id":31233,"date":"2023-12-19T22:04:00","date_gmt":"2023-12-19T22:04:00","guid":{"rendered":"https:\/\/e.kosmolat.eu\/product\/modo-sejas-pilings-ar-pienskabi-10-30-ml\/"},"modified":"2025-09-20T01:05:55","modified_gmt":"2025-09-20T01:05:55","slug":"modo-sejas-pilings-ar-pienskabi-10-30-ml","status":"publish","type":"product","link":"https:\/\/e.kosmolat.eu\/lv\/product\/modo-sejas-pilings-ar-pienskabi-10-30-ml\/","title":{"rendered":"MODO Sejas p\u012blings ar piensk\u0101bi 10%, 30 ml"},"content":{"rendered":"<p>P\u012blings ar piensk\u0101bi ir \u012bpa&scaron;i izstr\u0101d\u0101ts vid\u0113ji pieredz\u0113ju&scaron;iem lietot\u0101jiem un ir piem\u0113rots visiem \u0101das tipiem, tostarp ar\u012b jut\u012bgai \u0101dai. Piensk\u0101bei piem\u012bt p\u012blinga un antioksidanta iedarb\u012bba, t\u0101 mitrina, izl\u012bdzina \u0101das tekst\u016bru un padara to gai&scaron;\u0101ku, k\u0101 ar\u012b uzlabo \u0101das elast\u012bbu.<\/p>\n<p><strong>Lieto&scaron;ana:<\/strong> ar mas\u0101\u017eas kust\u012bb\u0101m uzkl\u0101jiet l\u012bdzekli uz att\u012br\u012btas sejas \u0101das katru dienu vakaros, izvairoties no zonas ap ac\u012bm.<\/p>\n<p>Uzman\u012bbu! Atkar\u012bb\u0101 no \u0101das jut\u012bguma pak\u0101pes l\u012bdzekli var lietot katru dienu vai 2-3 reizes ned\u0113\u013c\u0101. P\u012blingu var atst\u0101t uz \u0101das l\u012bdz tas uzs\u016bcas vai ar\u012b noskalot ar v\u0113su \u016bdeni p\u0113c 10 min\u016bt\u0113m. Nelietot uz boj\u0101tas, iekaisu&scaron;as \u0101das. No r\u012bta uzkl\u0101t l\u012bdzekli ar SPF 15.<\/p>\n<p>Uzglab\u0101t temperat\u016br\u0101 no +5 &deg;C l\u012bdz +25 &deg;C.<br \/>\n&nbsp;<\/p>\n","protected":false},"excerpt":{"rendered":"<p>P\u012blings ar piensk\u0101bi ir \u012bpa&scaron;i izstr\u0101d\u0101ts vid\u0113ji pieredz\u0113ju&scaron;iem lietot\u0101jiem un ir piem\u0113rots visiem \u0101das tipiem, tostarp ar\u012b jut\u012bgai \u0101dai. Piensk\u0101bei piem\u012bt p\u012blinga un antioksidanta iedarb\u012bba, t\u0101 mitrina, izl\u012bdzina \u0101das tekst\u016bru un padara to gai&scaron;\u0101ku, k\u0101 ar\u012b uzlabo \u0101das elast\u012bbu. Lieto&scaron;ana: ar mas\u0101\u017eas kust\u012bb\u0101m uzkl\u0101jiet l\u012bdzekli uz att\u012br\u012btas sejas \u0101das katru dienu vakaros, izvairoties no zonas [&#8230;]\n","protected":false},"featured_media":88630,"template":"","meta":[],"product_cat":[1396],"product_tag":[],"class_list":{"0":"post-31233","1":"product","2":"type-product","3":"status-publish","4":"has-post-thumbnail","6":"product_brand-modum_by","7":"product_cat-veido-sveitikliai-ir-pilingai","9":"first","10":"outofstock","11":"taxable","12":"shipping-taxable","13":"product-type-simple"},"_links":{"self":[{"href":"https:\/\/e.kosmolat.eu\/lv\/wp-json\/wp\/v2\/product\/31233","targetHints":{"allow":["GET"]}}],"collection":[{"href":"https:\/\/e.kosmolat.eu\/lv\/wp-json\/wp\/v2\/product"}],"about":[{"href":"https:\/\/e.kosmolat.eu\/lv\/wp-json\/wp\/v2\/types\/product"}],"wp:featuredmedia":[{"embeddable":true,"href":"https:\/\/e.kosmolat.eu\/lv\/wp-json\/wp\/v2\/media\/88630"}],"wp:attachment":[{"href":"https:\/\/e.kosmolat.eu\/lv\/wp-json\/wp\/v2\/media?parent=31233"}],"wp:term":[{"taxonomy":"product_cat","embeddable":true,"href":"https:\/\/e.kosmolat.eu\/lv\/wp-json\/wp\/v2\/product_cat?post=31233"},{"taxonomy":"product_tag","embeddable":true,"href":"https:\/\/e.kosmolat.eu\/lv\/wp-json\/wp\/v2\/product_tag?post=31233"}],"curies":[{"name":"wp","href":"https:\/\/api.w.org\/{rel}","templated":true}]}}