{"id":31209,"date":"2023-12-19T22:01:02","date_gmt":"2023-12-19T22:01:02","guid":{"rendered":"https:\/\/e.kosmolat.eu\/product\/cl-atjaun-samp-ar-kumelisu-ekstr-sausiem-un-boj-matiem-390-ml\/"},"modified":"2026-04-17T12:15:26","modified_gmt":"2026-04-17T12:15:26","slug":"cl-atjaun-samp-ar-kumelisu-ekstr-sausiem-un-boj-matiem-390-ml","status":"publish","type":"product","link":"https:\/\/e.kosmolat.eu\/lv\/product\/cl-atjaun-samp-ar-kumelisu-ekstr-sausiem-un-boj-matiem-390-ml\/","title":{"rendered":"CL Atjaun.\u0161amp.ar kumel\u012b\u0161u ekstr.sausiem un boj. matiem, 390 ml"},"content":{"rendered":"<p>Nature Plus esence &ndash; 5 ekstrakti un e\u013c\u013cas (verbenas ekstrakts, salvijas ekstrakts, me\u017eroz\u012b&scaron;u ekstrakts, mande\u013cu un lins\u0113klu e\u013c\u013ca).<\/p>\n<p>Akt\u012bvas dab\u012bgas izcelsmes sast\u0101vda\u013cas kav\u0113 matu izkri&scaron;anu, baro un aizsarg\u0101 matus pret boj\u0101jumiem.<\/p>\n<p>Kumel\u012btes ekstrakts pie&scaron;\u0137ir matiem dab\u012bgu sp\u012bdumu un m\u012bkstumu.<\/p>\n<p>Di\u017edad\u017ea e\u013c\u013ca intens\u012bvi baro matus vis\u0101 to garum\u0101.<\/p>\n<p><strong>Lieto&scaron;ana: <\/strong>nelielu daudzumu uzkl\u0101t uz matiem, saputot, nomazg\u0101t ar \u016bdeni. Ja iek\u013c\u016bst ac\u012bs, r\u016bp\u012bgi skalojiet t\u0101s ar \u016bdeni.<\/p>\n<p>Nav \u0101rstniecisks l\u012bdzeklis.<\/p>\n<p>Uzglab\u0101t temperat\u016br\u0101 no +5&deg;C l\u012bdz +25&deg;C.<br \/>\n&nbsp;<\/p>\n","protected":false},"excerpt":{"rendered":"<p>Nature Plus esence &ndash; 5 ekstrakti un e\u013c\u013cas (verbenas ekstrakts, salvijas ekstrakts, me\u017eroz\u012b&scaron;u ekstrakts, mande\u013cu un lins\u0113klu e\u013c\u013ca). Akt\u012bvas dab\u012bgas izcelsmes sast\u0101vda\u013cas kav\u0113 matu izkri&scaron;anu, baro un aizsarg\u0101 matus pret boj\u0101jumiem. Kumel\u012btes ekstrakts pie&scaron;\u0137ir matiem dab\u012bgu sp\u012bdumu un m\u012bkstumu. Di\u017edad\u017ea e\u013c\u013ca intens\u012bvi baro matus vis\u0101 to garum\u0101. Lieto&scaron;ana: nelielu daudzumu uzkl\u0101t uz matiem, saputot, nomazg\u0101t [&#8230;]\n","protected":false},"featured_media":88566,"template":"","meta":[],"product_cat":[1248],"product_tag":[],"class_list":{"0":"post-31209","1":"product","2":"type-product","3":"status-publish","4":"has-post-thumbnail","6":"product_brand-unilever-ua","7":"product_cat-sampuni","9":"first","10":"outofstock","11":"taxable","12":"shipping-taxable","13":"product-type-simple"},"_links":{"self":[{"href":"https:\/\/e.kosmolat.eu\/lv\/wp-json\/wp\/v2\/product\/31209","targetHints":{"allow":["GET"]}}],"collection":[{"href":"https:\/\/e.kosmolat.eu\/lv\/wp-json\/wp\/v2\/product"}],"about":[{"href":"https:\/\/e.kosmolat.eu\/lv\/wp-json\/wp\/v2\/types\/product"}],"wp:featuredmedia":[{"embeddable":true,"href":"https:\/\/e.kosmolat.eu\/lv\/wp-json\/wp\/v2\/media\/88566"}],"wp:attachment":[{"href":"https:\/\/e.kosmolat.eu\/lv\/wp-json\/wp\/v2\/media?parent=31209"}],"wp:term":[{"taxonomy":"product_cat","embeddable":true,"href":"https:\/\/e.kosmolat.eu\/lv\/wp-json\/wp\/v2\/product_cat?post=31209"},{"taxonomy":"product_tag","embeddable":true,"href":"https:\/\/e.kosmolat.eu\/lv\/wp-json\/wp\/v2\/product_tag?post=31209"}],"curies":[{"name":"wp","href":"https:\/\/api.w.org\/{rel}","templated":true}]}}