{"id":31201,"date":"2023-12-19T21:59:52","date_gmt":"2023-12-19T21:59:52","guid":{"rendered":"https:\/\/e.kosmolat.eu\/product\/cl-stiprin-balzams-matu-skalos-visiem-matu-tipiem-natre-230-ml\/"},"modified":"2025-09-20T01:01:29","modified_gmt":"2025-09-20T01:01:29","slug":"cl-stiprin-balzams-matu-skalos-visiem-matu-tipiem-natre-230-ml","status":"publish","type":"product","link":"https:\/\/e.kosmolat.eu\/lv\/product\/cl-stiprin-balzams-matu-skalos-visiem-matu-tipiem-natre-230-ml\/","title":{"rendered":"CL Stiprin.balzams matu skalo\u0161.visiem matu tipiem N\u0101tre, 230 ml"},"content":{"rendered":"<p>Nature Plus esence &ndash; 5 ekstrakti un e\u013c\u013cas (verbenas ekstrakts, salvijas ekstrakts, me\u017eroz\u012b&scaron;u ekstrakts, mande\u013cu un lins\u0113klu e\u013c\u013ca).<\/p>\n<p>Akt\u012bvas dab\u012bgas izcelsmes sast\u0101vda\u013cas kav\u0113 matu izkri&scaron;anu, baro un aizsarg\u0101 matus pret boj\u0101jumiem.<\/p>\n<p>N\u0101tre stiprina matus vis\u0101 to garum\u0101. Auzu piens nogludina matus un atjauno to dabisko strukt\u016bru bez taukainuma un smaguma saj\u016btas.<\/p>\n<p><strong>Lieto&scaron;ana:<\/strong> uzkl\u0101jiet uz t\u012briem, mitriem matiem, paturiet 1 min\u016bti, noskalojiet ar \u016bdeni. Ja iek\u013c\u016bst ac\u012bs, r\u016bp\u012bgi izskalojiet ar \u016bdeni.<\/p>\n<p>Nav \u0101rstniecisks l\u012bdzeklis.<\/p>\n<p>Uzglab\u0101t temperat\u016br\u0101 no +5&deg;C l\u012bdz +25&deg;C.<br \/>\n&nbsp;<\/p>\n","protected":false},"excerpt":{"rendered":"<p>Nature Plus esence &ndash; 5 ekstrakti un e\u013c\u013cas (verbenas ekstrakts, salvijas ekstrakts, me\u017eroz\u012b&scaron;u ekstrakts, mande\u013cu un lins\u0113klu e\u013c\u013ca). Akt\u012bvas dab\u012bgas izcelsmes sast\u0101vda\u013cas kav\u0113 matu izkri&scaron;anu, baro un aizsarg\u0101 matus pret boj\u0101jumiem. N\u0101tre stiprina matus vis\u0101 to garum\u0101. Auzu piens nogludina matus un atjauno to dabisko strukt\u016bru bez taukainuma un smaguma saj\u016btas. Lieto&scaron;ana: uzkl\u0101jiet uz t\u012briem, [&#8230;]\n","protected":false},"featured_media":88558,"template":"","meta":[],"product_cat":[1638],"product_tag":[],"class_list":{"0":"post-31201","1":"product","2":"type-product","3":"status-publish","4":"has-post-thumbnail","6":"product_brand-unilever-ua","7":"product_cat-balzami","9":"first","10":"outofstock","11":"taxable","12":"shipping-taxable","13":"product-type-simple"},"_links":{"self":[{"href":"https:\/\/e.kosmolat.eu\/lv\/wp-json\/wp\/v2\/product\/31201","targetHints":{"allow":["GET"]}}],"collection":[{"href":"https:\/\/e.kosmolat.eu\/lv\/wp-json\/wp\/v2\/product"}],"about":[{"href":"https:\/\/e.kosmolat.eu\/lv\/wp-json\/wp\/v2\/types\/product"}],"wp:featuredmedia":[{"embeddable":true,"href":"https:\/\/e.kosmolat.eu\/lv\/wp-json\/wp\/v2\/media\/88558"}],"wp:attachment":[{"href":"https:\/\/e.kosmolat.eu\/lv\/wp-json\/wp\/v2\/media?parent=31201"}],"wp:term":[{"taxonomy":"product_cat","embeddable":true,"href":"https:\/\/e.kosmolat.eu\/lv\/wp-json\/wp\/v2\/product_cat?post=31201"},{"taxonomy":"product_tag","embeddable":true,"href":"https:\/\/e.kosmolat.eu\/lv\/wp-json\/wp\/v2\/product_tag?post=31201"}],"curies":[{"name":"wp","href":"https:\/\/api.w.org\/{rel}","templated":true}]}}