{"id":31197,"date":"2023-12-19T21:59:25","date_gmt":"2023-12-19T21:59:25","guid":{"rendered":"https:\/\/e.kosmolat.eu\/product\/easy-nails-nagu-lakas-nonemejs-bez-acetona-ar-persika-aromatu-50-ml\/"},"modified":"2026-04-17T13:10:39","modified_gmt":"2026-04-17T13:10:39","slug":"i_easy-nails-nagu-lakas-nonemejs-bez-acetona-ar-persika-aromatu-50-ml","status":"publish","type":"product","link":"https:\/\/e.kosmolat.eu\/lv\/product\/i_easy-nails-nagu-lakas-nonemejs-bez-acetona-ar-persika-aromatu-50-ml\/","title":{"rendered":"I_Easy Nails Nagu lakas no\u0146\u0113m\u0113js bez acetona ar persika arom\u0101tu, 50 ml"},"content":{"rendered":"<p>Vienk\u0101r&scaron;a un efekt\u012bva nagu lakas no\u0146em&scaron;ana. Barojo&scaron;a formula ar E vitam\u012bnu.<\/p>\n<p><strong>Lieto&scaron;ana: <\/strong>ievietojiet pirkstu s\u016bk\u013ca centr\u0101. Pagrieziet pirkstu, l\u012bdz laka noiet nost.<\/p>\n<p><strong>Piesardz\u012bbas pas\u0101kumi:<\/strong> Uzglab\u0101t pudel\u012bti vertik\u0101l\u0101 st\u0101vokl\u012b. Var no\u0146emt m\u0101ksl\u012bgos nagus. Sarg\u0101t no karstuma, karst\u0101m virsm\u0101m, dzirkstel\u0113m, atkl\u0101tas uguns un citiem aizdeg&scaron;an\u0101s avotiem. Nesm\u0113\u0137\u0113t. Sarg\u0101t no b\u0113rniem. Nepie\u013caut nok\u013c\u016b&scaron;anu ac\u012bs, uz \u0101das vai uz dr\u0113b\u0113m. SASKAR\u0112 AR AC\u012aM: Uzman\u012bgi izskalot ar \u016bdeni vair\u0101kas min\u016btes. Iz\u0146emt kontaktl\u0113cas, ja t\u0101s ir ievietotas un ja to var vienk\u0101r&scaron;i izdar\u012bt. Turpin\u0101t skalot. Toksisks ieelpojot. Viegli uzliesmojo&scaron;s &scaron;\u0137idrums un tvaiki. Neizliet notekcaurul\u0113s. Tuk&scaron;o iepakojumu utiliz\u0113t.<br \/>\n&nbsp;<\/p>\n","protected":false},"excerpt":{"rendered":"<p>Vienk\u0101r&scaron;a un efekt\u012bva nagu lakas no\u0146em&scaron;ana. Barojo&scaron;a formula ar E vitam\u012bnu. Lieto&scaron;ana: ievietojiet pirkstu s\u016bk\u013ca centr\u0101. Pagrieziet pirkstu, l\u012bdz laka noiet nost. Piesardz\u012bbas pas\u0101kumi: Uzglab\u0101t pudel\u012bti vertik\u0101l\u0101 st\u0101vokl\u012b. Var no\u0146emt m\u0101ksl\u012bgos nagus. Sarg\u0101t no karstuma, karst\u0101m virsm\u0101m, dzirkstel\u0113m, atkl\u0101tas uguns un citiem aizdeg&scaron;an\u0101s avotiem. Nesm\u0113\u0137\u0113t. Sarg\u0101t no b\u0113rniem. Nepie\u013caut nok\u013c\u016b&scaron;anu ac\u012bs, uz \u0101das vai uz [&#8230;]\n","protected":false},"featured_media":89634,"template":"","meta":[],"product_cat":[1526],"product_tag":[],"class_list":{"0":"post-31197","1":"product","2":"type-product","3":"status-publish","4":"has-post-thumbnail","6":"product_brand-statestrong_gb","7":"product_cat-nagu-lakas-nonemeji","9":"first","10":"instock","11":"taxable","12":"shipping-taxable","13":"product-type-simple"},"_links":{"self":[{"href":"https:\/\/e.kosmolat.eu\/lv\/wp-json\/wp\/v2\/product\/31197","targetHints":{"allow":["GET"]}}],"collection":[{"href":"https:\/\/e.kosmolat.eu\/lv\/wp-json\/wp\/v2\/product"}],"about":[{"href":"https:\/\/e.kosmolat.eu\/lv\/wp-json\/wp\/v2\/types\/product"}],"wp:featuredmedia":[{"embeddable":true,"href":"https:\/\/e.kosmolat.eu\/lv\/wp-json\/wp\/v2\/media\/89634"}],"wp:attachment":[{"href":"https:\/\/e.kosmolat.eu\/lv\/wp-json\/wp\/v2\/media?parent=31197"}],"wp:term":[{"taxonomy":"product_cat","embeddable":true,"href":"https:\/\/e.kosmolat.eu\/lv\/wp-json\/wp\/v2\/product_cat?post=31197"},{"taxonomy":"product_tag","embeddable":true,"href":"https:\/\/e.kosmolat.eu\/lv\/wp-json\/wp\/v2\/product_tag?post=31197"}],"curies":[{"name":"wp","href":"https:\/\/api.w.org\/{rel}","templated":true}]}}