{"id":31177,"date":"2023-12-19T21:57:31","date_gmt":"2023-12-19T21:57:31","guid":{"rendered":"https:\/\/e.kosmolat.eu\/product\/7days-b-colour-mikst-lupu-ella-03-lcandy-mania-4-ml\/"},"modified":"2026-04-11T18:09:38","modified_gmt":"2026-04-11T18:09:38","slug":"i_7days-b-colour-mikst-lupu-ella-03-lcandy-mania-4-ml","status":"publish","type":"product","link":"https:\/\/e.kosmolat.eu\/lv\/product\/i_7days-b-colour-mikst-lupu-ella-03-lcandy-mania-4-ml\/","title":{"rendered":"I_7Days B.Colour M\u012bkst.l\u016bpu e\u013c\u013ca, 03 lCandy Mania, 4 ml"},"content":{"rendered":"<p>M\u012bkstino&scaron;a l\u016bpu e\u013c\u013ca ar konfek&scaron;u arom\u0101tu. 5 in 1 formula ar E vitam\u012bnu, makad\u0101mijas un hohobas e\u013c\u013c\u0101m mitrina, m\u012bkstina, aizsarg\u0101 pret plais\u0101&scaron;anu un saspr\u0113g\u0101&scaron;anu, padara l\u016bpas maigas un gludas, bez lip\u012bguma saj\u016btas.<\/p>\n<p><strong>Piesardz\u012bbas pas\u0101kumi:<\/strong> tikai \u0101r\u012bgai lieto&scaron;anai. Izvair\u012bties no saskares ar ac\u012bm. Ja nok\u013c\u016bst ac\u012bs, nekav\u0113joties izskalot ar lielu daudzumu \u016bdens un, nepiecie&scaron;am\u012bbas gad\u012bjum\u0101, v\u0113rsties p\u0113c medic\u012bniskas pal\u012bdz\u012bbas. Neuzkl\u0101t uz boj\u0101tas \u0101das. Nelietot, ja ir paaugstin\u0101ta jut\u012bba pret k\u0101du no produkta sast\u0101vda\u013c\u0101m. P\u0101rtraukt lieto&scaron;anu, ja rodas kairin\u0101jums. Sarg\u0101t no b\u0113rniem.&nbsp;<\/p>\n<p>Uzglab\u0101t temperat\u016br\u0101 no +5&deg;C l\u012bdz +25&deg;C, sarg\u0101jot no tie&scaron;iem saules stariem.<br \/>\n&nbsp;<\/p>\n","protected":false},"excerpt":{"rendered":"<p>M\u012bkstino&scaron;a l\u016bpu e\u013c\u013ca ar konfek&scaron;u arom\u0101tu. 5 in 1 formula ar E vitam\u012bnu, makad\u0101mijas un hohobas e\u013c\u013c\u0101m mitrina, m\u012bkstina, aizsarg\u0101 pret plais\u0101&scaron;anu un saspr\u0113g\u0101&scaron;anu, padara l\u016bpas maigas un gludas, bez lip\u012bguma saj\u016btas. Piesardz\u012bbas pas\u0101kumi: tikai \u0101r\u012bgai lieto&scaron;anai. Izvair\u012bties no saskares ar ac\u012bm. Ja nok\u013c\u016bst ac\u012bs, nekav\u0113joties izskalot ar lielu daudzumu \u016bdens un, nepiecie&scaron;am\u012bbas gad\u012bjum\u0101, v\u0113rsties [&#8230;]\n","protected":false},"featured_media":89154,"template":"","meta":[],"product_cat":[1593],"product_tag":[],"class_list":{"0":"post-31177","1":"product","2":"type-product","3":"status-publish","4":"has-post-thumbnail","6":"product_brand-7days_it","7":"product_cat-lupu-prieziura","9":"first","10":"instock","11":"taxable","12":"shipping-taxable","13":"product-type-simple"},"_links":{"self":[{"href":"https:\/\/e.kosmolat.eu\/lv\/wp-json\/wp\/v2\/product\/31177","targetHints":{"allow":["GET"]}}],"collection":[{"href":"https:\/\/e.kosmolat.eu\/lv\/wp-json\/wp\/v2\/product"}],"about":[{"href":"https:\/\/e.kosmolat.eu\/lv\/wp-json\/wp\/v2\/types\/product"}],"wp:featuredmedia":[{"embeddable":true,"href":"https:\/\/e.kosmolat.eu\/lv\/wp-json\/wp\/v2\/media\/89154"}],"wp:attachment":[{"href":"https:\/\/e.kosmolat.eu\/lv\/wp-json\/wp\/v2\/media?parent=31177"}],"wp:term":[{"taxonomy":"product_cat","embeddable":true,"href":"https:\/\/e.kosmolat.eu\/lv\/wp-json\/wp\/v2\/product_cat?post=31177"},{"taxonomy":"product_tag","embeddable":true,"href":"https:\/\/e.kosmolat.eu\/lv\/wp-json\/wp\/v2\/product_tag?post=31177"}],"curies":[{"name":"wp","href":"https:\/\/api.w.org\/{rel}","templated":true}]}}