{"id":31161,"date":"2023-12-19T21:56:04","date_gmt":"2023-12-19T21:56:04","guid":{"rendered":"https:\/\/e.kosmolat.eu\/product\/7days-b-colour-lupu-spidums-apjomam-01-nude-2-5-ml\/"},"modified":"2026-04-11T18:08:21","modified_gmt":"2026-04-11T18:08:21","slug":"7days-b-colour-lupu-spidums-apjomam-01-nude-2-5-ml","status":"publish","type":"product","link":"https:\/\/e.kosmolat.eu\/lv\/product\/7days-b-colour-lupu-spidums-apjomam-01-nude-2-5-ml\/","title":{"rendered":"7Days B.Colour L\u016bpu sp\u012bdums apjomam, 01 Nude, 2.5 ml"},"content":{"rendered":"<p>Lietojiet l\u016bpu sp\u012bdumu, lai acumirkl\u012b pie&scaron;\u0137irtu l\u016bp\u0101m papildu apjomu un neatk\u0101rtojamu mirdzumu. Mitrino&scaron;\u0101 formula izl\u012bdzina l\u016bpu \u0101du un nov\u0113r&scaron; sausumu.<\/p>\n<p><strong>Piesardz\u012bbas pas\u0101kumi: <\/strong>tikai \u0101r\u012bgai lieto&scaron;anai. Izvair\u012bties no saskares ar ac\u012bm. Ja nok\u013c\u016bst ac\u012bs, nekav\u0113joties izskalot ar lielu daudzumu \u016bdens un, nepiecie&scaron;am\u012bbas gad\u012bjum\u0101, v\u0113rsties p\u0113c medic\u012bniskas pal\u012bdz\u012bbas. Neuzkl\u0101t uz boj\u0101tas \u0101das. Nelietot, ja ir paaugstin\u0101ta jut\u012bba pret k\u0101du no produkta sast\u0101vda\u013c\u0101m. P\u0101rtraukt lieto&scaron;anu, ja rodas kairin\u0101jums. Sarg\u0101t no b\u0113rniem.&nbsp;<\/p>\n<p>Uzglab\u0101t temperat\u016br\u0101 no +5&deg;C l\u012bdz +25&deg;C.<br \/>\n&nbsp;<\/p>\n","protected":false},"excerpt":{"rendered":"<p>Lietojiet l\u016bpu sp\u012bdumu, lai acumirkl\u012b pie&scaron;\u0137irtu l\u016bp\u0101m papildu apjomu un neatk\u0101rtojamu mirdzumu. Mitrino&scaron;\u0101 formula izl\u012bdzina l\u016bpu \u0101du un nov\u0113r&scaron; sausumu. Piesardz\u012bbas pas\u0101kumi: tikai \u0101r\u012bgai lieto&scaron;anai. Izvair\u012bties no saskares ar ac\u012bm. Ja nok\u013c\u016bst ac\u012bs, nekav\u0113joties izskalot ar lielu daudzumu \u016bdens un, nepiecie&scaron;am\u012bbas gad\u012bjum\u0101, v\u0113rsties p\u0113c medic\u012bniskas pal\u012bdz\u012bbas. Neuzkl\u0101t uz boj\u0101tas \u0101das. Nelietot, ja ir paaugstin\u0101ta jut\u012bba [&#8230;]\n","protected":false},"featured_media":89138,"template":"","meta":[],"product_cat":[1271],"product_tag":[],"class_list":{"0":"post-31161","1":"product","2":"type-product","3":"status-publish","4":"has-post-thumbnail","6":"product_brand-7days_it","7":"product_cat-lupu-spidumi","9":"first","10":"instock","11":"taxable","12":"shipping-taxable","13":"product-type-simple"},"_links":{"self":[{"href":"https:\/\/e.kosmolat.eu\/lv\/wp-json\/wp\/v2\/product\/31161","targetHints":{"allow":["GET"]}}],"collection":[{"href":"https:\/\/e.kosmolat.eu\/lv\/wp-json\/wp\/v2\/product"}],"about":[{"href":"https:\/\/e.kosmolat.eu\/lv\/wp-json\/wp\/v2\/types\/product"}],"wp:featuredmedia":[{"embeddable":true,"href":"https:\/\/e.kosmolat.eu\/lv\/wp-json\/wp\/v2\/media\/89138"}],"wp:attachment":[{"href":"https:\/\/e.kosmolat.eu\/lv\/wp-json\/wp\/v2\/media?parent=31161"}],"wp:term":[{"taxonomy":"product_cat","embeddable":true,"href":"https:\/\/e.kosmolat.eu\/lv\/wp-json\/wp\/v2\/product_cat?post=31161"},{"taxonomy":"product_tag","embeddable":true,"href":"https:\/\/e.kosmolat.eu\/lv\/wp-json\/wp\/v2\/product_tag?post=31161"}],"curies":[{"name":"wp","href":"https:\/\/api.w.org\/{rel}","templated":true}]}}