{"id":31157,"date":"2023-12-19T21:55:42","date_gmt":"2023-12-19T21:55:42","guid":{"rendered":"https:\/\/e.kosmolat.eu\/product\/7days-b-colour-mat-skidra-lupu-krasa-03-raspberry-2-5-ml\/"},"modified":"2026-04-01T07:20:44","modified_gmt":"2026-04-01T07:20:44","slug":"7days-b-colour-mat-skidra-lupu-krasa-03-raspberry-2-5-ml","status":"publish","type":"product","link":"https:\/\/e.kosmolat.eu\/lv\/product\/7days-b-colour-mat-skidra-lupu-krasa-03-raspberry-2-5-ml\/","title":{"rendered":"7Days B.Colour Mat.\u0161\u0137idr\u0101 l\u016bpu kr\u0101sa, 03 Raspberry, 2.5 ml"},"content":{"rendered":"<p>Radiet stil\u012bgu ikdienas vai vakara t\u0113lu ar &scaron;\u0137idr\u0101s mat\u0113t\u0101s l\u016bpu kr\u0101sas pal\u012bdz\u012bbu. Viegla samtaina l\u016bpu kr\u0101sas tekst\u016bra nenotek un neveido sabiez\u0113jumus. Vienk\u0101r&scaron;s lieto&scaron;an\u0101 aplikators vienm\u0113r\u012bgi uzkl\u0101j l\u016bpu kr\u0101su un izce\u013c l\u016bpu kont\u016bras.<\/p>\n<p><strong>Piesardz\u012bbas pas\u0101kumi:<\/strong> tikai \u0101r\u012bgai lieto&scaron;anai. Izvair\u012bties no saskares ar ac\u012bm. Ja nok\u013c\u016bst ac\u012bs, nekav\u0113joties izskalot ar lielu daudzumu \u016bdens un, nepiecie&scaron;am\u012bbas gad\u012bjum\u0101, v\u0113rsties p\u0113c medic\u012bniskas pal\u012bdz\u012bbas. Neuzkl\u0101t uz boj\u0101tas \u0101das. Nelietot, ja ir paaugstin\u0101ta jut\u012bba pret k\u0101du no produkta sast\u0101vda\u013c\u0101m. P\u0101rtraukt lieto&scaron;anu, ja rodas kairin\u0101jums. Sarg\u0101t no b\u0113rniem. Uzglab\u0101t temperat\u016br\u0101 no +5&deg;C l\u012bdz +25&deg;C.<br \/>\n&nbsp;<\/p>\n","protected":false},"excerpt":{"rendered":"<p>Radiet stil\u012bgu ikdienas vai vakara t\u0113lu ar &scaron;\u0137idr\u0101s mat\u0113t\u0101s l\u016bpu kr\u0101sas pal\u012bdz\u012bbu. Viegla samtaina l\u016bpu kr\u0101sas tekst\u016bra nenotek un neveido sabiez\u0113jumus. Vienk\u0101r&scaron;s lieto&scaron;an\u0101 aplikators vienm\u0113r\u012bgi uzkl\u0101j l\u016bpu kr\u0101su un izce\u013c l\u016bpu kont\u016bras. Piesardz\u012bbas pas\u0101kumi: tikai \u0101r\u012bgai lieto&scaron;anai. Izvair\u012bties no saskares ar ac\u012bm. Ja nok\u013c\u016bst ac\u012bs, nekav\u0113joties izskalot ar lielu daudzumu \u016bdens un, nepiecie&scaron;am\u012bbas gad\u012bjum\u0101, v\u0113rsties [&#8230;]\n","protected":false},"featured_media":89134,"template":"","meta":[],"product_cat":[1267],"product_tag":[],"class_list":{"0":"post-31157","1":"product","2":"type-product","3":"status-publish","4":"has-post-thumbnail","6":"product_brand-7days_it","7":"product_cat-lupu-krasas","9":"first","10":"outofstock","11":"taxable","12":"shipping-taxable","13":"product-type-simple"},"_links":{"self":[{"href":"https:\/\/e.kosmolat.eu\/lv\/wp-json\/wp\/v2\/product\/31157","targetHints":{"allow":["GET"]}}],"collection":[{"href":"https:\/\/e.kosmolat.eu\/lv\/wp-json\/wp\/v2\/product"}],"about":[{"href":"https:\/\/e.kosmolat.eu\/lv\/wp-json\/wp\/v2\/types\/product"}],"wp:featuredmedia":[{"embeddable":true,"href":"https:\/\/e.kosmolat.eu\/lv\/wp-json\/wp\/v2\/media\/89134"}],"wp:attachment":[{"href":"https:\/\/e.kosmolat.eu\/lv\/wp-json\/wp\/v2\/media?parent=31157"}],"wp:term":[{"taxonomy":"product_cat","embeddable":true,"href":"https:\/\/e.kosmolat.eu\/lv\/wp-json\/wp\/v2\/product_cat?post=31157"},{"taxonomy":"product_tag","embeddable":true,"href":"https:\/\/e.kosmolat.eu\/lv\/wp-json\/wp\/v2\/product_tag?post=31157"}],"curies":[{"name":"wp","href":"https:\/\/api.w.org\/{rel}","templated":true}]}}