{"id":31145,"date":"2023-12-19T21:54:32","date_gmt":"2023-12-19T21:54:32","guid":{"rendered":"https:\/\/e.kosmolat.eu\/product\/7days-b-colour-spidiga-lupu-krasa-02-unicorn-4-g\/"},"modified":"2025-09-20T01:34:43","modified_gmt":"2025-09-20T01:34:43","slug":"7days-b-colour-spidiga-lupu-krasa-02-unicorn-4-g","status":"publish","type":"product","link":"https:\/\/e.kosmolat.eu\/lv\/product\/7days-b-colour-spidiga-lupu-krasa-02-unicorn-4-g\/","title":{"rendered":"7Days B.Colour Sp\u012bd\u012bga l\u016bpu kr\u0101sa, 02 Unicorn, 4 g"},"content":{"rendered":"<p>Sp\u012bd\u012bga l\u016bpu kr\u0101sa pie&scaron;\u0137ir j\u016bsu l\u016bp\u0101m pievilc\u012bgu sp\u012bdumu un izskat\u0101s spilgti un iespaid\u012bgi. Vienm\u0113r\u012bgi uzkl\u0101jama maiga un viegla l\u016bpu kr\u0101sa nesausina un mitrina l\u016bpas. Lietot atsevi&scaron;\u0137i vai kombin\u0113jot ar ton\u0113jo&scaron;u l\u016bpu kr\u0101su.<\/p>\n<p><strong>Piesardz\u012bbas pas\u0101kumi:<\/strong> tikai \u0101r\u012bgai lieto&scaron;anai. Izvair\u012bties no saskares ar ac\u012bm. Ja nok\u013c\u016bst ac\u012bs, nekav\u0113joties izskalot ar lielu daudzumu \u016bdens un, nepiecie&scaron;am\u012bbas gad\u012bjum\u0101, v\u0113rsties p\u0113c medic\u012bniskas pal\u012bdz\u012bbas. Neuzkl\u0101t uz boj\u0101tas \u0101das. Nelietot, ja ir paaugstin\u0101ta jut\u012bba pret k\u0101du no produkta sast\u0101vda\u013c\u0101m. P\u0101rtraukt lieto&scaron;anu, ja rodas kairin\u0101jums. Sarg\u0101t no b\u0113rniem.<\/p>\n<p>Uzglab\u0101t temperat\u016br\u0101 no +5&deg;C l\u012bdz +25&deg;C.<br \/>\n&nbsp;<\/p>\n","protected":false},"excerpt":{"rendered":"<p>Sp\u012bd\u012bga l\u016bpu kr\u0101sa pie&scaron;\u0137ir j\u016bsu l\u016bp\u0101m pievilc\u012bgu sp\u012bdumu un izskat\u0101s spilgti un iespaid\u012bgi. Vienm\u0113r\u012bgi uzkl\u0101jama maiga un viegla l\u016bpu kr\u0101sa nesausina un mitrina l\u016bpas. Lietot atsevi&scaron;\u0137i vai kombin\u0113jot ar ton\u0113jo&scaron;u l\u016bpu kr\u0101su. Piesardz\u012bbas pas\u0101kumi: tikai \u0101r\u012bgai lieto&scaron;anai. Izvair\u012bties no saskares ar ac\u012bm. Ja nok\u013c\u016bst ac\u012bs, nekav\u0113joties izskalot ar lielu daudzumu \u016bdens un, nepiecie&scaron;am\u012bbas gad\u012bjum\u0101, v\u0113rsties [&#8230;]\n","protected":false},"featured_media":89122,"template":"","meta":[],"product_cat":[1267],"product_tag":[],"class_list":{"0":"post-31145","1":"product","2":"type-product","3":"status-publish","4":"has-post-thumbnail","6":"product_brand-7days_it","7":"product_cat-lupu-krasas","9":"first","10":"outofstock","11":"taxable","12":"shipping-taxable","13":"product-type-simple"},"_links":{"self":[{"href":"https:\/\/e.kosmolat.eu\/lv\/wp-json\/wp\/v2\/product\/31145","targetHints":{"allow":["GET"]}}],"collection":[{"href":"https:\/\/e.kosmolat.eu\/lv\/wp-json\/wp\/v2\/product"}],"about":[{"href":"https:\/\/e.kosmolat.eu\/lv\/wp-json\/wp\/v2\/types\/product"}],"wp:featuredmedia":[{"embeddable":true,"href":"https:\/\/e.kosmolat.eu\/lv\/wp-json\/wp\/v2\/media\/89122"}],"wp:attachment":[{"href":"https:\/\/e.kosmolat.eu\/lv\/wp-json\/wp\/v2\/media?parent=31145"}],"wp:term":[{"taxonomy":"product_cat","embeddable":true,"href":"https:\/\/e.kosmolat.eu\/lv\/wp-json\/wp\/v2\/product_cat?post=31145"},{"taxonomy":"product_tag","embeddable":true,"href":"https:\/\/e.kosmolat.eu\/lv\/wp-json\/wp\/v2\/product_tag?post=31145"}],"curies":[{"name":"wp","href":"https:\/\/api.w.org\/{rel}","templated":true}]}}