{"id":31141,"date":"2023-12-19T21:54:08","date_gmt":"2023-12-19T21:54:08","guid":{"rendered":"https:\/\/e.kosmolat.eu\/product\/cl-samp-2in1-uz-zalu-novarijuma-240-ml\/"},"modified":"2026-03-31T07:01:43","modified_gmt":"2026-03-31T07:01:43","slug":"cl-samp-2in1-uz-zalu-novarijuma-240-ml","status":"publish","type":"product","link":"https:\/\/e.kosmolat.eu\/lv\/product\/cl-samp-2in1-uz-zalu-novarijuma-240-ml\/","title":{"rendered":"CL \u0160amp. 2in1 uz z\u0101\u013cu nov\u0101r\u012bjuma, 240 ml"},"content":{"rendered":"<p>Piem\u0113rots visiem matu tipiem. 97% dab\u012bgas izcelsmes sast\u0101vda\u013cu. Satur 5 ekstraktu un e\u013c\u013cu Nature Plus esenci (verbenas ekstrakts, salvijas ekstrakts, me\u017eroz\u012b&scaron;u ekstrakts, mande\u013cu un linu e\u013c\u013cas).&nbsp;<\/p>\n<p>Akt\u012bv\u0101s dab\u012bg\u0101s sast\u0101vda\u013cas atjauno un stiprina matus, pasarg\u0101jot no boj\u0101jumiem.<\/p>\n<p>Api\u0146a un di\u017edad\u017ea ekstrakti veicina matu sak\u0146u baro&scaron;anu, sekm\u0113jot to aug&scaron;anu. Balzams l\u012bdzek\u013ca sast\u0101v\u0101 atvieglo matu \u0137emm\u0113&scaron;anu, m\u012bkstina un pie&scaron;\u0137ir matiem sp\u012bdumu.<\/p>\n<p><strong>Lieto&scaron;ana: <\/strong>uzkl\u0101t uz mitriem matiem, mas\u0113t galvas \u0101du 1 min\u016bti, r\u016bp\u012bgi izskalot. Ja iek\u013c\u016bst ac\u012bs, r\u016bp\u012bgi izskalot ar \u016bdeni.<br \/>\nNav \u0101rstniecisks l\u012bdzeklis.&nbsp;<\/p>\n<p>Uzglab\u0101t temperat\u016br\u0101 no +5 &deg;C l\u012bdz +25 &deg;C.<br \/>\n&nbsp;<\/p>\n","protected":false},"excerpt":{"rendered":"<p>Piem\u0113rots visiem matu tipiem. 97% dab\u012bgas izcelsmes sast\u0101vda\u013cu. Satur 5 ekstraktu un e\u013c\u013cu Nature Plus esenci (verbenas ekstrakts, salvijas ekstrakts, me\u017eroz\u012b&scaron;u ekstrakts, mande\u013cu un linu e\u013c\u013cas).&nbsp; Akt\u012bv\u0101s dab\u012bg\u0101s sast\u0101vda\u013cas atjauno un stiprina matus, pasarg\u0101jot no boj\u0101jumiem. Api\u0146a un di\u017edad\u017ea ekstrakti veicina matu sak\u0146u baro&scaron;anu, sekm\u0113jot to aug&scaron;anu. Balzams l\u012bdzek\u013ca sast\u0101v\u0101 atvieglo matu \u0137emm\u0113&scaron;anu, m\u012bkstina un [&#8230;]\n","protected":false},"featured_media":89118,"template":"","meta":[],"product_cat":[1248],"product_tag":[],"class_list":{"0":"post-31141","1":"product","2":"type-product","3":"status-publish","4":"has-post-thumbnail","6":"product_brand-unilever-ua","7":"product_cat-sampuni","9":"first","10":"outofstock","11":"taxable","12":"shipping-taxable","13":"product-type-simple"},"_links":{"self":[{"href":"https:\/\/e.kosmolat.eu\/lv\/wp-json\/wp\/v2\/product\/31141","targetHints":{"allow":["GET"]}}],"collection":[{"href":"https:\/\/e.kosmolat.eu\/lv\/wp-json\/wp\/v2\/product"}],"about":[{"href":"https:\/\/e.kosmolat.eu\/lv\/wp-json\/wp\/v2\/types\/product"}],"wp:featuredmedia":[{"embeddable":true,"href":"https:\/\/e.kosmolat.eu\/lv\/wp-json\/wp\/v2\/media\/89118"}],"wp:attachment":[{"href":"https:\/\/e.kosmolat.eu\/lv\/wp-json\/wp\/v2\/media?parent=31141"}],"wp:term":[{"taxonomy":"product_cat","embeddable":true,"href":"https:\/\/e.kosmolat.eu\/lv\/wp-json\/wp\/v2\/product_cat?post=31141"},{"taxonomy":"product_tag","embeddable":true,"href":"https:\/\/e.kosmolat.eu\/lv\/wp-json\/wp\/v2\/product_tag?post=31141"}],"curies":[{"name":"wp","href":"https:\/\/api.w.org\/{rel}","templated":true}]}}