{"id":31137,"date":"2023-12-19T21:53:50","date_gmt":"2023-12-19T21:53:50","guid":{"rendered":"https:\/\/e.kosmolat.eu\/product\/tresemme-day2-saus-samp-matu-apjomam-250-ml\/"},"modified":"2026-03-10T13:16:24","modified_gmt":"2026-03-10T13:16:24","slug":"tresemme-day2-saus-samp-matu-apjomam-250-ml","status":"publish","type":"product","link":"https:\/\/e.kosmolat.eu\/lv\/product\/tresemme-day2-saus-samp-matu-apjomam-250-ml\/","title":{"rendered":"Tresemme Day2 Saus. \u0160amp. Matu apjomam, 250 ml"},"content":{"rendered":"<p>Acumirkl\u012b likvid\u0113 lieko taukainumu un atsvaidzina friz\u016bru bez mazg\u0101&scaron;anas un lieliski pie&scaron;\u0137ir apjomu un formu pie matu sakn\u0113m.<\/p>\n<p><strong>Lieto&scaron;ana<\/strong>: k\u0101rt\u012bgi sakrat\u012bt, izsmidzin\u0101t piesak\u0146u zon\u0101 no 25 cm att\u0101luma, nedaudz pace\u013cot sausu matu &scaron;\u0137ipsnas. Ar viegl\u0101m mas\u0101\u017eas kust\u012bb\u0101m izkl\u0101t vis\u0101 matu garum\u0101. Iz\u0137emm\u0113t un ieveidot matus.<\/p>\n<p><strong>Piesardz\u012bbas pas\u0101kumi:<\/strong> Pirms katras lieto&scaron;anas reizes labi sakrat\u012bt tvertni. Nelietot uz iekaisu&scaron;as vai boj\u0101tas \u0101das. Izvair\u012bties no saskares ar ac\u012bm. Neieelpot. Izvair\u012bties no ilgsto&scaron;as izsmidzin\u0101&scaron;anas. Lietot tikai labi v\u0113din\u0101m\u0101s viet\u0101s.&nbsp;<strong>B\u012bstami! <\/strong>\u012apa&scaron;i viegli uzliesmojo&scaron;s aerosols. Tvertne zem spiediena: karstum\u0101 var eksplod\u0113t. Sarg\u0101t no karstuma, karst\u0101m virsm\u0101m, dzirkstel\u0113m, atkl\u0101tas uguns un citiem aizdeg&scaron;an\u0101s avotiem. Nesm\u0113\u0137\u0113t. Neizsmidzin\u0101t uz atkl\u0101tas uguns vai citiem aizdeg&scaron;an\u0101s avotiem. Nedurt vai nededzin\u0101t, ar\u012b p\u0113c izlieto&scaron;anas. Aizsarg\u0101t no saules gaismas. Nepak\u013caut temperat\u016brai, kas p\u0101rsniedz 50 &ordm;C\/122 &ordm;F. Sarg\u0101t no b\u0113rniem.<\/p>\n<p>Uzglab\u0101t temperat\u016br\u0101 no +5 &deg;\u0421 l\u012bdz +25 &deg;\u0421.<\/p>\n","protected":false},"excerpt":{"rendered":"<p>Acumirkl\u012b likvid\u0113 lieko taukainumu un atsvaidzina friz\u016bru bez mazg\u0101&scaron;anas un lieliski pie&scaron;\u0137ir apjomu un formu pie matu sakn\u0113m. Lieto&scaron;ana: k\u0101rt\u012bgi sakrat\u012bt, izsmidzin\u0101t piesak\u0146u zon\u0101 no 25 cm att\u0101luma, nedaudz pace\u013cot sausu matu &scaron;\u0137ipsnas. Ar viegl\u0101m mas\u0101\u017eas kust\u012bb\u0101m izkl\u0101t vis\u0101 matu garum\u0101. Iz\u0137emm\u0113t un ieveidot matus. Piesardz\u012bbas pas\u0101kumi: Pirms katras lieto&scaron;anas reizes labi sakrat\u012bt tvertni. Nelietot [&#8230;]\n","protected":false},"featured_media":89114,"template":"","meta":[],"product_cat":[1999],"product_tag":[],"class_list":{"0":"post-31137","1":"product","2":"type-product","3":"status-publish","4":"has-post-thumbnail","6":"product_brand-unilever-ua","7":"product_cat-bez-kategorijas","9":"first","10":"outofstock","11":"taxable","12":"shipping-taxable","13":"product-type-simple"},"_links":{"self":[{"href":"https:\/\/e.kosmolat.eu\/lv\/wp-json\/wp\/v2\/product\/31137","targetHints":{"allow":["GET"]}}],"collection":[{"href":"https:\/\/e.kosmolat.eu\/lv\/wp-json\/wp\/v2\/product"}],"about":[{"href":"https:\/\/e.kosmolat.eu\/lv\/wp-json\/wp\/v2\/types\/product"}],"wp:featuredmedia":[{"embeddable":true,"href":"https:\/\/e.kosmolat.eu\/lv\/wp-json\/wp\/v2\/media\/89114"}],"wp:attachment":[{"href":"https:\/\/e.kosmolat.eu\/lv\/wp-json\/wp\/v2\/media?parent=31137"}],"wp:term":[{"taxonomy":"product_cat","embeddable":true,"href":"https:\/\/e.kosmolat.eu\/lv\/wp-json\/wp\/v2\/product_cat?post=31137"},{"taxonomy":"product_tag","embeddable":true,"href":"https:\/\/e.kosmolat.eu\/lv\/wp-json\/wp\/v2\/product_tag?post=31137"}],"curies":[{"name":"wp","href":"https:\/\/api.w.org\/{rel}","templated":true}]}}