{"id":31129,"date":"2023-12-19T21:53:10","date_gmt":"2023-12-19T21:53:10","guid":{"rendered":"https:\/\/e.kosmolat.eu\/product\/i_nagu-laka-mini-hit-tonis-012\/"},"modified":"2025-09-20T01:33:44","modified_gmt":"2025-09-20T01:33:44","slug":"_nagu-laka-mini-hit-tonis-012","status":"publish","type":"product","link":"https:\/\/e.kosmolat.eu\/lv\/product\/_nagu-laka-mini-hit-tonis-012\/","title":{"rendered":"_Nagu laka &#8220;Mini HIT&#8221;, tonis 012"},"content":{"rendered":"<p>Uzglab\u0101t temperat\u016br\u0101, no +5 &ordm;C l\u012bdz +25 &ordm;C.<\/p>\n<p><strong>Der\u012bguma termi\u0146&scaron;:<\/strong> 36 m\u0113ne&scaron;i no izgatavo&scaron;anas datuma.<br \/>\n&nbsp;<\/p>\n","protected":false},"excerpt":{"rendered":"<p>Uzglab\u0101t temperat\u016br\u0101, no +5 &ordm;C l\u012bdz +25 &ordm;C. Der\u012bguma termi\u0146&scaron;: 36 m\u0113ne&scaron;i no izgatavo&scaron;anas datuma. &nbsp;<\/p>\n","protected":false},"featured_media":89106,"template":"","meta":[],"product_cat":[1516],"product_tag":[],"class_list":{"0":"post-31129","1":"product","2":"type-product","3":"status-publish","4":"has-post-thumbnail","6":"product_brand-belordizain_by","7":"product_cat-1516","9":"first","10":"outofstock","11":"taxable","12":"shipping-taxable","13":"product-type-simple"},"_links":{"self":[{"href":"https:\/\/e.kosmolat.eu\/lv\/wp-json\/wp\/v2\/product\/31129","targetHints":{"allow":["GET"]}}],"collection":[{"href":"https:\/\/e.kosmolat.eu\/lv\/wp-json\/wp\/v2\/product"}],"about":[{"href":"https:\/\/e.kosmolat.eu\/lv\/wp-json\/wp\/v2\/types\/product"}],"wp:featuredmedia":[{"embeddable":true,"href":"https:\/\/e.kosmolat.eu\/lv\/wp-json\/wp\/v2\/media\/89106"}],"wp:attachment":[{"href":"https:\/\/e.kosmolat.eu\/lv\/wp-json\/wp\/v2\/media?parent=31129"}],"wp:term":[{"taxonomy":"product_cat","embeddable":true,"href":"https:\/\/e.kosmolat.eu\/lv\/wp-json\/wp\/v2\/product_cat?post=31129"},{"taxonomy":"product_tag","embeddable":true,"href":"https:\/\/e.kosmolat.eu\/lv\/wp-json\/wp\/v2\/product_tag?post=31129"}],"curies":[{"name":"wp","href":"https:\/\/api.w.org\/{rel}","templated":true}]}}