{"id":31125,"date":"2023-12-19T21:52:53","date_gmt":"2023-12-19T21:52:53","guid":{"rendered":"https:\/\/e.kosmolat.eu\/product\/bd-acu-konturzimulis-stream-line-melns-1-1-g\/"},"modified":"2025-09-20T01:33:30","modified_gmt":"2025-09-20T01:33:30","slug":"bd-acu-konturzimulis-sl-melns-1-1-g","status":"publish","type":"product","link":"https:\/\/e.kosmolat.eu\/lv\/product\/bd-acu-konturzimulis-sl-melns-1-1-g\/","title":{"rendered":"BD Acu kont\u016brz\u012bmulis SL melns, 1.1 g"},"content":{"rendered":"<p>Uzglab\u0101t temperat\u016br\u0101 no +5 &ordm;C l\u012bdz +25 &ordm;C. Uzglab\u0101t vertik\u0101li, ar v\u0101ci\u0146u uz leju.<\/p>\n","protected":false},"excerpt":{"rendered":"<p>Uzglab\u0101t temperat\u016br\u0101 no +5 &ordm;C l\u012bdz +25 &ordm;C. Uzglab\u0101t vertik\u0101li, ar v\u0101ci\u0146u uz leju.<\/p>\n","protected":false},"featured_media":89102,"template":"","meta":[],"product_cat":[1262],"product_tag":[],"class_list":{"0":"post-31125","1":"product","2":"type-product","3":"status-publish","4":"has-post-thumbnail","6":"product_brand-belordizain_by","7":"product_cat-zimuli-laineri","9":"first","10":"outofstock","11":"taxable","12":"shipping-taxable","13":"product-type-simple"},"_links":{"self":[{"href":"https:\/\/e.kosmolat.eu\/lv\/wp-json\/wp\/v2\/product\/31125","targetHints":{"allow":["GET"]}}],"collection":[{"href":"https:\/\/e.kosmolat.eu\/lv\/wp-json\/wp\/v2\/product"}],"about":[{"href":"https:\/\/e.kosmolat.eu\/lv\/wp-json\/wp\/v2\/types\/product"}],"wp:featuredmedia":[{"embeddable":true,"href":"https:\/\/e.kosmolat.eu\/lv\/wp-json\/wp\/v2\/media\/89102"}],"wp:attachment":[{"href":"https:\/\/e.kosmolat.eu\/lv\/wp-json\/wp\/v2\/media?parent=31125"}],"wp:term":[{"taxonomy":"product_cat","embeddable":true,"href":"https:\/\/e.kosmolat.eu\/lv\/wp-json\/wp\/v2\/product_cat?post=31125"},{"taxonomy":"product_tag","embeddable":true,"href":"https:\/\/e.kosmolat.eu\/lv\/wp-json\/wp\/v2\/product_tag?post=31125"}],"curies":[{"name":"wp","href":"https:\/\/api.w.org\/{rel}","templated":true}]}}