{"id":31105,"date":"2023-12-19T21:51:28","date_gmt":"2023-12-19T21:51:28","guid":{"rendered":"https:\/\/e.kosmolat.eu\/product\/bd-be-color-lupu-krasa-tonis-122\/"},"modified":"2025-09-20T01:31:30","modified_gmt":"2025-09-20T01:31:30","slug":"bd-be-color-lupu-krasa-tonis-122","status":"publish","type":"product","link":"https:\/\/e.kosmolat.eu\/lv\/product\/bd-be-color-lupu-krasa-tonis-122\/","title":{"rendered":"BD Be Color L\u016bpu kr\u0101sa, tonis 122"},"content":{"rendered":"<p>Uzglab\u0101t temperat\u016br\u0101, &nbsp;no 0 &ordm;C l\u012bdz 25 &ordm;C, prom no apkures ier\u012bc\u0113m, sarg\u0101jot no tie&scaron;iem saules stariem.<\/p>\n","protected":false},"excerpt":{"rendered":"<p>Uzglab\u0101t temperat\u016br\u0101, &nbsp;no 0 &ordm;C l\u012bdz 25 &ordm;C, prom no apkures ier\u012bc\u0113m, sarg\u0101jot no tie&scaron;iem saules stariem.<\/p>\n","protected":false},"featured_media":89066,"template":"","meta":[],"product_cat":[1267],"product_tag":[],"class_list":{"0":"post-31105","1":"product","2":"type-product","3":"status-publish","4":"has-post-thumbnail","6":"product_brand-belordizain_by","7":"product_cat-lupu-krasas","9":"first","10":"outofstock","11":"taxable","12":"shipping-taxable","13":"product-type-simple"},"_links":{"self":[{"href":"https:\/\/e.kosmolat.eu\/lv\/wp-json\/wp\/v2\/product\/31105","targetHints":{"allow":["GET"]}}],"collection":[{"href":"https:\/\/e.kosmolat.eu\/lv\/wp-json\/wp\/v2\/product"}],"about":[{"href":"https:\/\/e.kosmolat.eu\/lv\/wp-json\/wp\/v2\/types\/product"}],"wp:featuredmedia":[{"embeddable":true,"href":"https:\/\/e.kosmolat.eu\/lv\/wp-json\/wp\/v2\/media\/89066"}],"wp:attachment":[{"href":"https:\/\/e.kosmolat.eu\/lv\/wp-json\/wp\/v2\/media?parent=31105"}],"wp:term":[{"taxonomy":"product_cat","embeddable":true,"href":"https:\/\/e.kosmolat.eu\/lv\/wp-json\/wp\/v2\/product_cat?post=31105"},{"taxonomy":"product_tag","embeddable":true,"href":"https:\/\/e.kosmolat.eu\/lv\/wp-json\/wp\/v2\/product_tag?post=31105"}],"curies":[{"name":"wp","href":"https:\/\/api.w.org\/{rel}","templated":true}]}}