{"id":31093,"date":"2023-12-19T21:50:31","date_gmt":"2023-12-19T21:50:31","guid":{"rendered":"https:\/\/e.kosmolat.eu\/product\/bd-lupu-krasa-party-tonis-131\/"},"modified":"2025-09-20T01:30:44","modified_gmt":"2025-09-20T01:30:44","slug":"bd-lupu-krasa-party-tonis-131","status":"publish","type":"product","link":"https:\/\/e.kosmolat.eu\/lv\/product\/bd-lupu-krasa-party-tonis-131\/","title":{"rendered":"BD L\u016bpu kr\u0101sa Party, tonis 131"},"content":{"rendered":"<p>Uzglab\u0101t temperat\u016br\u0101, no 0 &ordm;C l\u012bdz +25 &ordm;C, prom no apkures ier\u012bc\u0113m, sarg\u0101jot no tie&scaron;iem saules stariem.<\/p>\n","protected":false},"excerpt":{"rendered":"<p>Uzglab\u0101t temperat\u016br\u0101, no 0 &ordm;C l\u012bdz +25 &ordm;C, prom no apkures ier\u012bc\u0113m, sarg\u0101jot no tie&scaron;iem saules stariem.<\/p>\n","protected":false},"featured_media":89054,"template":"","meta":[],"product_cat":[1269],"product_tag":[],"class_list":{"0":"post-31093","1":"product","2":"type-product","3":"status-publish","4":"has-post-thumbnail","6":"product_brand-belordizain_by","7":"product_cat-lupu-dazai","9":"first","10":"outofstock","11":"taxable","12":"shipping-taxable","13":"product-type-simple"},"_links":{"self":[{"href":"https:\/\/e.kosmolat.eu\/lv\/wp-json\/wp\/v2\/product\/31093","targetHints":{"allow":["GET"]}}],"collection":[{"href":"https:\/\/e.kosmolat.eu\/lv\/wp-json\/wp\/v2\/product"}],"about":[{"href":"https:\/\/e.kosmolat.eu\/lv\/wp-json\/wp\/v2\/types\/product"}],"wp:featuredmedia":[{"embeddable":true,"href":"https:\/\/e.kosmolat.eu\/lv\/wp-json\/wp\/v2\/media\/89054"}],"wp:attachment":[{"href":"https:\/\/e.kosmolat.eu\/lv\/wp-json\/wp\/v2\/media?parent=31093"}],"wp:term":[{"taxonomy":"product_cat","embeddable":true,"href":"https:\/\/e.kosmolat.eu\/lv\/wp-json\/wp\/v2\/product_cat?post=31093"},{"taxonomy":"product_tag","embeddable":true,"href":"https:\/\/e.kosmolat.eu\/lv\/wp-json\/wp\/v2\/product_tag?post=31093"}],"curies":[{"name":"wp","href":"https:\/\/api.w.org\/{rel}","templated":true}]}}