{"id":31089,"date":"2023-12-19T21:50:10","date_gmt":"2023-12-19T21:50:10","guid":{"rendered":"https:\/\/e.kosmolat.eu\/product\/metoo-nomierin-sejas-un-kermena-krems-klingerite-200-ml\/"},"modified":"2026-03-31T07:01:08","modified_gmt":"2026-03-31T07:01:08","slug":"i_metoo-nomierin-sejas-un-kermena-krems-klingerite-200-ml","status":"publish","type":"product","link":"https:\/\/e.kosmolat.eu\/lv\/product\/i_metoo-nomierin-sejas-un-kermena-krems-klingerite-200-ml\/","title":{"rendered":"I_MeToo Nomierin.sejas un \u0137erme\u0146a kr\u0113ms Kli\u0146\u0123er\u012bte, 200 ml"},"content":{"rendered":"<p>Dab\u012bgs nomierino&scaron;s kr\u0113ms sejas un \u0137ermenim paredz\u0113ts kairin\u0101tas un aps\u0101rtu&scaron;as \u0101das kop&scaron;anai ikdien\u0101. Kr\u0113ma sast\u0101vda\u013cas aizsarg\u0101 pret apk\u0101rt\u0113j\u0101s vides nelabv\u0113l\u012bgo ietekmi un nomierina \u0101du, mazinot aps\u0101rtumu un padarot to mitrin\u0101tu, gludu un elast\u012bgu. Kr\u0113ms piem\u0113rots lieto&scaron;anai zem makij\u0101\u017eas un noguru&scaron;ai \u0101dai ap ac\u012bm. Ieteicams ar\u012b \u0137erme\u0146a kop&scaron;anai un k\u0101 l\u012bdzeklis \u0101das kop&scaron;anai p\u0113c sau\u013co&scaron;an\u0101s.<\/p>\n","protected":false},"excerpt":{"rendered":"<p>Dab\u012bgs nomierino&scaron;s kr\u0113ms sejas un \u0137ermenim paredz\u0113ts kairin\u0101tas un aps\u0101rtu&scaron;as \u0101das kop&scaron;anai ikdien\u0101. Kr\u0113ma sast\u0101vda\u013cas aizsarg\u0101 pret apk\u0101rt\u0113j\u0101s vides nelabv\u0113l\u012bgo ietekmi un nomierina \u0101du, mazinot aps\u0101rtumu un padarot to mitrin\u0101tu, gludu un elast\u012bgu. Kr\u0113ms piem\u0113rots lieto&scaron;anai zem makij\u0101\u017eas un noguru&scaron;ai \u0101dai ap ac\u012bm. Ieteicams ar\u012b \u0137erme\u0146a kop&scaron;anai un k\u0101 l\u012bdzeklis \u0101das kop&scaron;anai p\u0113c sau\u013co&scaron;an\u0101s.<\/p>\n","protected":false},"featured_media":89050,"template":"","meta":[],"product_cat":[1388],"product_tag":[],"class_list":{"0":"post-31089","1":"product","2":"type-product","3":"status-publish","4":"has-post-thumbnail","6":"product_brand-vento_cz","7":"product_cat-kermena-kremi-pienini-sviesti","9":"first","10":"outofstock","11":"taxable","12":"shipping-taxable","13":"product-type-simple"},"_links":{"self":[{"href":"https:\/\/e.kosmolat.eu\/lv\/wp-json\/wp\/v2\/product\/31089","targetHints":{"allow":["GET"]}}],"collection":[{"href":"https:\/\/e.kosmolat.eu\/lv\/wp-json\/wp\/v2\/product"}],"about":[{"href":"https:\/\/e.kosmolat.eu\/lv\/wp-json\/wp\/v2\/types\/product"}],"wp:featuredmedia":[{"embeddable":true,"href":"https:\/\/e.kosmolat.eu\/lv\/wp-json\/wp\/v2\/media\/89050"}],"wp:attachment":[{"href":"https:\/\/e.kosmolat.eu\/lv\/wp-json\/wp\/v2\/media?parent=31089"}],"wp:term":[{"taxonomy":"product_cat","embeddable":true,"href":"https:\/\/e.kosmolat.eu\/lv\/wp-json\/wp\/v2\/product_cat?post=31089"},{"taxonomy":"product_tag","embeddable":true,"href":"https:\/\/e.kosmolat.eu\/lv\/wp-json\/wp\/v2\/product_tag?post=31089"}],"curies":[{"name":"wp","href":"https:\/\/api.w.org\/{rel}","templated":true}]}}