{"id":31085,"date":"2023-12-19T21:49:50","date_gmt":"2023-12-19T21:49:50","guid":{"rendered":"https:\/\/e.kosmolat.eu\/product\/metoo-pretnovec-krems-sejas-un-kakla-adai-200-ml\/"},"modified":"2026-04-18T11:21:51","modified_gmt":"2026-04-18T11:21:51","slug":"metoo-pretnovec-krems-sejas-un-kakla-adai-200-ml","status":"publish","type":"product","link":"https:\/\/e.kosmolat.eu\/lv\/product\/metoo-pretnovec-krems-sejas-un-kakla-adai-200-ml\/","title":{"rendered":"MeToo Pretnovec.kr\u0113ms sejas un kakla \u0101dai, 200 ml"},"content":{"rendered":"<p>Pretnoveco&scaron;an\u0101s kr\u0113ms sejai un kaklam mitrina noguru&scaron;u un priek&scaron;laic\u012bgi novecojo&scaron;u \u0101du. Kompleksais kr\u0113ms intens\u012bvi baro \u0101du un paaugstina t\u0101s elast\u012bbu, pasarg\u0101jot no sausuma, kairin\u0101juma un raupjuma. Kr\u0113ms acumirkl\u012b uzs\u016bcas, neatst\u0101jot taukainu k\u0101rti\u0146u, un sniedz ilgsto&scaron;u komforta saj\u016btu, pie&scaron;\u0137ir \u0101dai samtainu maigumu un gludumu. Kr\u0113ma sast\u0101vda\u013cas mazina pirm\u0101s \u0101das noveco&scaron;an\u0101s paz\u012bmes. Paredz\u0113ts nobriedu&scaron;ai \u0101dai.<\/p>\n","protected":false},"excerpt":{"rendered":"<p>Pretnoveco&scaron;an\u0101s kr\u0113ms sejai un kaklam mitrina noguru&scaron;u un priek&scaron;laic\u012bgi novecojo&scaron;u \u0101du. Kompleksais kr\u0113ms intens\u012bvi baro \u0101du un paaugstina t\u0101s elast\u012bbu, pasarg\u0101jot no sausuma, kairin\u0101juma un raupjuma. Kr\u0113ms acumirkl\u012b uzs\u016bcas, neatst\u0101jot taukainu k\u0101rti\u0146u, un sniedz ilgsto&scaron;u komforta saj\u016btu, pie&scaron;\u0137ir \u0101dai samtainu maigumu un gludumu. Kr\u0113ma sast\u0101vda\u013cas mazina pirm\u0101s \u0101das noveco&scaron;an\u0101s paz\u012bmes. Paredz\u0113ts nobriedu&scaron;ai \u0101dai.<\/p>\n","protected":false},"featured_media":89046,"template":"","meta":[],"product_cat":[1388],"product_tag":[],"class_list":{"0":"post-31085","1":"product","2":"type-product","3":"status-publish","4":"has-post-thumbnail","6":"product_brand-vento_cz","7":"product_cat-kermena-kremi-pienini-sviesti","9":"first","10":"instock","11":"taxable","12":"shipping-taxable","13":"product-type-simple"},"_links":{"self":[{"href":"https:\/\/e.kosmolat.eu\/lv\/wp-json\/wp\/v2\/product\/31085","targetHints":{"allow":["GET"]}}],"collection":[{"href":"https:\/\/e.kosmolat.eu\/lv\/wp-json\/wp\/v2\/product"}],"about":[{"href":"https:\/\/e.kosmolat.eu\/lv\/wp-json\/wp\/v2\/types\/product"}],"wp:featuredmedia":[{"embeddable":true,"href":"https:\/\/e.kosmolat.eu\/lv\/wp-json\/wp\/v2\/media\/89046"}],"wp:attachment":[{"href":"https:\/\/e.kosmolat.eu\/lv\/wp-json\/wp\/v2\/media?parent=31085"}],"wp:term":[{"taxonomy":"product_cat","embeddable":true,"href":"https:\/\/e.kosmolat.eu\/lv\/wp-json\/wp\/v2\/product_cat?post=31085"},{"taxonomy":"product_tag","embeddable":true,"href":"https:\/\/e.kosmolat.eu\/lv\/wp-json\/wp\/v2\/product_tag?post=31085"}],"curies":[{"name":"wp","href":"https:\/\/api.w.org\/{rel}","templated":true}]}}