{"id":31081,"date":"2023-12-19T21:49:30","date_gmt":"2023-12-19T21:49:30","guid":{"rendered":"https:\/\/e.kosmolat.eu\/product\/metoo-barojoss-sejas-un-kermena-krems-alveja-200-ml\/"},"modified":"2026-04-23T07:29:01","modified_gmt":"2026-04-23T07:29:01","slug":"i_metoo-barojoss-sejas-un-kermena-krems-alveja-200-ml","status":"publish","type":"product","link":"https:\/\/e.kosmolat.eu\/lv\/product\/i_metoo-barojoss-sejas-un-kermena-krems-alveja-200-ml\/","title":{"rendered":"I_MeToo Barojo\u0161s sejas un \u0137erme\u0146a kr\u0113ms Alveja, 200 ml"},"content":{"rendered":"<p>\u012apa&scaron;i mitrino&scaron;s sejas un \u0137erme\u0146a kr\u0113ms, kura pamat\u0101 ir dab\u012bgais alvejas ekstrakts, acumirkl\u012b uzlabo \u0101das mitrin\u0101&scaron;anu, mazina \u0101das sausumu, raupjumu un kairin\u0101jumu. Alvejas ekstrakts satur A, C, E vitam\u012bnus, miner\u0101lvielas un aminosk\u0101bes, kas stiprina epidermu un palielina elast\u012bbu. Alveja uzlabo dabisko \u0101das barjeru, kas nodro&scaron;ina \u0101das notur\u012bbu pret apk\u0101rt\u0113j\u0101s vides nelabv\u0113l\u012bgo ietekmi. Ieteicams jut\u012bgai \u0101dai, kurai nepiecie&scaron;ama t\u016bl\u012bt\u0113ja mitrin\u0101&scaron;ana un nomierin\u0101&scaron;ana.<\/p>\n","protected":false},"excerpt":{"rendered":"<p>\u012apa&scaron;i mitrino&scaron;s sejas un \u0137erme\u0146a kr\u0113ms, kura pamat\u0101 ir dab\u012bgais alvejas ekstrakts, acumirkl\u012b uzlabo \u0101das mitrin\u0101&scaron;anu, mazina \u0101das sausumu, raupjumu un kairin\u0101jumu. Alvejas ekstrakts satur A, C, E vitam\u012bnus, miner\u0101lvielas un aminosk\u0101bes, kas stiprina epidermu un palielina elast\u012bbu. Alveja uzlabo dabisko \u0101das barjeru, kas nodro&scaron;ina \u0101das notur\u012bbu pret apk\u0101rt\u0113j\u0101s vides nelabv\u0113l\u012bgo ietekmi. Ieteicams jut\u012bgai \u0101dai, [&#8230;]\n","protected":false},"featured_media":89042,"template":"","meta":[],"product_cat":[1999],"product_tag":[],"class_list":{"0":"post-31081","1":"product","2":"type-product","3":"status-publish","4":"has-post-thumbnail","6":"product_brand-vento_cz","7":"product_cat-bez-kategorijas","9":"first","10":"instock","11":"taxable","12":"shipping-taxable","13":"product-type-simple"},"_links":{"self":[{"href":"https:\/\/e.kosmolat.eu\/lv\/wp-json\/wp\/v2\/product\/31081","targetHints":{"allow":["GET"]}}],"collection":[{"href":"https:\/\/e.kosmolat.eu\/lv\/wp-json\/wp\/v2\/product"}],"about":[{"href":"https:\/\/e.kosmolat.eu\/lv\/wp-json\/wp\/v2\/types\/product"}],"wp:featuredmedia":[{"embeddable":true,"href":"https:\/\/e.kosmolat.eu\/lv\/wp-json\/wp\/v2\/media\/89042"}],"wp:attachment":[{"href":"https:\/\/e.kosmolat.eu\/lv\/wp-json\/wp\/v2\/media?parent=31081"}],"wp:term":[{"taxonomy":"product_cat","embeddable":true,"href":"https:\/\/e.kosmolat.eu\/lv\/wp-json\/wp\/v2\/product_cat?post=31081"},{"taxonomy":"product_tag","embeddable":true,"href":"https:\/\/e.kosmolat.eu\/lv\/wp-json\/wp\/v2\/product_tag?post=31081"}],"curies":[{"name":"wp","href":"https:\/\/api.w.org\/{rel}","templated":true}]}}