{"id":31077,"date":"2023-12-19T21:49:10","date_gmt":"2023-12-19T21:49:10","guid":{"rendered":"https:\/\/e.kosmolat.eu\/product\/metoo-mitrinoss-sejas-un-kermena-krems-gurkis-200-ml\/"},"modified":"2026-04-01T07:18:54","modified_gmt":"2026-04-01T07:18:54","slug":"i_metoo-mitrinoss-sejas-un-kermena-krems-gurkis-200-ml","status":"publish","type":"product","link":"https:\/\/e.kosmolat.eu\/lv\/product\/i_metoo-mitrinoss-sejas-un-kermena-krems-gurkis-200-ml\/","title":{"rendered":"I_MeToo Mitrino\u0161s sejas un \u0137erme\u0146a kr\u0113ms Gur\u0137is, 200 ml"},"content":{"rendered":"<p>Dzi\u013ci mitrino&scaron;s sejas un \u0137erme\u0146a kr\u0113ms ar atsvaidzino&scaron;u gur\u0137a ekstraktu. Izl\u012bdzina, toniz\u0113 un mazina noguruma paz\u012bmes. Nodro&scaron;ina optim\u0101lu un kompleksu \u0101das kop&scaron;anu. Intens\u012bvi mitrina un izl\u012bdzina sausu \u0101du, pasarg\u0101jot to no elast\u012bbas un tvirtuma zuduma. Gur\u0137u ekstrakts ir v\u0113rt\u012bgs C vitam\u012bna avots, kas darbojas k\u0101 antioksidants un viegli izgaismo \u0101du. Kr\u0113ms ir piem\u0113rots visiem \u0101das tipiem neatkar\u012bgi no vecuma. Regul\u0101ri lietojot, pie&scaron;\u0137ir \u0101dai vesel\u012bgu un pievilc\u012bgu izskatu.<\/p>\n","protected":false},"excerpt":{"rendered":"<p>Dzi\u013ci mitrino&scaron;s sejas un \u0137erme\u0146a kr\u0113ms ar atsvaidzino&scaron;u gur\u0137a ekstraktu. Izl\u012bdzina, toniz\u0113 un mazina noguruma paz\u012bmes. Nodro&scaron;ina optim\u0101lu un kompleksu \u0101das kop&scaron;anu. Intens\u012bvi mitrina un izl\u012bdzina sausu \u0101du, pasarg\u0101jot to no elast\u012bbas un tvirtuma zuduma. Gur\u0137u ekstrakts ir v\u0113rt\u012bgs C vitam\u012bna avots, kas darbojas k\u0101 antioksidants un viegli izgaismo \u0101du. Kr\u0113ms ir piem\u0113rots visiem \u0101das [&#8230;]\n","protected":false},"featured_media":89038,"template":"","meta":[],"product_cat":[1388],"product_tag":[],"class_list":{"0":"post-31077","1":"product","2":"type-product","3":"status-publish","4":"has-post-thumbnail","6":"product_brand-vento_cz","7":"product_cat-kermena-kremi-pienini-sviesti","9":"first","10":"outofstock","11":"taxable","12":"shipping-taxable","13":"product-type-simple"},"_links":{"self":[{"href":"https:\/\/e.kosmolat.eu\/lv\/wp-json\/wp\/v2\/product\/31077","targetHints":{"allow":["GET"]}}],"collection":[{"href":"https:\/\/e.kosmolat.eu\/lv\/wp-json\/wp\/v2\/product"}],"about":[{"href":"https:\/\/e.kosmolat.eu\/lv\/wp-json\/wp\/v2\/types\/product"}],"wp:featuredmedia":[{"embeddable":true,"href":"https:\/\/e.kosmolat.eu\/lv\/wp-json\/wp\/v2\/media\/89038"}],"wp:attachment":[{"href":"https:\/\/e.kosmolat.eu\/lv\/wp-json\/wp\/v2\/media?parent=31077"}],"wp:term":[{"taxonomy":"product_cat","embeddable":true,"href":"https:\/\/e.kosmolat.eu\/lv\/wp-json\/wp\/v2\/product_cat?post=31077"},{"taxonomy":"product_tag","embeddable":true,"href":"https:\/\/e.kosmolat.eu\/lv\/wp-json\/wp\/v2\/product_tag?post=31077"}],"curies":[{"name":"wp","href":"https:\/\/api.w.org\/{rel}","templated":true}]}}