{"id":31073,"date":"2023-12-19T21:48:51","date_gmt":"2023-12-19T21:48:51","guid":{"rendered":"https:\/\/e.kosmolat.eu\/product\/metoo-atjaun-sejas-un-kermena-krems-kazas-piens-200-ml\/"},"modified":"2026-04-18T06:23:42","modified_gmt":"2026-04-18T06:23:42","slug":"i_metoo-atjaun-sejas-un-kermena-krems-kazas-piens-200-ml","status":"publish","type":"product","link":"https:\/\/e.kosmolat.eu\/lv\/product\/i_metoo-atjaun-sejas-un-kermena-krems-kazas-piens-200-ml\/","title":{"rendered":"I_MeToo Atjaun.sejas un \u0137erme\u0146a kr\u0113ms Kazas piens, 200 ml"},"content":{"rendered":"<p>Atjaunojo&scaron;s sejas un \u0137erme\u0146a kr\u0113ms intens\u012bvi mitrina un nomierina \u0101du. Kr\u0113ma sast\u0101v\u0101 eso&scaron;ie barojo&scaron;ie kazas piena prote\u012bni dzi\u013ci uzs\u016bcas \u0101d\u0101 un padara to elast\u012bgu un m\u012bkstu. Kazas piens aizsarg\u0101 epidermu, pal\u0113nina noveco&scaron;anos un mazina kairin\u0101jumu, no\u0146em nepat\u012bkamo raupjuma un sasprindzin\u0101juma saj\u016btu, baro un izl\u012bdzina \u0101du. Ieteicams visiem \u0101das tipiem, \u012bpa&scaron;i sausai, jut\u012bgai un mazelast\u012bgai \u0101dai.<\/p>\n","protected":false},"excerpt":{"rendered":"<p>Atjaunojo&scaron;s sejas un \u0137erme\u0146a kr\u0113ms intens\u012bvi mitrina un nomierina \u0101du. Kr\u0113ma sast\u0101v\u0101 eso&scaron;ie barojo&scaron;ie kazas piena prote\u012bni dzi\u013ci uzs\u016bcas \u0101d\u0101 un padara to elast\u012bgu un m\u012bkstu. Kazas piens aizsarg\u0101 epidermu, pal\u0113nina noveco&scaron;anos un mazina kairin\u0101jumu, no\u0146em nepat\u012bkamo raupjuma un sasprindzin\u0101juma saj\u016btu, baro un izl\u012bdzina \u0101du. Ieteicams visiem \u0101das tipiem, \u012bpa&scaron;i sausai, jut\u012bgai un mazelast\u012bgai \u0101dai.<\/p>\n","protected":false},"featured_media":89034,"template":"","meta":[],"product_cat":[1388],"product_tag":[],"class_list":{"0":"post-31073","1":"product","2":"type-product","3":"status-publish","4":"has-post-thumbnail","6":"product_brand-vento_cz","7":"product_cat-kermena-kremi-pienini-sviesti","9":"first","10":"outofstock","11":"taxable","12":"shipping-taxable","13":"product-type-simple"},"_links":{"self":[{"href":"https:\/\/e.kosmolat.eu\/lv\/wp-json\/wp\/v2\/product\/31073","targetHints":{"allow":["GET"]}}],"collection":[{"href":"https:\/\/e.kosmolat.eu\/lv\/wp-json\/wp\/v2\/product"}],"about":[{"href":"https:\/\/e.kosmolat.eu\/lv\/wp-json\/wp\/v2\/types\/product"}],"wp:featuredmedia":[{"embeddable":true,"href":"https:\/\/e.kosmolat.eu\/lv\/wp-json\/wp\/v2\/media\/89034"}],"wp:attachment":[{"href":"https:\/\/e.kosmolat.eu\/lv\/wp-json\/wp\/v2\/media?parent=31073"}],"wp:term":[{"taxonomy":"product_cat","embeddable":true,"href":"https:\/\/e.kosmolat.eu\/lv\/wp-json\/wp\/v2\/product_cat?post=31073"},{"taxonomy":"product_tag","embeddable":true,"href":"https:\/\/e.kosmolat.eu\/lv\/wp-json\/wp\/v2\/product_tag?post=31073"}],"curies":[{"name":"wp","href":"https:\/\/api.w.org\/{rel}","templated":true}]}}