{"id":31065,"date":"2023-12-19T21:48:12","date_gmt":"2023-12-19T21:48:12","guid":{"rendered":"https:\/\/e.kosmolat.eu\/product\/metoo-zeleja-intimai-higienai-sensitive-500-ml\/"},"modified":"2026-03-31T07:00:14","modified_gmt":"2026-03-31T07:00:14","slug":"metoo-zeleja-intimai-higienai-sensitive-500-ml","status":"publish","type":"product","link":"https:\/\/e.kosmolat.eu\/lv\/product\/metoo-zeleja-intimai-higienai-sensitive-500-ml\/","title":{"rendered":"MeToo \u017deleja int\u012bmai higi\u0113nai Sensitive, 500 ml"},"content":{"rendered":"<p>Int\u012bm\u0101s higi\u0113nas \u017eeleja ar nomierino&scaron;u formulu nov\u0113r&scaron; nepat\u012bkamas smakas, maigi att\u012bra un nomierina int\u012bm\u0101s zonas \u0101du un pie&scaron;\u0137ir svaiguma saj\u016btu. Piensk\u0101be optimiz\u0113 pH l\u012bmeni, uzturot dabisko l\u012bdzsvaru. L\u012bdzeklis piem\u0113rots ikdienas lieto&scaron;anai.<\/p>\n<p><strong>Lieto&scaron;ana: <\/strong>uzkl\u0101jiet nelielu daudzumu mazg\u0101&scaron;anas l\u012bdzek\u013ca int\u012bmaj\u0101 zon\u0101, p\u0113c tam r\u016bp\u012bgi noskalojiet ar \u016bdeni.<br \/>\n&nbsp;<\/p>\n","protected":false},"excerpt":{"rendered":"<p>Int\u012bm\u0101s higi\u0113nas \u017eeleja ar nomierino&scaron;u formulu nov\u0113r&scaron; nepat\u012bkamas smakas, maigi att\u012bra un nomierina int\u012bm\u0101s zonas \u0101du un pie&scaron;\u0137ir svaiguma saj\u016btu. Piensk\u0101be optimiz\u0113 pH l\u012bmeni, uzturot dabisko l\u012bdzsvaru. L\u012bdzeklis piem\u0113rots ikdienas lieto&scaron;anai. Lieto&scaron;ana: uzkl\u0101jiet nelielu daudzumu mazg\u0101&scaron;anas l\u012bdzek\u013ca int\u012bmaj\u0101 zon\u0101, p\u0113c tam r\u016bp\u012bgi noskalojiet ar \u016bdeni. &nbsp;<\/p>\n","protected":false},"featured_media":89026,"template":"","meta":[],"product_cat":[1372],"product_tag":[],"class_list":{"0":"post-31065","1":"product","2":"type-product","3":"status-publish","4":"has-post-thumbnail","6":"product_brand-vento_cz","7":"product_cat-intima-higiena","9":"first","10":"outofstock","11":"taxable","12":"shipping-taxable","13":"product-type-simple"},"_links":{"self":[{"href":"https:\/\/e.kosmolat.eu\/lv\/wp-json\/wp\/v2\/product\/31065","targetHints":{"allow":["GET"]}}],"collection":[{"href":"https:\/\/e.kosmolat.eu\/lv\/wp-json\/wp\/v2\/product"}],"about":[{"href":"https:\/\/e.kosmolat.eu\/lv\/wp-json\/wp\/v2\/types\/product"}],"wp:featuredmedia":[{"embeddable":true,"href":"https:\/\/e.kosmolat.eu\/lv\/wp-json\/wp\/v2\/media\/89026"}],"wp:attachment":[{"href":"https:\/\/e.kosmolat.eu\/lv\/wp-json\/wp\/v2\/media?parent=31065"}],"wp:term":[{"taxonomy":"product_cat","embeddable":true,"href":"https:\/\/e.kosmolat.eu\/lv\/wp-json\/wp\/v2\/product_cat?post=31065"},{"taxonomy":"product_tag","embeddable":true,"href":"https:\/\/e.kosmolat.eu\/lv\/wp-json\/wp\/v2\/product_tag?post=31065"}],"curies":[{"name":"wp","href":"https:\/\/api.w.org\/{rel}","templated":true}]}}