{"id":31033,"date":"2023-12-19T21:45:54","date_gmt":"2023-12-19T21:45:54","guid":{"rendered":"https:\/\/e.kosmolat.eu\/product\/metoo-dusas-zeleja-un-sampuns-forest-fruit-2in1-sievietem-500-ml\/"},"modified":"2025-09-20T01:27:29","modified_gmt":"2025-09-20T01:27:29","slug":"metoo-dusas-zeleja-un-sampuns-forest-fruit-2in1-sievietem-500-ml","status":"publish","type":"product","link":"https:\/\/e.kosmolat.eu\/lv\/product\/metoo-dusas-zeleja-un-sampuns-forest-fruit-2in1-sievietem-500-ml\/","title":{"rendered":"MeToo Du\u0161as \u017eeleja un \u0161amp\u016bns Forest Fruit 2in1 sieviet\u0113m, 500 ml"},"content":{"rendered":"<p>Du&scaron;as \u017eeleja un &scaron;amp\u016bns ikdienas kop&scaron;anai. Satur sast\u0101vda\u013cas, kas maigi iedarbojas uz \u0101du un padara to t\u012bru un svaigu.<\/p>\n","protected":false},"excerpt":{"rendered":"<p>Du&scaron;as \u017eeleja un &scaron;amp\u016bns ikdienas kop&scaron;anai. Satur sast\u0101vda\u013cas, kas maigi iedarbojas uz \u0101du un padara to t\u012bru un svaigu.<\/p>\n","protected":false},"featured_media":88994,"template":"","meta":[],"product_cat":[1280],"product_tag":[],"class_list":{"0":"post-31033","1":"product","2":"type-product","3":"status-publish","4":"has-post-thumbnail","6":"product_brand-vento_cz","7":"product_cat-dusas-zelejas-un-dusas-ellas","9":"first","10":"outofstock","11":"taxable","12":"shipping-taxable","13":"product-type-simple"},"_links":{"self":[{"href":"https:\/\/e.kosmolat.eu\/lv\/wp-json\/wp\/v2\/product\/31033","targetHints":{"allow":["GET"]}}],"collection":[{"href":"https:\/\/e.kosmolat.eu\/lv\/wp-json\/wp\/v2\/product"}],"about":[{"href":"https:\/\/e.kosmolat.eu\/lv\/wp-json\/wp\/v2\/types\/product"}],"wp:featuredmedia":[{"embeddable":true,"href":"https:\/\/e.kosmolat.eu\/lv\/wp-json\/wp\/v2\/media\/88994"}],"wp:attachment":[{"href":"https:\/\/e.kosmolat.eu\/lv\/wp-json\/wp\/v2\/media?parent=31033"}],"wp:term":[{"taxonomy":"product_cat","embeddable":true,"href":"https:\/\/e.kosmolat.eu\/lv\/wp-json\/wp\/v2\/product_cat?post=31033"},{"taxonomy":"product_tag","embeddable":true,"href":"https:\/\/e.kosmolat.eu\/lv\/wp-json\/wp\/v2\/product_tag?post=31033"}],"curies":[{"name":"wp","href":"https:\/\/api.w.org\/{rel}","templated":true}]}}