{"id":31017,"date":"2023-12-19T21:44:15","date_gmt":"2023-12-19T21:44:15","guid":{"rendered":"https:\/\/e.kosmolat.eu\/product\/dr-sante-biotin-hair-matu-atjaun-busteris-100-ml\/"},"modified":"2025-09-20T01:26:21","modified_gmt":"2025-09-20T01:26:21","slug":"i_dr-sante-biotin-hair-matu-atjaun-busteris-100-ml","status":"publish","type":"product","link":"https:\/\/e.kosmolat.eu\/lv\/product\/i_dr-sante-biotin-hair-matu-atjaun-busteris-100-ml\/","title":{"rendered":"I_Dr.Sante Biotin Hair Matu atjaun.b\u016bsteris, 100 ml"},"content":{"rendered":"<p>S\u0113rija BIOTIN HAIR Hair Loss Control &ndash; vitam\u012bnu terapija matu biezumam un sp\u0113kam ar biot\u012bnu un provitam\u012bnu B5. Dermatolo\u0123iski p\u0101rbaud\u012bts.<\/p>\n<p><strong>Lieto&scaron;ana:<\/strong><br \/>\n1. Termoatjauno&scaron;ana: uz t\u012briem mitriem matiem vienm\u0113r\u012bgi uzkl\u0101t b\u016bsteri vis\u0101 to garum\u0101, neskarot galvas \u0101du un matu saknes. Uzvilkt polietil\u0113na cepur\u012bti vai termo-cepur\u012bti, sild\u012bt galvu ar f\u0113nu 3-5 min\u016btes. Atst\u0101t l\u012bdzekli iedarboties v\u0113l uz 30 min\u016bt\u0113m, maksim\u0101lam efektam iet\u012bt galvu dviel\u012b. P\u0113c tam nomazg\u0101t ar siltu teko&scaron;u \u016bdeni.&nbsp;<br \/>\n2. Ekspress-atjauno&scaron;ana: sajaukt b\u016bsteri proporcij\u0101 1:1 ar aukstu \u016bdeni l\u012bdz biezai kr\u0113mveida konsistencei. Nelietot met\u0101liskus traukus\/tvertnes. Uzkl\u0101t l\u012bdzekli vis\u0101 matu garum\u0101 un atst\u0101t uz 10-15 min\u016bt\u0113m, tad nomazg\u0101t ar siltu teko&scaron;u \u016bdeni. Saciet\u0113 temperat\u016br\u0101 zem\u0101k\u0101 par 20 &deg;\u0421. Pirms lieto&scaron;anas patur\u0113t pudel\u012bti \u013coti silt\u0101 \u016bden\u012b (bet ne verdo&scaron;\u0101), tad sakrat\u012bt.&nbsp;<\/p>\n<p><strong>Piesardz\u012bbas pas\u0101kumi: <\/strong>ja iek\u013c\u016bst ac\u012bs, izskalot ar \u016bdeni.&nbsp;<br \/>\n&nbsp;<\/p>\n","protected":false},"excerpt":{"rendered":"<p>S\u0113rija BIOTIN HAIR Hair Loss Control &ndash; vitam\u012bnu terapija matu biezumam un sp\u0113kam ar biot\u012bnu un provitam\u012bnu B5. Dermatolo\u0123iski p\u0101rbaud\u012bts. Lieto&scaron;ana: 1. Termoatjauno&scaron;ana: uz t\u012briem mitriem matiem vienm\u0113r\u012bgi uzkl\u0101t b\u016bsteri vis\u0101 to garum\u0101, neskarot galvas \u0101du un matu saknes. Uzvilkt polietil\u0113na cepur\u012bti vai termo-cepur\u012bti, sild\u012bt galvu ar f\u0113nu 3-5 min\u016btes. Atst\u0101t l\u012bdzekli iedarboties v\u0113l uz [&#8230;]\n","protected":false},"featured_media":88978,"template":"","meta":[],"product_cat":[1346],"product_tag":[],"class_list":{"0":"post-31017","1":"product","2":"type-product","3":"status-publish","4":"has-post-thumbnail","6":"product_brand-elfa_ua","7":"product_cat-1346","9":"first","10":"outofstock","11":"taxable","12":"shipping-taxable","13":"product-type-simple"},"_links":{"self":[{"href":"https:\/\/e.kosmolat.eu\/lv\/wp-json\/wp\/v2\/product\/31017","targetHints":{"allow":["GET"]}}],"collection":[{"href":"https:\/\/e.kosmolat.eu\/lv\/wp-json\/wp\/v2\/product"}],"about":[{"href":"https:\/\/e.kosmolat.eu\/lv\/wp-json\/wp\/v2\/types\/product"}],"wp:featuredmedia":[{"embeddable":true,"href":"https:\/\/e.kosmolat.eu\/lv\/wp-json\/wp\/v2\/media\/88978"}],"wp:attachment":[{"href":"https:\/\/e.kosmolat.eu\/lv\/wp-json\/wp\/v2\/media?parent=31017"}],"wp:term":[{"taxonomy":"product_cat","embeddable":true,"href":"https:\/\/e.kosmolat.eu\/lv\/wp-json\/wp\/v2\/product_cat?post=31017"},{"taxonomy":"product_tag","embeddable":true,"href":"https:\/\/e.kosmolat.eu\/lv\/wp-json\/wp\/v2\/product_tag?post=31017"}],"curies":[{"name":"wp","href":"https:\/\/api.w.org\/{rel}","templated":true}]}}