{"id":31013,"date":"2023-12-19T21:43:47","date_gmt":"2023-12-19T21:43:47","guid":{"rendered":"https:\/\/e.kosmolat.eu\/product\/skinlite-hidrogela-sejas-maska-zelts-un-kolagens-1-gab\/"},"modified":"2026-04-04T05:40:20","modified_gmt":"2026-04-04T05:40:20","slug":"skinlite-hidrogela-sejas-maska-zelts-un-kolagens-1-gab","status":"publish","type":"product","link":"https:\/\/e.kosmolat.eu\/lv\/product\/skinlite-hidrogela-sejas-maska-zelts-un-kolagens-1-gab\/","title":{"rendered":"Skinlite Hidrogela sejas maska Zelts un kolag\u0113ns, 1 gab."},"content":{"rendered":"<p>Ide\u0101ls l\u012bdzeklis \u0101trai un efekt\u012bvai \u0101das atjauno&scaron;anai ar sp\u0113c\u012bgu pretnoveco&scaron;an\u0101s efektu.&nbsp;Pateicoties koloid\u0101lajam zeltam, tiek pa\u0101trin\u0101ti vielmai\u0146as procesi epiderm\u0101 &scaron;\u016bnu l\u012bmen\u012b, paaugstin\u0101s \u0101das vitalit\u0101te, tiek stimul\u0113tas atjaunojo&scaron;\u0101s funkcijas. Zelts veicina &scaron;\u016bnu atjauno&scaron;an\u0101s procesus, k\u0101 ar\u012b pal\u012bdz nog\u0101d\u0101t citas maskas sast\u0101vda\u013cas dermas sl\u0101\u0146os.&nbsp;Kolag\u0113ns uzlabo asins mikrocirkul\u0101ciju \u0101das aug&scaron;\u0113jos sl\u0101\u0146os, kav\u0113jot noveco&scaron;an\u0101s procesus, atjauno turgoru, izl\u012bdzina m\u012bmisk\u0101s krunci\u0146as, uztur sejas \u0101du mitrin\u0101tu, elast\u012bgu un tvirtu ilgu laiku.&nbsp;Augu ekstraktu, adenoz\u012bna un niacinam\u012bda kombin\u0101cija veido sp\u0113c\u012bgu antioksidantu kompleksu, kas veicina kolag\u0113na pa&scaron;izstr\u0101di un paaugstina keram\u012bdu l\u012bmeni.&nbsp;Pateicoties unik\u0101lai pl\u0101n\u0101kai hidrogela b\u0101zei maska maksim\u0101li cie&scaron;i piegu\u013c sejas \u0101dai, veidojot vakuumu, kas vair\u0101kk\u0101rt\u012bgi palielina proced\u016bras efektivit\u0101ti, sal\u012bdzinot ar parastaj\u0101m mask\u0101m. \u0136erme\u0146a temperat\u016bras ietekm\u0113 gels pamaz\u0101m iz&scaron;\u0137\u012bst, pies\u0101tinot \u0101du ar akt\u012bvaj\u0101m viel\u0101m, k\u0101 rezult\u0101t\u0101 tiek pan\u0101kts izteikts un notur\u012bgs efekts.<\/p>\n<p><strong>Pielietojums:<\/strong><br \/>\n1. R\u016bp\u012bgi nomazg\u0101jiet un nosusiniet seju.<br \/>\n2. Atveriet iepakojumu un iz\u0146emiet masku. No\u0146emiet plastmasas pl\u0113vi no ab\u0101m pus\u0113m.<br \/>\n3. Uzlieciet maskas aug&scaron;\u0113jo un apak&scaron;\u0113jo da\u013cu uz sejas. Izl\u012bdziniet masku, lai nepaliktu gaisa burbu\u013cu.<br \/>\n4. Atst\u0101jiet masku uz 20-30 min\u016bt\u0113m, p\u0113c tam uzman\u012bgi no\u0146emiet to, pavelkot aiz mali\u0146\u0101m. Uzman\u012bgi iemas\u0113jiet maskas paliekas sejas \u0101d\u0101.<br \/>\nPirm\u0101s divas ned\u0113\u013cas lietojiet masku 1 reizi 2 dien\u0101s, p\u0113c tam 2 reizes ned\u0113\u013c\u0101.<\/p>\n<p><strong>Piesardz\u012bbas pas\u0101kumi: <\/strong>1) Nelietot uz boj\u0101tas, iekaisu&scaron;as un saul\u0113 apdegu&scaron;as \u0101das. 2) Nelietot masku, ja ir paaugstin\u0101ta jut\u012bba pret k\u0101du no maskas sast\u0101vda\u013c\u0101m. Ja lieto&scaron;anas laik\u0101 par\u0101d\u0101s \u0101das aps\u0101rtums vai kairin\u0101jums, p\u0101rtrauciet lieto&scaron;anu un konsult\u0113jieties ar \u0101rstu. 3) Izvairieties no saskares ar ac\u012bm. Ja iek\u013c\u016bst ac\u012bs, r\u016bp\u012bgi noskalojiet ar \u016bdeni. 4) Izvairieties no lieto&scaron;anas uz \u0101das, kas ir jut\u012bga pret p\u0101rs\u0113jiem, aps\u0113jiem un adhez\u012bv\u0101m mask\u0101m. 5) Uzglab\u0101t b\u0113rniem nepieejam\u0101 viet\u0101, temperat\u016br\u0101 no 0&deg;C l\u012bdz 25&deg;C. Sarg\u0101t no tie&scaron;iem saules stariem. 6) Tikai \u0101r\u012bgai lieto&scaron;anai. Nenor\u012bt!<\/p>\n<p><strong>Der\u012bguma termi\u0146&scaron;:<\/strong> 3 gadi no izgatavo&scaron;anas datuma.<br \/>\n&nbsp;<\/p>\n","protected":false},"excerpt":{"rendered":"<p>Ide\u0101ls l\u012bdzeklis \u0101trai un efekt\u012bvai \u0101das atjauno&scaron;anai ar sp\u0113c\u012bgu pretnoveco&scaron;an\u0101s efektu.&nbsp;Pateicoties koloid\u0101lajam zeltam, tiek pa\u0101trin\u0101ti vielmai\u0146as procesi epiderm\u0101 &scaron;\u016bnu l\u012bmen\u012b, paaugstin\u0101s \u0101das vitalit\u0101te, tiek stimul\u0113tas atjaunojo&scaron;\u0101s funkcijas. Zelts veicina &scaron;\u016bnu atjauno&scaron;an\u0101s procesus, k\u0101 ar\u012b pal\u012bdz nog\u0101d\u0101t citas maskas sast\u0101vda\u013cas dermas sl\u0101\u0146os.&nbsp;Kolag\u0113ns uzlabo asins mikrocirkul\u0101ciju \u0101das aug&scaron;\u0113jos sl\u0101\u0146os, kav\u0113jot noveco&scaron;an\u0101s procesus, atjauno turgoru, izl\u012bdzina m\u012bmisk\u0101s krunci\u0146as, [&#8230;]\n","protected":false},"featured_media":88966,"template":"","meta":[],"product_cat":[1999],"product_tag":[],"class_list":{"0":"post-31013","1":"product","2":"type-product","3":"status-publish","4":"has-post-thumbnail","6":"product_brand-skinlite","7":"product_cat-bez-kategorijas","9":"first","10":"outofstock","11":"taxable","12":"shipping-taxable","13":"product-type-simple"},"_links":{"self":[{"href":"https:\/\/e.kosmolat.eu\/lv\/wp-json\/wp\/v2\/product\/31013","targetHints":{"allow":["GET"]}}],"collection":[{"href":"https:\/\/e.kosmolat.eu\/lv\/wp-json\/wp\/v2\/product"}],"about":[{"href":"https:\/\/e.kosmolat.eu\/lv\/wp-json\/wp\/v2\/types\/product"}],"wp:featuredmedia":[{"embeddable":true,"href":"https:\/\/e.kosmolat.eu\/lv\/wp-json\/wp\/v2\/media\/88966"}],"wp:attachment":[{"href":"https:\/\/e.kosmolat.eu\/lv\/wp-json\/wp\/v2\/media?parent=31013"}],"wp:term":[{"taxonomy":"product_cat","embeddable":true,"href":"https:\/\/e.kosmolat.eu\/lv\/wp-json\/wp\/v2\/product_cat?post=31013"},{"taxonomy":"product_tag","embeddable":true,"href":"https:\/\/e.kosmolat.eu\/lv\/wp-json\/wp\/v2\/product_tag?post=31013"}],"curies":[{"name":"wp","href":"https:\/\/api.w.org\/{rel}","templated":true}]}}