{"id":31009,"date":"2023-12-19T21:43:15","date_gmt":"2023-12-19T21:43:15","guid":{"rendered":"https:\/\/e.kosmolat.eu\/product\/skinlite-hidrogela-sejas-maska-melno-perlu-ekstr-un-hial-sk-1-gab\/"},"modified":"2026-04-17T13:06:50","modified_gmt":"2026-04-17T13:06:50","slug":"skinlite-hidrogela-sejas-maska-melno-perlu-ekstr-un-hial-sk-1-gab","status":"publish","type":"product","link":"https:\/\/e.kosmolat.eu\/lv\/product\/skinlite-hidrogela-sejas-maska-melno-perlu-ekstr-un-hial-sk-1-gab\/","title":{"rendered":"Skinlite Hidrogela sejas maska Melno p\u0113r\u013cu ekstr.un hial-sk, 1 gab."},"content":{"rendered":"<p>Augstas un zemas molekulmasas hialuronsk\u0101bes \u012bpa&scaron;ais komplekss dzi\u013ci un tie&scaron;i iedarbojas uz \u0101das &scaron;\u016bn\u0101m, atjauno \u016bdens l\u012bdzsvaru, nodro&scaron;inot \u0101das tvirtumu, liftingu un sejas ov\u0101la nostiprin\u0101&scaron;anu, stimul\u0113 &scaron;\u016bnu atjauno&scaron;anos un hialuronsk\u0101bes sint\u0113zi.&nbsp;Melno p\u0113r\u013cu prote\u012bnu mijiedarb\u012bba ar hialuronsk\u0101bi nodro&scaron;ina efekt\u012bvu \u0101das mitrin\u0101&scaron;anu, pigment\u0101cijas izgaismo&scaron;anu, paaugstina &scaron;\u016bnu imunit\u0101ti, aktiviz\u0113 \u0101das atjauno&scaron;an\u0101s procesus.&nbsp;Melno pupi\u0146u, sezama s\u0113klu un br\u016bna\u013c\u0123es ekstraktu &quot;melnais&quot; augu izcelsmes komplekss efekt\u012bvi baro \u0101du un mazina piet\u016bkumu, savuk\u0101rt glieme\u017eu muc\u012bnam un pept\u012bdiem ir sp\u0113c\u012bga atjaunojo&scaron;a un atjaunino&scaron;a iedarb\u012bba uz \u0101du, normaliz\u0113jot kolag\u0113na un elast\u012bna sint\u0113zi.&nbsp;Pateicoties unik\u0101lai pl\u0101n\u0101kai hidrogela b\u0101zei maska maksim\u0101li cie&scaron;i piegu\u013c sejas \u0101dai, veidojot vakuumu, kas vair\u0101kk\u0101rt\u012bgi palielina proced\u016bras efektivit\u0101ti, sal\u012bdzinot ar parastaj\u0101m mask\u0101m. \u0136erme\u0146a temperat\u016bras ietekm\u0113 gels pamaz\u0101m iz&scaron;\u0137\u012bst, pies\u0101tinot \u0101du ar akt\u012bvaj\u0101m viel\u0101m, k\u0101 rezult\u0101t\u0101 tiek pan\u0101kts izteikts un notur\u012bgs efekts.<\/p>\n<p><strong>Pielietojums:<\/strong><br \/>\n1. R\u016bp\u012bgi nomazg\u0101jiet un nosusiniet seju.<br \/>\n2. Atveriet iepakojumu un iz\u0146emiet masku. No\u0146emiet plastmasas pl\u0113vi no ab\u0101m pus\u0113m.<br \/>\n3. Uzlieciet maskas aug&scaron;\u0113jo un apak&scaron;\u0113jo da\u013cu uz sejas. Izl\u012bdziniet masku, lai nepaliktu gaisa burbu\u013cu.<br \/>\n4. Atst\u0101jiet masku uz 20-30 min\u016bt\u0113m, p\u0113c tam uzman\u012bgi no\u0146emiet to, pavelkot aiz mali\u0146\u0101m. Uzman\u012bgi iemas\u0113jiet maskas paliekas sejas \u0101d\u0101.<br \/>\nPirm\u0101s divas ned\u0113\u013cas lietojiet masku 1 reizi 2 dien\u0101s, p\u0113c tam 2 reizes ned\u0113\u013c\u0101.<\/p>\n<p><strong>Piesardz\u012bbas pas\u0101kumi: <\/strong>1) Nelietot uz boj\u0101tas, iekaisu&scaron;as un saul\u0113 apdegu&scaron;as \u0101das. 2) Nelietot masku, ja ir paaugstin\u0101ta jut\u012bba pret k\u0101du no maskas sast\u0101vda\u013c\u0101m. Ja lieto&scaron;anas laik\u0101 par\u0101d\u0101s \u0101das aps\u0101rtums vai kairin\u0101jums, p\u0101rtrauciet lieto&scaron;anu un konsult\u0113jieties ar \u0101rstu. 3) Izvairieties no saskares ar ac\u012bm. Ja iek\u013c\u016bst ac\u012bs, r\u016bp\u012bgi noskalojiet ar \u016bdeni. 4) Izvairieties no lieto&scaron;anas uz \u0101das, kas ir jut\u012bga pret p\u0101rs\u0113jiem, aps\u0113jiem un adhez\u012bv\u0101m mask\u0101m. 5) Uzglab\u0101t b\u0113rniem nepieejam\u0101 viet\u0101, temperat\u016br\u0101 no 0&deg;C l\u012bdz 25&deg;C. Sarg\u0101t no tie&scaron;iem saules stariem. 6) Tikai \u0101r\u012bgai lieto&scaron;anai. Nenor\u012bt!<\/p>\n<p><strong>Der\u012bguma termi\u0146&scaron;:<\/strong> 3 gadi no izgatavo&scaron;anas datuma.<br \/>\n&nbsp;<\/p>\n","protected":false},"excerpt":{"rendered":"<p>Augstas un zemas molekulmasas hialuronsk\u0101bes \u012bpa&scaron;ais komplekss dzi\u013ci un tie&scaron;i iedarbojas uz \u0101das &scaron;\u016bn\u0101m, atjauno \u016bdens l\u012bdzsvaru, nodro&scaron;inot \u0101das tvirtumu, liftingu un sejas ov\u0101la nostiprin\u0101&scaron;anu, stimul\u0113 &scaron;\u016bnu atjauno&scaron;anos un hialuronsk\u0101bes sint\u0113zi.&nbsp;Melno p\u0113r\u013cu prote\u012bnu mijiedarb\u012bba ar hialuronsk\u0101bi nodro&scaron;ina efekt\u012bvu \u0101das mitrin\u0101&scaron;anu, pigment\u0101cijas izgaismo&scaron;anu, paaugstina &scaron;\u016bnu imunit\u0101ti, aktiviz\u0113 \u0101das atjauno&scaron;an\u0101s procesus.&nbsp;Melno pupi\u0146u, sezama s\u0113klu un br\u016bna\u013c\u0123es ekstraktu [&#8230;]\n","protected":false},"featured_media":88962,"template":"","meta":[],"product_cat":[1369],"product_tag":[],"class_list":{"0":"post-31009","1":"product","2":"type-product","3":"status-publish","4":"has-post-thumbnail","6":"product_brand-skinlite","7":"product_cat-veido-kaukes","9":"first","10":"instock","11":"taxable","12":"shipping-taxable","13":"product-type-simple"},"_links":{"self":[{"href":"https:\/\/e.kosmolat.eu\/lv\/wp-json\/wp\/v2\/product\/31009","targetHints":{"allow":["GET"]}}],"collection":[{"href":"https:\/\/e.kosmolat.eu\/lv\/wp-json\/wp\/v2\/product"}],"about":[{"href":"https:\/\/e.kosmolat.eu\/lv\/wp-json\/wp\/v2\/types\/product"}],"wp:featuredmedia":[{"embeddable":true,"href":"https:\/\/e.kosmolat.eu\/lv\/wp-json\/wp\/v2\/media\/88962"}],"wp:attachment":[{"href":"https:\/\/e.kosmolat.eu\/lv\/wp-json\/wp\/v2\/media?parent=31009"}],"wp:term":[{"taxonomy":"product_cat","embeddable":true,"href":"https:\/\/e.kosmolat.eu\/lv\/wp-json\/wp\/v2\/product_cat?post=31009"},{"taxonomy":"product_tag","embeddable":true,"href":"https:\/\/e.kosmolat.eu\/lv\/wp-json\/wp\/v2\/product_tag?post=31009"}],"curies":[{"name":"wp","href":"https:\/\/api.w.org\/{rel}","templated":true}]}}