{"id":31005,"date":"2023-12-19T21:42:44","date_gmt":"2023-12-19T21:42:44","guid":{"rendered":"https:\/\/e.kosmolat.eu\/product\/elskin-pedu-pilinga-maska-1-paris\/"},"modified":"2025-09-20T01:25:08","modified_gmt":"2025-09-20T01:25:08","slug":"elskin-pedu-pilinga-maska-1-paris","status":"publish","type":"product","link":"https:\/\/e.kosmolat.eu\/lv\/product\/elskin-pedu-pilinga-maska-1-paris\/","title":{"rendered":"El&#8217;Skin P\u0113du p\u012blinga maska, 1 p\u0101ris"},"content":{"rendered":"<p>Dro&scaron;a \u0101das sabiez\u0113jumu, var\u017eacu, plaisu un raupjuma nov\u0113r&scaron;ana. Dab\u012bgie apels\u012bna, citrona aug\u013cu, melle\u0146u ekstrakti un piensk\u0101be stimul\u0113 dabisku atmiru&scaron;o &scaron;\u016bnu atgr\u016b&scaron;anas procesu, kas izraisa raupjas un sabiez\u0113ju&scaron;as \u0101das lob\u012b&scaron;anos. Salicilsk\u0101bei un t\u0113jas koka lapu ekstraktam piem\u012bt antibakteri\u0101la iedarb\u012bba, savuk\u0101rt medus ekstrakts, E vitam\u012bns, ur\u012bnviela, kokosriekstu, me\u017eroz\u012b&scaron;u, saulespu\u0137u un ol\u012bvu e\u013c\u013cas pal\u012bdz m\u012bkstin\u0101t un veicin\u0101t \u0101das atjauno&scaron;anos.<\/p>\n<p><strong>Lieto&scaron;ana:<\/strong><\/p>\n<ol>\n<li>Nomazg\u0101jiet k\u0101jas ar siltu \u016bdeni.<\/li>\n<li>Atveriet iepakojumu un uzvelciet masku uz k\u0101j\u0101m. Centieties, lai maskas sast\u0101vs nenon\u0101ktu uz roku \u0101das, ja nok\u013c\u016bst, noskalojiet ar \u016bdeni.<\/li>\n<li>P\u0113c 90-120 min\u016bt\u0113m no\u0146emiet masku. Maskas paliekas noskalojiet ar siltu \u016bdeni.<\/li>\n<li>Raupja \u0101da s\u0101ks lob\u012bties 5-8 dienas p\u0113c maskas lieto&scaron;anas. Gandr\u012bz visas var\u017eacis nolob\u012bsies n\u0101kamo 3-5 dienu laik\u0101 atkar\u012bb\u0101 no to biezuma. Lai pa\u0101trin\u0101tu lob\u012b&scaron;an\u0101s procesu, izm\u0113rc\u0113jiet k\u0101jas vanni\u0146\u0101 un lietojiet skrubi, savuk\u0101rt lai uztur\u0113tu pedik\u012bru, izmantojiet El&#39;Skin &ldquo;Avocado&rdquo; atjaunojo&scaron;o masku-ze\u0137es.<\/li>\n<\/ol>\n<p><strong>Piesardz\u012bbas pas\u0101kumi:<\/strong> 1) Nelietot uz boj\u0101tas, iekaisu&scaron;as un saul\u0113 apdegu&scaron;as \u0101das. 2) Nelietot masku, ja ir paaugstin\u0101ta jut\u012bba pret k\u0101du no maskas sast\u0101vda\u013c\u0101m. Ja lieto&scaron;anas laik\u0101 par\u0101d\u0101s \u0101das aps\u0101rtums vai kairin\u0101jums, p\u0101rtrauciet lieto&scaron;anu un konsult\u0113jieties ar \u0101rstu. 3) Izvairieties no saskares ar ac\u012bm. Ja iek\u013c\u016bst ac\u012bs, r\u016bp\u012bgi noskalojiet ar \u016bdeni. 4) Izvairieties no lieto&scaron;anas uz \u0101das, kas ir jut\u012bga pret p\u0101rs\u0113jiem, aps\u0113jiem un adhez\u012bv\u0101m mask\u0101m. 5) Uzglab\u0101t b\u0113rniem nepieejam\u0101 viet\u0101, temperat\u016br\u0101 no 0&deg;C l\u012bdz 25&deg;C. Sarg\u0101t no tie&scaron;iem saules stariem. 6) Tikai \u0101r\u012bgai lieto&scaron;anai. Nenor\u012bt!<\/p>\n<p><strong>Der\u012bguma termi\u0146&scaron;: <\/strong>3 gadi no izgatavo&scaron;anas datuma.<br \/>\n&nbsp;<\/p>\n","protected":false},"excerpt":{"rendered":"<p>Dro&scaron;a \u0101das sabiez\u0113jumu, var\u017eacu, plaisu un raupjuma nov\u0113r&scaron;ana. Dab\u012bgie apels\u012bna, citrona aug\u013cu, melle\u0146u ekstrakti un piensk\u0101be stimul\u0113 dabisku atmiru&scaron;o &scaron;\u016bnu atgr\u016b&scaron;anas procesu, kas izraisa raupjas un sabiez\u0113ju&scaron;as \u0101das lob\u012b&scaron;anos. Salicilsk\u0101bei un t\u0113jas koka lapu ekstraktam piem\u012bt antibakteri\u0101la iedarb\u012bba, savuk\u0101rt medus ekstrakts, E vitam\u012bns, ur\u012bnviela, kokosriekstu, me\u017eroz\u012b&scaron;u, saulespu\u0137u un ol\u012bvu e\u013c\u013cas pal\u012bdz m\u012bkstin\u0101t un veicin\u0101t \u0101das [&#8230;]\n","protected":false},"featured_media":88958,"template":"","meta":[],"product_cat":[1761],"product_tag":[],"class_list":{"0":"post-31005","1":"product","2":"type-product","3":"status-publish","4":"has-post-thumbnail","6":"product_brand-skinlite","7":"product_cat-kaju-kopsanas-kosmetika","9":"first","10":"outofstock","11":"taxable","12":"shipping-taxable","13":"product-type-simple"},"_links":{"self":[{"href":"https:\/\/e.kosmolat.eu\/lv\/wp-json\/wp\/v2\/product\/31005","targetHints":{"allow":["GET"]}}],"collection":[{"href":"https:\/\/e.kosmolat.eu\/lv\/wp-json\/wp\/v2\/product"}],"about":[{"href":"https:\/\/e.kosmolat.eu\/lv\/wp-json\/wp\/v2\/types\/product"}],"wp:featuredmedia":[{"embeddable":true,"href":"https:\/\/e.kosmolat.eu\/lv\/wp-json\/wp\/v2\/media\/88958"}],"wp:attachment":[{"href":"https:\/\/e.kosmolat.eu\/lv\/wp-json\/wp\/v2\/media?parent=31005"}],"wp:term":[{"taxonomy":"product_cat","embeddable":true,"href":"https:\/\/e.kosmolat.eu\/lv\/wp-json\/wp\/v2\/product_cat?post=31005"},{"taxonomy":"product_tag","embeddable":true,"href":"https:\/\/e.kosmolat.eu\/lv\/wp-json\/wp\/v2\/product_tag?post=31005"}],"curies":[{"name":"wp","href":"https:\/\/api.w.org\/{rel}","templated":true}]}}