{"id":31001,"date":"2023-12-19T21:42:15","date_gmt":"2023-12-19T21:42:15","guid":{"rendered":"https:\/\/e.kosmolat.eu\/product\/elskin-atjaun-kaju-maska-zekes-avokado-1-paris\/"},"modified":"2026-04-21T09:13:10","modified_gmt":"2026-04-21T09:13:10","slug":"elskin-atjaun-kaju-maska-zekes-avokado-1-paris","status":"publish","type":"product","link":"https:\/\/e.kosmolat.eu\/lv\/product\/elskin-atjaun-kaju-maska-zekes-avokado-1-paris\/","title":{"rendered":"El&#8217;Skin Atjaun. k\u0101ju maska-ze\u0137es &#8220;Avokado&#8221;, 1 p\u0101ris"},"content":{"rendered":"<p>Sausai, raupjai p\u0113du \u0101dai. Maskas formul\u0101 iek\u013caut\u0101s dab\u012bg\u0101s sast\u0101vda\u013cas, t\u0101das k\u0101 avokado, &scaron;\u012b sviests un makad\u0101mijas e\u013c\u013ca, intens\u012bvi baro, atjauno lip\u012bdu l\u012bdzsvaru, akt\u012bvi c\u012bn\u0101s ar sausumu, m\u012bkstina un izl\u012bdzina \u0101du. Pantenols un vitam\u012bni nov\u0113r&scaron; plaisi\u0146u ra&scaron;anos un mazina eso&scaron;\u0101s, \u0101rstniec\u012bbas augu ekstrakti atjauno \u0101du, mazina sv\u012b&scaron;anu un pie&scaron;\u0137ir k\u0101ju \u0101dai jaun\u012bbu un svaigumu.<\/p>\n<p><strong>Lieto&scaron;ana: <\/strong>1) Nomazg\u0101jiet k\u0101jas ar siltu \u016bdeni. 2) Atveriet iepakojumu un uzvelciet masku k\u0101j\u0101s. 3) Lab\u0101kam efektam virs\u016b var uzvilkt siltas ze\u0137es. 4) P\u0113c 20-30 min\u016bt\u0113m no\u0146emt masku-ze\u0137es. Maskas paliekas vienm\u0113r\u012bgi izkl\u0101t pa k\u0101ju \u0101du. Ieteicams lietot 1-2 reizes ned\u0113\u013c\u0101, \u012bpa&scaron;i sausas \u0101das gad\u012bjum\u0101 palielin\u0101t proced\u016bras laiku.<\/p>\n<p><strong>Piesardz\u012bbas pas\u0101kumi:<\/strong> 1) Nelietot uz boj\u0101tas, iekaisu&scaron;as un saul\u0113 apdegu&scaron;as \u0101das. 2) Nelietot masku, ja ir paaugstin\u0101ta jut\u012bba pret k\u0101du no maskas sast\u0101vda\u013c\u0101m. Ja lieto&scaron;anas laik\u0101 par\u0101d\u0101s \u0101das aps\u0101rtums vai kairin\u0101jums, p\u0101rtrauciet lieto&scaron;anu un konsult\u0113jieties ar \u0101rstu. 3) Izvairieties no saskares ar ac\u012bm. Ja iek\u013c\u016bst ac\u012bs, r\u016bp\u012bgi noskalojiet ar \u016bdeni. 4) Izvairieties no lieto&scaron;anas uz \u0101das, kas ir jut\u012bga pret p\u0101rs\u0113jiem, aps\u0113jiem un adhez\u012bv\u0101m mask\u0101m. 5) Uzglab\u0101t b\u0113rniem nepieejam\u0101 viet\u0101, temperat\u016br\u0101 no 0&deg;C l\u012bdz + 25&deg;C. Sarg\u0101t no tie&scaron;iem saules stariem. 6) Tikai \u0101r\u012bgai lieto&scaron;anai. Nenor\u012bt!<\/p>\n<p><strong>Der\u012bguma termi\u0146&scaron;: <\/strong>3 gadi no izgatavo&scaron;anas datuma.<\/p>\n","protected":false},"excerpt":{"rendered":"<p>Sausai, raupjai p\u0113du \u0101dai. Maskas formul\u0101 iek\u013caut\u0101s dab\u012bg\u0101s sast\u0101vda\u013cas, t\u0101das k\u0101 avokado, &scaron;\u012b sviests un makad\u0101mijas e\u013c\u013ca, intens\u012bvi baro, atjauno lip\u012bdu l\u012bdzsvaru, akt\u012bvi c\u012bn\u0101s ar sausumu, m\u012bkstina un izl\u012bdzina \u0101du. Pantenols un vitam\u012bni nov\u0113r&scaron; plaisi\u0146u ra&scaron;anos un mazina eso&scaron;\u0101s, \u0101rstniec\u012bbas augu ekstrakti atjauno \u0101du, mazina sv\u012b&scaron;anu un pie&scaron;\u0137ir k\u0101ju \u0101dai jaun\u012bbu un svaigumu. Lieto&scaron;ana: 1) [&#8230;]\n","protected":false},"featured_media":88954,"template":"","meta":[],"product_cat":[1999],"product_tag":[],"class_list":{"0":"post-31001","1":"product","2":"type-product","3":"status-publish","4":"has-post-thumbnail","6":"product_brand-skinlite","7":"product_cat-bez-kategorijas","9":"first","10":"outofstock","11":"taxable","12":"shipping-taxable","13":"product-type-simple"},"_links":{"self":[{"href":"https:\/\/e.kosmolat.eu\/lv\/wp-json\/wp\/v2\/product\/31001","targetHints":{"allow":["GET"]}}],"collection":[{"href":"https:\/\/e.kosmolat.eu\/lv\/wp-json\/wp\/v2\/product"}],"about":[{"href":"https:\/\/e.kosmolat.eu\/lv\/wp-json\/wp\/v2\/types\/product"}],"wp:featuredmedia":[{"embeddable":true,"href":"https:\/\/e.kosmolat.eu\/lv\/wp-json\/wp\/v2\/media\/88954"}],"wp:attachment":[{"href":"https:\/\/e.kosmolat.eu\/lv\/wp-json\/wp\/v2\/media?parent=31001"}],"wp:term":[{"taxonomy":"product_cat","embeddable":true,"href":"https:\/\/e.kosmolat.eu\/lv\/wp-json\/wp\/v2\/product_cat?post=31001"},{"taxonomy":"product_tag","embeddable":true,"href":"https:\/\/e.kosmolat.eu\/lv\/wp-json\/wp\/v2\/product_tag?post=31001"}],"curies":[{"name":"wp","href":"https:\/\/api.w.org\/{rel}","templated":true}]}}