{"id":30997,"date":"2023-12-19T21:41:49","date_gmt":"2023-12-19T21:41:49","guid":{"rendered":"https:\/\/e.kosmolat.eu\/product\/elskin-barojosa-roku-maska-cimdi-mandele-1-paris\/"},"modified":"2026-04-01T07:17:47","modified_gmt":"2026-04-01T07:17:47","slug":"elskin-barojosa-roku-maska-cimdi-mandele-1-paris","status":"publish","type":"product","link":"https:\/\/e.kosmolat.eu\/lv\/product\/elskin-barojosa-roku-maska-cimdi-mandele-1-paris\/","title":{"rendered":"El&#8217;Skin Barojo\u0161a roku maska-cimdi &#8220;Mandele&#8221;, 1 p\u0101ris"},"content":{"rendered":"<p>Veicina dzi\u013cu mitrin\u0101&scaron;anu, baro&scaron;anu un nov\u0113r&scaron; \u0101das lob\u012b&scaron;anos, pal\u012bdz aizsarg\u0101t roku \u0101du no apk\u0101rt\u0113j\u0101s vides negat\u012bv\u0101s ietekmes. Maskas sast\u0101v\u0101 bag\u0101t\u012bgais e\u013c\u013cu komplekss, kas ietver saldo mande\u013cu e\u013c\u013ca, &scaron;\u012b sviesu un makad\u0101mijas e\u013c\u013cu, pal\u0113nina &scaron;\u016bnu noveco&scaron;anos, atjauno \u0101das elast\u012bbu un tvirtumu. Augu ekstrakti, pantenols un E vitam\u012bns veicina mikroplaisu dz\u012b&scaron;anu un mazina \u0101das kairin\u0101jumu.&nbsp;<\/p>\n<p><strong>Lieto&scaron;ana: <\/strong>1. Nomazg\u0101jiet rokas ar siltu \u016bdeni. 2. Atveriet iepakojumu un uzvelciet masku uz rok\u0101m. 3. Lab\u0101kam efektam virs\u016b var uzvilkt siltus cimdus vai cimdus trauku mazg\u0101&scaron;anai. 4. P\u0113c 20-30 min\u016bt\u0113m no\u0146emt masku-cimdus. Maskas paliekas ar mas\u0113jo&scaron;\u0101m kust\u012bb\u0101m vienm\u0113r\u012bgi izkl\u0101t pa roku un elko\u0146u \u0101du. Ieteicams lietot 1-2 reizes ned\u0113\u013c\u0101.<\/p>\n<p><strong>Piesardz\u012bbas pas\u0101kumi:<\/strong> 1) Nelietot uz boj\u0101tas, iekaisu&scaron;as un saul\u0113 apdegu&scaron;as \u0101das. 2) Nelietot masku, ja ir paaugstin\u0101ta jut\u012bba pret k\u0101du no maskas sast\u0101vda\u013c\u0101m. Ja lieto&scaron;anas laik\u0101 par\u0101d\u0101s \u0101das aps\u0101rtums vai kairin\u0101jums, p\u0101rtrauciet lieto&scaron;anu un konsult\u0113jieties ar \u0101rstu. 3) Izvairieties no saskares ar ac\u012bm. Ja iek\u013c\u016bst ac\u012bs, r\u016bp\u012bgi noskalojiet ar \u016bdeni. 4) Izvairieties no lieto&scaron;anas uz \u0101das, kas ir jut\u012bga pret p\u0101rs\u0113jiem, aps\u0113jiem un adhez\u012bv\u0101m mask\u0101m. 5) Uzglab\u0101t b\u0113rniem nepieejam\u0101 viet\u0101, temperat\u016br\u0101 no 0&deg;C l\u012bdz 25&deg;C. Sarg\u0101t no tie&scaron;iem saules stariem. 6) Tikai \u0101r\u012bgai lieto&scaron;anai. Nenor\u012bt!<\/p>\n<p><strong>Der\u012bguma termi\u0146&scaron;:<\/strong> 3 gadi no izgatavo&scaron;anas datuma.<br \/>\n&nbsp;<\/p>\n","protected":false},"excerpt":{"rendered":"<p>Veicina dzi\u013cu mitrin\u0101&scaron;anu, baro&scaron;anu un nov\u0113r&scaron; \u0101das lob\u012b&scaron;anos, pal\u012bdz aizsarg\u0101t roku \u0101du no apk\u0101rt\u0113j\u0101s vides negat\u012bv\u0101s ietekmes. Maskas sast\u0101v\u0101 bag\u0101t\u012bgais e\u013c\u013cu komplekss, kas ietver saldo mande\u013cu e\u013c\u013ca, &scaron;\u012b sviesu un makad\u0101mijas e\u013c\u013cu, pal\u0113nina &scaron;\u016bnu noveco&scaron;anos, atjauno \u0101das elast\u012bbu un tvirtumu. Augu ekstrakti, pantenols un E vitam\u012bns veicina mikroplaisu dz\u012b&scaron;anu un mazina \u0101das kairin\u0101jumu.&nbsp; Lieto&scaron;ana: 1. [&#8230;]\n","protected":false},"featured_media":88950,"template":"","meta":[],"product_cat":[1302],"product_tag":[],"class_list":{"0":"post-30997","1":"product","2":"type-product","3":"status-publish","4":"has-post-thumbnail","6":"product_brand-skinlite","7":"product_cat-roku-kopsanas-kosmetika","9":"first","10":"outofstock","11":"taxable","12":"shipping-taxable","13":"product-type-simple"},"_links":{"self":[{"href":"https:\/\/e.kosmolat.eu\/lv\/wp-json\/wp\/v2\/product\/30997","targetHints":{"allow":["GET"]}}],"collection":[{"href":"https:\/\/e.kosmolat.eu\/lv\/wp-json\/wp\/v2\/product"}],"about":[{"href":"https:\/\/e.kosmolat.eu\/lv\/wp-json\/wp\/v2\/types\/product"}],"wp:featuredmedia":[{"embeddable":true,"href":"https:\/\/e.kosmolat.eu\/lv\/wp-json\/wp\/v2\/media\/88950"}],"wp:attachment":[{"href":"https:\/\/e.kosmolat.eu\/lv\/wp-json\/wp\/v2\/media?parent=30997"}],"wp:term":[{"taxonomy":"product_cat","embeddable":true,"href":"https:\/\/e.kosmolat.eu\/lv\/wp-json\/wp\/v2\/product_cat?post=30997"},{"taxonomy":"product_tag","embeddable":true,"href":"https:\/\/e.kosmolat.eu\/lv\/wp-json\/wp\/v2\/product_tag?post=30997"}],"curies":[{"name":"wp","href":"https:\/\/api.w.org\/{rel}","templated":true}]}}