{"id":30973,"date":"2023-12-19T21:39:27","date_gmt":"2023-12-19T21:39:27","guid":{"rendered":"https:\/\/e.kosmolat.eu\/product\/ns-dusas-zeleja-medus-ciekurs-400-ml\/"},"modified":"2025-09-20T01:23:08","modified_gmt":"2025-09-20T01:23:08","slug":"ns-dusas-zeleja-medus-ciekurs-400-ml","status":"publish","type":"product","link":"https:\/\/e.kosmolat.eu\/lv\/product\/ns-dusas-zeleja-medus-ciekurs-400-ml\/","title":{"rendered":"NS Du\u0161as \u017eeleja &#8220;Medus \u010diekurs&#8221;, 400 ml"},"content":{"rendered":"<p>Medus du&scaron;as \u017eeleja satur ciedra pieni\u0146u un organisk\u0101 medus ekstraktu, kas ir vitam\u012bnu un bar\u012bbas vielu avoti. \u017delejas sast\u0101vda\u013cas baro un mitrina \u0101du, padarot to neticami m\u012bkstu un samtainu.<\/p>\n<p><strong>Lieto&scaron;ana: <\/strong>vienm\u0113r\u012bgi uzkl\u0101t nelielu daudzumu \u017eelejas uz mitras \u0101das un pamas\u0113t, l\u012bdz par\u0101d\u0101s bag\u0101t\u012bgas putas. Noskalot ar siltu \u016bdeni.<br \/>\n&nbsp;<\/p>\n","protected":false},"excerpt":{"rendered":"<p>Medus du&scaron;as \u017eeleja satur ciedra pieni\u0146u un organisk\u0101 medus ekstraktu, kas ir vitam\u012bnu un bar\u012bbas vielu avoti. \u017delejas sast\u0101vda\u013cas baro un mitrina \u0101du, padarot to neticami m\u012bkstu un samtainu. Lieto&scaron;ana: vienm\u0113r\u012bgi uzkl\u0101t nelielu daudzumu \u017eelejas uz mitras \u0101das un pamas\u0113t, l\u012bdz par\u0101d\u0101s bag\u0101t\u012bgas putas. Noskalot ar siltu \u016bdeni. &nbsp;<\/p>\n","protected":false},"featured_media":88926,"template":"","meta":[],"product_cat":[1280],"product_tag":[],"class_list":{"0":"post-30973","1":"product","2":"type-product","3":"status-publish","4":"has-post-thumbnail","6":"product_brand-siberica_ee","7":"product_cat-dusas-zelejas-un-dusas-ellas","9":"first","10":"outofstock","11":"taxable","12":"shipping-taxable","13":"product-type-simple"},"_links":{"self":[{"href":"https:\/\/e.kosmolat.eu\/lv\/wp-json\/wp\/v2\/product\/30973","targetHints":{"allow":["GET"]}}],"collection":[{"href":"https:\/\/e.kosmolat.eu\/lv\/wp-json\/wp\/v2\/product"}],"about":[{"href":"https:\/\/e.kosmolat.eu\/lv\/wp-json\/wp\/v2\/types\/product"}],"wp:featuredmedia":[{"embeddable":true,"href":"https:\/\/e.kosmolat.eu\/lv\/wp-json\/wp\/v2\/media\/88926"}],"wp:attachment":[{"href":"https:\/\/e.kosmolat.eu\/lv\/wp-json\/wp\/v2\/media?parent=30973"}],"wp:term":[{"taxonomy":"product_cat","embeddable":true,"href":"https:\/\/e.kosmolat.eu\/lv\/wp-json\/wp\/v2\/product_cat?post=30973"},{"taxonomy":"product_tag","embeddable":true,"href":"https:\/\/e.kosmolat.eu\/lv\/wp-json\/wp\/v2\/product_tag?post=30973"}],"curies":[{"name":"wp","href":"https:\/\/api.w.org\/{rel}","templated":true}]}}