{"id":30957,"date":"2023-12-19T21:36:07","date_gmt":"2023-12-19T21:36:07","guid":{"rendered":"https:\/\/e.kosmolat.eu\/product\/ld-fleurs-de-france-vannas-putas-hiacintes-greznums-730-g\/"},"modified":"2025-09-20T01:13:06","modified_gmt":"2025-09-20T01:13:06","slug":"ld-fleurs-de-france-vannas-putas-hiacintes-greznums-730-g","status":"publish","type":"product","link":"https:\/\/e.kosmolat.eu\/lv\/product\/ld-fleurs-de-france-vannas-putas-hiacintes-greznums-730-g\/","title":{"rendered":"!LD Fleurs de France Vannas putas Hiacintes greznums, 730 g"},"content":{"rendered":"<p>Satur hiacinta un kvie&scaron;u ekstraktus, kas m\u012bkstina un toniz\u0113 \u0101du.&nbsp;<\/p>\n<p><strong>Lieto&scaron;ana: <\/strong>nelielu l\u012bdzek\u013ca daudzumu saputot zem \u016bdens str\u016bklas.&nbsp;<\/p>\n<p>Uzglab\u0101t temperat\u016br\u0101 no 0 &deg;C l\u012bdz +25 &deg;C.&nbsp;<br \/>\n&nbsp;<\/p>\n","protected":false},"excerpt":{"rendered":"<p>Satur hiacinta un kvie&scaron;u ekstraktus, kas m\u012bkstina un toniz\u0113 \u0101du.&nbsp; Lieto&scaron;ana: nelielu l\u012bdzek\u013ca daudzumu saputot zem \u016bdens str\u016bklas.&nbsp; Uzglab\u0101t temperat\u016br\u0101 no 0 &deg;C l\u012bdz +25 &deg;C.&nbsp; &nbsp;<\/p>\n","protected":false},"featured_media":88754,"template":"","meta":[],"product_cat":[1610],"product_tag":[],"class_list":{"0":"post-30957","1":"product","2":"type-product","3":"status-publish","4":"has-post-thumbnail","6":"product_brand-belgates_by","7":"product_cat-vannas-putas-sali-bumbas","9":"first","10":"outofstock","11":"taxable","12":"shipping-taxable","13":"product-type-simple"},"_links":{"self":[{"href":"https:\/\/e.kosmolat.eu\/lv\/wp-json\/wp\/v2\/product\/30957","targetHints":{"allow":["GET"]}}],"collection":[{"href":"https:\/\/e.kosmolat.eu\/lv\/wp-json\/wp\/v2\/product"}],"about":[{"href":"https:\/\/e.kosmolat.eu\/lv\/wp-json\/wp\/v2\/types\/product"}],"wp:featuredmedia":[{"embeddable":true,"href":"https:\/\/e.kosmolat.eu\/lv\/wp-json\/wp\/v2\/media\/88754"}],"wp:attachment":[{"href":"https:\/\/e.kosmolat.eu\/lv\/wp-json\/wp\/v2\/media?parent=30957"}],"wp:term":[{"taxonomy":"product_cat","embeddable":true,"href":"https:\/\/e.kosmolat.eu\/lv\/wp-json\/wp\/v2\/product_cat?post=30957"},{"taxonomy":"product_tag","embeddable":true,"href":"https:\/\/e.kosmolat.eu\/lv\/wp-json\/wp\/v2\/product_tag?post=30957"}],"curies":[{"name":"wp","href":"https:\/\/api.w.org\/{rel}","templated":true}]}}