{"id":30953,"date":"2023-12-19T21:35:49","date_gmt":"2023-12-19T21:35:49","guid":{"rendered":"https:\/\/e.kosmolat.eu\/product\/ld-fleurs-de-france-vannas-putas-vijolites-samtainums-730-g\/"},"modified":"2025-09-20T01:12:53","modified_gmt":"2025-09-20T01:12:53","slug":"ld-fleurs-de-france-vannas-putas-vijolites-samtainums-730-g","status":"publish","type":"product","link":"https:\/\/e.kosmolat.eu\/lv\/product\/ld-fleurs-de-france-vannas-putas-vijolites-samtainums-730-g\/","title":{"rendered":"!LD Fleurs de France Vannas putas Vijol\u012btes samtainums, 730 g"},"content":{"rendered":"<p>Satur &nbsp;trejkr\u0101su vijol\u012btes un bambusa ekstraktus, kas m\u012bkstina un toniz\u0113 \u0101du.&nbsp;<\/p>\n<p><strong>Lieto&scaron;ana:<\/strong> nelielu l\u012bdzek\u013ca daudzumu saputot zem \u016bdens str\u016bklas.&nbsp;<\/p>\n<p>Uzglab\u0101t temperat\u016br\u0101 no 0 &deg;C l\u012bdz +25 &deg;C.<br \/>\n&nbsp;<\/p>\n","protected":false},"excerpt":{"rendered":"<p>Satur &nbsp;trejkr\u0101su vijol\u012btes un bambusa ekstraktus, kas m\u012bkstina un toniz\u0113 \u0101du.&nbsp; Lieto&scaron;ana: nelielu l\u012bdzek\u013ca daudzumu saputot zem \u016bdens str\u016bklas.&nbsp; Uzglab\u0101t temperat\u016br\u0101 no 0 &deg;C l\u012bdz +25 &deg;C. &nbsp;<\/p>\n","protected":false},"featured_media":88750,"template":"","meta":[],"product_cat":[1610],"product_tag":[],"class_list":{"0":"post-30953","1":"product","2":"type-product","3":"status-publish","4":"has-post-thumbnail","6":"product_brand-belgates_by","7":"product_cat-vannas-putas-sali-bumbas","9":"first","10":"outofstock","11":"taxable","12":"shipping-taxable","13":"product-type-simple"},"_links":{"self":[{"href":"https:\/\/e.kosmolat.eu\/lv\/wp-json\/wp\/v2\/product\/30953","targetHints":{"allow":["GET"]}}],"collection":[{"href":"https:\/\/e.kosmolat.eu\/lv\/wp-json\/wp\/v2\/product"}],"about":[{"href":"https:\/\/e.kosmolat.eu\/lv\/wp-json\/wp\/v2\/types\/product"}],"wp:featuredmedia":[{"embeddable":true,"href":"https:\/\/e.kosmolat.eu\/lv\/wp-json\/wp\/v2\/media\/88750"}],"wp:attachment":[{"href":"https:\/\/e.kosmolat.eu\/lv\/wp-json\/wp\/v2\/media?parent=30953"}],"wp:term":[{"taxonomy":"product_cat","embeddable":true,"href":"https:\/\/e.kosmolat.eu\/lv\/wp-json\/wp\/v2\/product_cat?post=30953"},{"taxonomy":"product_tag","embeddable":true,"href":"https:\/\/e.kosmolat.eu\/lv\/wp-json\/wp\/v2\/product_tag?post=30953"}],"curies":[{"name":"wp","href":"https:\/\/api.w.org\/{rel}","templated":true}]}}