{"id":30941,"date":"2023-12-19T21:34:45","date_gmt":"2023-12-19T21:34:45","guid":{"rendered":"https:\/\/e.kosmolat.eu\/product\/ld-superfood-pulejoss-cukura-skrubis-tomats-un-biete-240-g\/"},"modified":"2025-09-20T01:12:11","modified_gmt":"2025-09-20T01:12:11","slug":"i_ld-superfood-pulejoss-cukura-skrubis-tomats-un-biete-240-g","status":"publish","type":"product","link":"https:\/\/e.kosmolat.eu\/lv\/product\/i_ld-superfood-pulejoss-cukura-skrubis-tomats-un-biete-240-g\/","title":{"rendered":"I_LD Superfood Pul\u0113jo\u0161s cukura skrubis Tom\u0101ts un biete, 240 g"},"content":{"rendered":"<p>Cukura skrubis uz dab\u012bg\u0101s kokosriekstu e\u013c\u013cas, &scaron;\u012b un kakao sviesta b\u0101zes. Cukura krist\u0101li noloba atmiru&scaron;\u0101s \u0101das &scaron;\u016bnas un veicina \u0101das atjauno&scaron;anos. E\u013c\u013cu komplekss baro, m\u012bkstina, nomierina \u0101du, atjaunojot t\u0101s aizsargfunkcijas un nodro&scaron;ina nepiecie&scaron;amo mitrin\u0101&scaron;anu.&nbsp;<\/p>\n<p><strong>Lieto&scaron;ana: <\/strong>uzkl\u0101t skrubi uz mitras \u0137erme\u0146a \u0101das p\u0113c vannas vai du&scaron;as, maigi iemas\u0113t, p\u0113c tam noskalot ar siltu \u016bdeni. Lietot 1-2 reizes ned\u0113\u013c\u0101. Svar\u012bgi: nepie\u013caut \u016bdens iek\u013c\u016b&scaron;anu burk\u0101.&nbsp;<\/p>\n<p>Uzglab\u0101t temperat\u016br\u0101 no 0 &deg;C l\u012bdz +25 &deg;C.<br \/>\n&nbsp;<\/p>\n","protected":false},"excerpt":{"rendered":"<p>Cukura skrubis uz dab\u012bg\u0101s kokosriekstu e\u013c\u013cas, &scaron;\u012b un kakao sviesta b\u0101zes. Cukura krist\u0101li noloba atmiru&scaron;\u0101s \u0101das &scaron;\u016bnas un veicina \u0101das atjauno&scaron;anos. E\u013c\u013cu komplekss baro, m\u012bkstina, nomierina \u0101du, atjaunojot t\u0101s aizsargfunkcijas un nodro&scaron;ina nepiecie&scaron;amo mitrin\u0101&scaron;anu.&nbsp; Lieto&scaron;ana: uzkl\u0101t skrubi uz mitras \u0137erme\u0146a \u0101das p\u0113c vannas vai du&scaron;as, maigi iemas\u0113t, p\u0113c tam noskalot ar siltu \u016bdeni. Lietot 1-2 [&#8230;]\n","protected":false},"featured_media":88738,"template":"","meta":[],"product_cat":[1360],"product_tag":[],"class_list":{"0":"post-30941","1":"product","2":"type-product","3":"status-publish","4":"has-post-thumbnail","6":"product_brand-sale","7":"product_cat-1360","9":"first","10":"instock","11":"taxable","12":"shipping-taxable","13":"product-type-simple"},"_links":{"self":[{"href":"https:\/\/e.kosmolat.eu\/lv\/wp-json\/wp\/v2\/product\/30941","targetHints":{"allow":["GET"]}}],"collection":[{"href":"https:\/\/e.kosmolat.eu\/lv\/wp-json\/wp\/v2\/product"}],"about":[{"href":"https:\/\/e.kosmolat.eu\/lv\/wp-json\/wp\/v2\/types\/product"}],"wp:featuredmedia":[{"embeddable":true,"href":"https:\/\/e.kosmolat.eu\/lv\/wp-json\/wp\/v2\/media\/88738"}],"wp:attachment":[{"href":"https:\/\/e.kosmolat.eu\/lv\/wp-json\/wp\/v2\/media?parent=30941"}],"wp:term":[{"taxonomy":"product_cat","embeddable":true,"href":"https:\/\/e.kosmolat.eu\/lv\/wp-json\/wp\/v2\/product_cat?post=30941"},{"taxonomy":"product_tag","embeddable":true,"href":"https:\/\/e.kosmolat.eu\/lv\/wp-json\/wp\/v2\/product_tag?post=30941"}],"curies":[{"name":"wp","href":"https:\/\/api.w.org\/{rel}","templated":true}]}}