{"id":30937,"date":"2023-12-19T21:34:20","date_gmt":"2023-12-19T21:34:20","guid":{"rendered":"https:\/\/e.kosmolat.eu\/product\/ld-superfood-atjaunojoss-skrubis-zeleja-zemene-un-citronzale-240-g\/"},"modified":"2025-09-20T01:11:56","modified_gmt":"2025-09-20T01:11:56","slug":"ld-superfood-atjaunojoss-skrubis-zeleja-zemene-un-citronzale-240-g","status":"publish","type":"product","link":"https:\/\/e.kosmolat.eu\/lv\/product\/ld-superfood-atjaunojoss-skrubis-zeleja-zemene-un-citronzale-240-g\/","title":{"rendered":"LD Superfood Atjaunojo\u0161s skrubis-\u017eeleja Zemene un citronz\u0101le, 240 g"},"content":{"rendered":"<p>Skrubis-\u017eeleja ar kokosriekstu \u010daumalas mikroda\u013ci\u0146\u0101m noloba atmiru&scaron;\u0101s \u0101das &scaron;\u016bnas un veicina \u0101das atjauno&scaron;anos. Skrubja sast\u0101v\u0101 ietilpst piecu sk\u0101bju (glikolsk\u0101bes, v\u012bnsk\u0101bes, piensk\u0101bes, \u0101bolsk\u0101bes, citronsk\u0101bes) komplekss un vitam\u012bnu (A, E, pantenols) komplekss, kas veicina \u0101das elpo&scaron;anas un atjauno&scaron;an\u0101s procesus, stimul\u0113 kolag\u0113na izstr\u0101di.&nbsp;<\/p>\n<p><strong>Lieto&scaron;ana: <\/strong>uzkl\u0101t skrubi uz mitras \u0137erme\u0146a \u0101das p\u0113c vannas vai du&scaron;as, maigi iemas\u0113t, p\u0113c tam noskalot ar siltu \u016bdeni. Lietot 1-2 reizes ned\u0113\u013c\u0101. Svar\u012bgi: nepie\u013caut \u016bdens iek\u013c\u016b&scaron;anu burk\u0101.&nbsp;<\/p>\n<p>Uzglab\u0101t temperat\u016br\u0101 no 0 &deg;C l\u012bdz +25 &deg;C.<br \/>\n&nbsp;<\/p>\n","protected":false},"excerpt":{"rendered":"<p>Skrubis-\u017eeleja ar kokosriekstu \u010daumalas mikroda\u013ci\u0146\u0101m noloba atmiru&scaron;\u0101s \u0101das &scaron;\u016bnas un veicina \u0101das atjauno&scaron;anos. Skrubja sast\u0101v\u0101 ietilpst piecu sk\u0101bju (glikolsk\u0101bes, v\u012bnsk\u0101bes, piensk\u0101bes, \u0101bolsk\u0101bes, citronsk\u0101bes) komplekss un vitam\u012bnu (A, E, pantenols) komplekss, kas veicina \u0101das elpo&scaron;anas un atjauno&scaron;an\u0101s procesus, stimul\u0113 kolag\u0113na izstr\u0101di.&nbsp; Lieto&scaron;ana: uzkl\u0101t skrubi uz mitras \u0137erme\u0146a \u0101das p\u0113c vannas vai du&scaron;as, maigi iemas\u0113t, p\u0113c tam [&#8230;]\n","protected":false},"featured_media":88734,"template":"","meta":[],"product_cat":[1359],"product_tag":[],"class_list":{"0":"post-30937","1":"product","2":"type-product","3":"status-publish","4":"has-post-thumbnail","6":"product_brand-belgates_by","7":"product_cat-kuno-sveitikliai-ir-pilingai","9":"first","10":"outofstock","11":"taxable","12":"shipping-taxable","13":"product-type-simple"},"_links":{"self":[{"href":"https:\/\/e.kosmolat.eu\/lv\/wp-json\/wp\/v2\/product\/30937","targetHints":{"allow":["GET"]}}],"collection":[{"href":"https:\/\/e.kosmolat.eu\/lv\/wp-json\/wp\/v2\/product"}],"about":[{"href":"https:\/\/e.kosmolat.eu\/lv\/wp-json\/wp\/v2\/types\/product"}],"wp:featuredmedia":[{"embeddable":true,"href":"https:\/\/e.kosmolat.eu\/lv\/wp-json\/wp\/v2\/media\/88734"}],"wp:attachment":[{"href":"https:\/\/e.kosmolat.eu\/lv\/wp-json\/wp\/v2\/media?parent=30937"}],"wp:term":[{"taxonomy":"product_cat","embeddable":true,"href":"https:\/\/e.kosmolat.eu\/lv\/wp-json\/wp\/v2\/product_cat?post=30937"},{"taxonomy":"product_tag","embeddable":true,"href":"https:\/\/e.kosmolat.eu\/lv\/wp-json\/wp\/v2\/product_tag?post=30937"}],"curies":[{"name":"wp","href":"https:\/\/api.w.org\/{rel}","templated":true}]}}